{"id":795,"date":"2023-07-20T15:04:12","date_gmt":"2023-07-20T13:04:12","guid":{"rendered":"https:\/\/glab-consulting.at\/?page_id=795"},"modified":"2023-10-18T12:38:59","modified_gmt":"2023-10-18T10:38:59","slug":"fasttrack-workshop-impact","status":"publish","type":"page","link":"https:\/\/glab-consulting.at\/en\/fasttrack-workshop-impact\/","title":{"rendered":"FastTrack-Workshop IMPACT+"},"content":{"rendered":"<div class=\"wp-block-cover\"><span aria-hidden=\"true\" class=\"wp-block-cover__background has-background-dim\"><\/span><img loading=\"lazy\" decoding=\"async\" width=\"2560\" height=\"1601\" class=\"wp-block-cover__image-background wp-image-314\" alt=\"\" src=\"https:\/\/glab-consulting.at\/wp-content\/uploads\/2023\/06\/wes-lewis-zt6OxRORM2g-unsplash-edited-scaled.jpg\" data-object-fit=\"cover\" srcset=\"https:\/\/glab-consulting.at\/wp-content\/uploads\/2023\/06\/wes-lewis-zt6OxRORM2g-unsplash-edited-scaled.jpg 2560w, https:\/\/glab-consulting.at\/wp-content\/uploads\/2023\/06\/wes-lewis-zt6OxRORM2g-unsplash-edited-300x188.jpg 300w, https:\/\/glab-consulting.at\/wp-content\/uploads\/2023\/06\/wes-lewis-zt6OxRORM2g-unsplash-edited-1024x640.jpg 1024w, https:\/\/glab-consulting.at\/wp-content\/uploads\/2023\/06\/wes-lewis-zt6OxRORM2g-unsplash-edited-768x480.jpg 768w, https:\/\/glab-consulting.at\/wp-content\/uploads\/2023\/06\/wes-lewis-zt6OxRORM2g-unsplash-edited-1536x960.jpg 1536w, https:\/\/glab-consulting.at\/wp-content\/uploads\/2023\/06\/wes-lewis-zt6OxRORM2g-unsplash-edited-2048x1280.jpg 2048w\" sizes=\"auto, (max-width: 2560px) 100vw, 2560px\" \/><div class=\"wp-block-cover__inner-container is-layout-flow wp-block-cover-is-layout-flow\">\n<p class=\"has-text-align-center has-large-font-size\"><em><strong><mark style=\"background-color:var(--accent)\" class=\"has-inline-color has-base-2-color\">FastTrack-Workshop<\/mark><\/strong><br><\/em><strong><mark style=\"background-color:var(--accent)\" class=\"has-inline-color has-base-2-color\">IMPACT+<\/mark><\/strong><\/p>\n<\/div><\/div>\n\n\n\n<p><\/p>\n\n\n\n<h1 class=\"wp-block-heading\"><strong>IMPACT+<br><\/strong>Evidence-based management - Increased effectiveness - Sustainable impact<\/h1>\n\n\n\n<h2 class=\"wp-block-heading\">Goal<\/h2>\n\n\n\n<p>After participating in the <strong><em>FastTrack-Workshop <\/em>IMPACT+ <\/strong>the participants have a basic knowledge of how to design an impact-oriented organisation. They are able to establish a impact-oriented control and indicator architecture and systematically assess the impact of their own organisation. They set impact targets, define appropriate measures and manage staff in an impact-oriented way. Participants are able to design monitoring and reporting processes and to draft user-friendly reports. They know the potentials of impact-oriented management in the context of process optimisation, participation and innovation and are able to establish a sustainable impact-oriented organisational culture.<\/p>\n\n\n\n<div class=\"wp-block-columns is-layout-flex wp-container-core-columns-is-layout-9d6595d7 wp-block-columns-is-layout-flex\">\n<div class=\"wp-block-column is-layout-flow wp-block-column-is-layout-flow\">\n<h2 class=\"wp-block-heading\">Focus<\/h2>\n\n\n\n<ol class=\"wp-block-list\">\n<li>Basics of impact management<\/li>\n\n\n\n<li>Impact analysis and impact mapping: Triple-bottom-line of my organisation<\/li>\n\n\n\n<li>Impact management cycle<\/li>\n\n\n\n<li>Designing impact-oriented organisational and budget structures<\/li>\n\n\n\n<li>Strategy to impact goals to the formulation of measures<\/li>\n\n\n\n<li>Identifying and developing relevant indicators<\/li>\n\n\n\n<li>Impact-oriented staff management<\/li>\n\n\n\n<li>Monitoring, evaluation and reporting<\/li>\n\n\n\n<li>Impact management as a basis for process optimisation and innovation<\/li>\n\n\n\n<li>Sustainable anchoring of impact management: people, organisation, technology<\/li>\n<\/ol>\n\n\n\n<h2 class=\"wp-block-heading\">Target Audience<\/h2>\n\n\n\n<p>Founders as well as managers and employees in public and private organisations who are interested or involved in the conception, implementation and further development of impact-oriented management systems.<\/p>\n<\/div>\n\n\n\n<div class=\"wp-block-column is-layout-flow wp-block-column-is-layout-flow\">\n<h2 class=\"wp-block-heading\">Format<\/h2>\n\n\n\n<p>Interactive workshop at your organisation site or in our workshop room for 2-30 people. Also available hybrid and online.<\/p>\n\n\n\n<h2 class=\"wp-block-heading\">Duration<\/h2>\n\n\n\n<p>8 sessions of 90 minutes each in 2 or 4 days.<\/p>\n\n\n\n<h2 class=\"wp-block-heading\">Design<\/h2>\n\n\n\n<p>In order to achieve the best learning outcome and maximise the practical benefit for the participants, different learning formats are used. It is of course possible to adapt the content and methods to the individual requirements of your organisation and your employees.<\/p>\n<\/div>\n<\/div>\n\n\n\n<h2 class=\"wp-block-heading\"><a href=\"https:\/\/glab-consulting.at\/en\/kontakt\/\" target=\"_blank\" rel=\"noreferrer noopener\"><strong>Book your&nbsp;<em>FastTrack-Workshop<\/em> IMPACT+<\/strong><\/a><\/h2>\n\n\n\n<h4 class=\"wp-block-heading\"><strong>Find out about other current <em>FastTrack-Workshops<\/em>:<\/strong><\/h4>\n\n\n\n<div class=\"wp-block-columns are-vertically-aligned-center is-layout-flex wp-container-core-columns-is-layout-9d6595d7 wp-block-columns-is-layout-flex\">\n<div class=\"wp-block-column is-vertically-aligned-center is-layout-flow wp-block-column-is-layout-flow\">\n<figure class=\"wp-block-image size-large\"><a href=\"https:\/\/glab-consulting.at\/en\/fasttrack-workshop-ignite\/\"><img loading=\"lazy\" decoding=\"async\" width=\"1024\" height=\"620\" src=\"https:\/\/glab-consulting.at\/wp-content\/uploads\/2023\/07\/WS-Ignite_EN_Thumb-1.png\" alt=\"\" class=\"wp-image-914\" srcset=\"https:\/\/glab-consulting.at\/wp-content\/uploads\/2023\/07\/WS-Ignite_EN_Thumb-1.png 4088w, https:\/\/glab-consulting.at\/wp-content\/uploads\/2023\/07\/WS-Ignite_EN_Thumb-1-300x182.png 300w, https:\/\/glab-consulting.at\/wp-content\/uploads\/2023\/07\/WS-Ignite_EN_Thumb-1-1024x620.png 1024w, https:\/\/glab-consulting.at\/wp-content\/uploads\/2023\/07\/WS-Ignite_EN_Thumb-1-768x465.png 768w, https:\/\/glab-consulting.at\/wp-content\/uploads\/2023\/07\/WS-Ignite_EN_Thumb-1-1536x930.png 1536w, https:\/\/glab-consulting.at\/wp-content\/uploads\/2023\/07\/WS-Ignite_EN_Thumb-1-2048x1240.png 2048w, https:\/\/glab-consulting.at\/wp-content\/uploads\/2023\/07\/WS-Ignite_EN_Thumb-1-18x12.png 18w\" sizes=\"auto, (max-width: 1024px) 100vw, 1024px\" \/><\/a><\/figure>\n<\/div>\n\n\n\n<div class=\"wp-block-column is-layout-flow wp-block-column-is-layout-flow\">\n<figure class=\"wp-block-image size-large\"><a href=\"https:\/\/glab-consulting.at\/en\/fasttrack-workshop-engage\/\"><img loading=\"lazy\" decoding=\"async\" width=\"1024\" height=\"620\" src=\"https:\/\/glab-consulting.at\/wp-content\/uploads\/2023\/07\/WS-Engage_EN_Thumb-1.png\" alt=\"Klicken Sie hier um mehr \u00fcber den FastTrack-Workshop ENGAGE+ zu erfahren!\" class=\"wp-image-915\" srcset=\"https:\/\/glab-consulting.at\/wp-content\/uploads\/2023\/07\/WS-Engage_EN_Thumb-1.png 4088w, https:\/\/glab-consulting.at\/wp-content\/uploads\/2023\/07\/WS-Engage_EN_Thumb-1-300x182.png 300w, https:\/\/glab-consulting.at\/wp-content\/uploads\/2023\/07\/WS-Engage_EN_Thumb-1-1024x620.png 1024w, https:\/\/glab-consulting.at\/wp-content\/uploads\/2023\/07\/WS-Engage_EN_Thumb-1-768x465.png 768w, https:\/\/glab-consulting.at\/wp-content\/uploads\/2023\/07\/WS-Engage_EN_Thumb-1-1536x930.png 1536w, https:\/\/glab-consulting.at\/wp-content\/uploads\/2023\/07\/WS-Engage_EN_Thumb-1-2048x1240.png 2048w, https:\/\/glab-consulting.at\/wp-content\/uploads\/2023\/07\/WS-Engage_EN_Thumb-1-18x12.png 18w\" sizes=\"auto, (max-width: 1024px) 100vw, 1024px\" \/><\/a><\/figure>\n<\/div>\n\n\n\n<div class=\"wp-block-column is-vertically-aligned-center is-layout-flow wp-block-column-is-layout-flow\">\n<figure class=\"wp-block-image size-large\"><a href=\"https:\/\/glab-consulting.at\/en\/fasttrack-workshop-trust\/\"><img loading=\"lazy\" decoding=\"async\" width=\"1024\" height=\"620\" src=\"https:\/\/glab-consulting.at\/wp-content\/uploads\/2023\/10\/WS-Trust_DE_EN_Thumb-2-1024x620.png\" alt=\"Klicken Sie hier um mehr \u00fcber den FastTrack-Workshop TRUST+ zu erfahren!\" class=\"wp-image-1011\" srcset=\"https:\/\/glab-consulting.at\/wp-content\/uploads\/2023\/10\/WS-Trust_DE_EN_Thumb-2-1024x620.png 1024w, https:\/\/glab-consulting.at\/wp-content\/uploads\/2023\/10\/WS-Trust_DE_EN_Thumb-2-300x182.png 300w, https:\/\/glab-consulting.at\/wp-content\/uploads\/2023\/10\/WS-Trust_DE_EN_Thumb-2-768x465.png 768w, https:\/\/glab-consulting.at\/wp-content\/uploads\/2023\/10\/WS-Trust_DE_EN_Thumb-2-1536x930.png 1536w, https:\/\/glab-consulting.at\/wp-content\/uploads\/2023\/10\/WS-Trust_DE_EN_Thumb-2-2048x1240.png 2048w, https:\/\/glab-consulting.at\/wp-content\/uploads\/2023\/10\/WS-Trust_DE_EN_Thumb-2-18x12.png 18w\" sizes=\"auto, (max-width: 1024px) 100vw, 1024px\" \/><\/a><\/figure>\n<\/div>\n<\/div>","protected":false},"excerpt":{"rendered":"<p>IMPACT+Ziele evidenzbasiert verfolgen &#8211; Effektivit\u00e4t steigern &#8211; Wirkung entfalten Ziel Nach der Teilnahme am FastTrack-Workshop IMPACT+ verf\u00fcgen die Teilnehmenden \u00fcber grundlegende Kenntnisse zur Gestaltung einer wirkungsorientierten Organisation. Sie sind in der Lage eine strategieorientierte Steuerungs- und Kennzahlenarchitektur zu etablieren und die Wirkungen der eigenen Organisation systematisch abzusch\u00e4tzen. Dabei setzen sie Wirkungsziele, definieren geeignete Ma\u00dfnahmen und &#8230; <a title=\"FastTrack-Workshop IMPACT+\" class=\"read-more\" href=\"https:\/\/glab-consulting.at\/en\/fasttrack-workshop-impact\/\" aria-label=\"Read more about FastTrack-Workshop IMPACT+\">Read more<\/a><\/p>","protected":false},"author":1,"featured_media":0,"parent":0,"menu_order":0,"comment_status":"closed","ping_status":"closed","template":"","meta":{"_monsterinsights_skip_tracking":false,"_monsterinsights_sitenote_active":false,"_monsterinsights_sitenote_note":"","_monsterinsights_sitenote_category":0,"footnotes":""},"class_list":["post-795","page","type-page","status-publish"],"yoast_head":"<!-- This site is optimized with the Yoast SEO plugin v26.9 - https:\/\/yoast.com\/product\/yoast-seo-wordpress\/ -->\n<title>FastTrack-Workshop IMPACT+ - gLAB - Public Sector Partner<\/title>\n<meta name=\"description\" content=\"Der FastTrack-Workshop IMPACT+ vermittelt den Teilnehmenden grundlegende Kenntnisse zur Gestaltung einer wirkungsorientierten Organisation.\" \/>\n<meta name=\"robots\" content=\"index, follow, max-snippet:-1, max-image-preview:large, max-video-preview:-1\" \/>\n<link rel=\"canonical\" href=\"https:\/\/glab-consulting.at\/en\/fasttrack-workshop-impact\/\" \/>\n<meta property=\"og:locale\" content=\"en_GB\" \/>\n<meta property=\"og:type\" content=\"article\" \/>\n<meta property=\"og:title\" content=\"FastTrack-Workshop IMPACT+ - gLAB - Public Sector Partner\" \/>\n<meta property=\"og:description\" content=\"Der FastTrack-Workshop IMPACT+ vermittelt den Teilnehmenden grundlegende Kenntnisse zur Gestaltung einer wirkungsorientierten Organisation.\" \/>\n<meta property=\"og:url\" content=\"https:\/\/glab-consulting.at\/en\/fasttrack-workshop-impact\/\" \/>\n<meta property=\"og:site_name\" content=\"gLAB - Public Sector Partner\" \/>\n<meta property=\"article:modified_time\" content=\"2023-10-18T10:38:59+00:00\" \/>\n<meta property=\"og:image\" content=\"https:\/\/glab-consulting.at\/wp-content\/uploads\/2023\/06\/wes-lewis-zt6OxRORM2g-unsplash-edited-scaled.jpg\" \/>\n<meta name=\"twitter:card\" content=\"summary_large_image\" \/>\n<meta name=\"twitter:label1\" content=\"Estimated reading time\" \/>\n\t<meta name=\"twitter:data1\" content=\"3 minutes\" \/>\n<script type=\"application\/ld+json\" class=\"yoast-schema-graph\">{\"@context\":\"https:\/\/schema.org\",\"@graph\":[{\"@type\":\"WebPage\",\"@id\":\"https:\/\/glab-consulting.at\/fasttrack-workshop-impact\/\",\"url\":\"https:\/\/glab-consulting.at\/fasttrack-workshop-impact\/\",\"name\":\"FastTrack-Workshop IMPACT+ - gLAB - Public Sector Partner\",\"isPartOf\":{\"@id\":\"https:\/\/glab-consulting.at\/#website\"},\"primaryImageOfPage\":{\"@id\":\"https:\/\/glab-consulting.at\/fasttrack-workshop-impact\/#primaryimage\"},\"image\":{\"@id\":\"https:\/\/glab-consulting.at\/fasttrack-workshop-impact\/#primaryimage\"},\"thumbnailUrl\":\"https:\/\/glab-consulting.at\/wp-content\/uploads\/2023\/06\/wes-lewis-zt6OxRORM2g-unsplash-edited-scaled.jpg\",\"datePublished\":\"2023-07-20T13:04:12+00:00\",\"dateModified\":\"2023-10-18T10:38:59+00:00\",\"description\":\"Der FastTrack-Workshop IMPACT+ vermittelt den Teilnehmenden grundlegende Kenntnisse zur Gestaltung einer wirkungsorientierten Organisation.\",\"breadcrumb\":{\"@id\":\"https:\/\/glab-consulting.at\/fasttrack-workshop-impact\/#breadcrumb\"},\"inLanguage\":\"en-GB\",\"potentialAction\":[{\"@type\":\"ReadAction\",\"target\":[\"https:\/\/glab-consulting.at\/fasttrack-workshop-impact\/\"]}]},{\"@type\":\"ImageObject\",\"inLanguage\":\"en-GB\",\"@id\":\"https:\/\/glab-consulting.at\/fasttrack-workshop-impact\/#primaryimage\",\"url\":\"https:\/\/glab-consulting.at\/wp-content\/uploads\/2023\/06\/wes-lewis-zt6OxRORM2g-unsplash-edited-scaled.jpg\",\"contentUrl\":\"https:\/\/glab-consulting.at\/wp-content\/uploads\/2023\/06\/wes-lewis-zt6OxRORM2g-unsplash-edited-scaled.jpg\"},{\"@type\":\"BreadcrumbList\",\"@id\":\"https:\/\/glab-consulting.at\/fasttrack-workshop-impact\/#breadcrumb\",\"itemListElement\":[{\"@type\":\"ListItem\",\"position\":1,\"name\":\"Startseite\",\"item\":\"https:\/\/glab-consulting.at\/\"},{\"@type\":\"ListItem\",\"position\":2,\"name\":\"FastTrack-Workshop IMPACT+\"}]},{\"@type\":\"WebSite\",\"@id\":\"https:\/\/glab-consulting.at\/#website\",\"url\":\"https:\/\/glab-consulting.at\/\",\"name\":\"gLAB - Public Sector Partner\",\"description\":\"\",\"potentialAction\":[{\"@type\":\"SearchAction\",\"target\":{\"@type\":\"EntryPoint\",\"urlTemplate\":\"https:\/\/glab-consulting.at\/?s={search_term_string}\"},\"query-input\":{\"@type\":\"PropertyValueSpecification\",\"valueRequired\":true,\"valueName\":\"search_term_string\"}}],\"inLanguage\":\"en-GB\"}]}<\/script>\n<!-- \/ Yoast SEO plugin. -->","yoast_head_json":{"title":"FastTrack-Workshop IMPACT+ - gLAB - Public Sector Partner","description":"Der FastTrack-Workshop IMPACT+ vermittelt den Teilnehmenden grundlegende Kenntnisse zur Gestaltung einer wirkungsorientierten Organisation.","robots":{"index":"index","follow":"follow","max-snippet":"max-snippet:-1","max-image-preview":"max-image-preview:large","max-video-preview":"max-video-preview:-1"},"canonical":"https:\/\/glab-consulting.at\/en\/fasttrack-workshop-impact\/","og_locale":"en_GB","og_type":"article","og_title":"FastTrack-Workshop IMPACT+ - gLAB - Public Sector Partner","og_description":"Der FastTrack-Workshop IMPACT+ vermittelt den Teilnehmenden grundlegende Kenntnisse zur Gestaltung einer wirkungsorientierten Organisation.","og_url":"https:\/\/glab-consulting.at\/en\/fasttrack-workshop-impact\/","og_site_name":"gLAB - Public Sector Partner","article_modified_time":"2023-10-18T10:38:59+00:00","og_image":[{"url":"https:\/\/glab-consulting.at\/wp-content\/uploads\/2023\/06\/wes-lewis-zt6OxRORM2g-unsplash-edited-scaled.jpg","type":"","width":"","height":""}],"twitter_card":"summary_large_image","twitter_misc":{"Estimated reading time":"3 minutes"},"schema":{"@context":"https:\/\/schema.org","@graph":[{"@type":"WebPage","@id":"https:\/\/glab-consulting.at\/fasttrack-workshop-impact\/","url":"https:\/\/glab-consulting.at\/fasttrack-workshop-impact\/","name":"FastTrack-Workshop IMPACT+ - gLAB - Public Sector Partner","isPartOf":{"@id":"https:\/\/glab-consulting.at\/#website"},"primaryImageOfPage":{"@id":"https:\/\/glab-consulting.at\/fasttrack-workshop-impact\/#primaryimage"},"image":{"@id":"https:\/\/glab-consulting.at\/fasttrack-workshop-impact\/#primaryimage"},"thumbnailUrl":"https:\/\/glab-consulting.at\/wp-content\/uploads\/2023\/06\/wes-lewis-zt6OxRORM2g-unsplash-edited-scaled.jpg","datePublished":"2023-07-20T13:04:12+00:00","dateModified":"2023-10-18T10:38:59+00:00","description":"Der FastTrack-Workshop IMPACT+ vermittelt den Teilnehmenden grundlegende Kenntnisse zur Gestaltung einer wirkungsorientierten Organisation.","breadcrumb":{"@id":"https:\/\/glab-consulting.at\/fasttrack-workshop-impact\/#breadcrumb"},"inLanguage":"en-GB","potentialAction":[{"@type":"ReadAction","target":["https:\/\/glab-consulting.at\/fasttrack-workshop-impact\/"]}]},{"@type":"ImageObject","inLanguage":"en-GB","@id":"https:\/\/glab-consulting.at\/fasttrack-workshop-impact\/#primaryimage","url":"https:\/\/glab-consulting.at\/wp-content\/uploads\/2023\/06\/wes-lewis-zt6OxRORM2g-unsplash-edited-scaled.jpg","contentUrl":"https:\/\/glab-consulting.at\/wp-content\/uploads\/2023\/06\/wes-lewis-zt6OxRORM2g-unsplash-edited-scaled.jpg"},{"@type":"BreadcrumbList","@id":"https:\/\/glab-consulting.at\/fasttrack-workshop-impact\/#breadcrumb","itemListElement":[{"@type":"ListItem","position":1,"name":"Startseite","item":"https:\/\/glab-consulting.at\/"},{"@type":"ListItem","position":2,"name":"FastTrack-Workshop IMPACT+"}]},{"@type":"WebSite","@id":"https:\/\/glab-consulting.at\/#website","url":"https:\/\/glab-consulting.at\/","name":"gLAB - Public Sector Partner","description":"","potentialAction":[{"@type":"SearchAction","target":{"@type":"EntryPoint","urlTemplate":"https:\/\/glab-consulting.at\/?s={search_term_string}"},"query-input":{"@type":"PropertyValueSpecification","valueRequired":true,"valueName":"search_term_string"}}],"inLanguage":"en-GB"}]}},"_links":{"self":[{"href":"https:\/\/glab-consulting.at\/en\/wp-json\/wp\/v2\/pages\/795","targetHints":{"allow":["GET"]}}],"collection":[{"href":"https:\/\/glab-consulting.at\/en\/wp-json\/wp\/v2\/pages"}],"about":[{"href":"https:\/\/glab-consulting.at\/en\/wp-json\/wp\/v2\/types\/page"}],"author":[{"embeddable":true,"href":"https:\/\/glab-consulting.at\/en\/wp-json\/wp\/v2\/users\/1"}],"replies":[{"embeddable":true,"href":"https:\/\/glab-consulting.at\/en\/wp-json\/wp\/v2\/comments?post=795"}],"version-history":[{"count":33,"href":"https:\/\/glab-consulting.at\/en\/wp-json\/wp\/v2\/pages\/795\/revisions"}],"predecessor-version":[{"id":1041,"href":"https:\/\/glab-consulting.at\/en\/wp-json\/wp\/v2\/pages\/795\/revisions\/1041"}],"wp:attachment":[{"href":"https:\/\/glab-consulting.at\/en\/wp-json\/wp\/v2\/media?parent=795"}],"curies":[{"name":"wp","href":"https:\/\/api.w.org\/{rel}","templated":true}]}}