{"id":244,"date":"2023-06-23T22:57:48","date_gmt":"2023-06-23T20:57:48","guid":{"rendered":"https:\/\/glab-consulting.at\/?page_id=244"},"modified":"2023-10-18T12:40:33","modified_gmt":"2023-10-18T10:40:33","slug":"seminare","status":"publish","type":"page","link":"https:\/\/glab-consulting.at\/en\/seminare\/","title":{"rendered":"Kompetenzen &#038; Seminare"},"content":{"rendered":"<div class=\"wp-block-cover\"><span aria-hidden=\"true\" class=\"wp-block-cover__background has-background-dim\"><\/span><img loading=\"lazy\" decoding=\"async\" width=\"2560\" height=\"1601\" class=\"wp-block-cover__image-background wp-image-314\" alt=\"\" src=\"https:\/\/glab-consulting.at\/wp-content\/uploads\/2023\/06\/wes-lewis-zt6OxRORM2g-unsplash-edited-scaled.jpg\" data-object-fit=\"cover\" srcset=\"https:\/\/glab-consulting.at\/wp-content\/uploads\/2023\/06\/wes-lewis-zt6OxRORM2g-unsplash-edited-scaled.jpg 2560w, https:\/\/glab-consulting.at\/wp-content\/uploads\/2023\/06\/wes-lewis-zt6OxRORM2g-unsplash-edited-300x188.jpg 300w, https:\/\/glab-consulting.at\/wp-content\/uploads\/2023\/06\/wes-lewis-zt6OxRORM2g-unsplash-edited-1024x640.jpg 1024w, https:\/\/glab-consulting.at\/wp-content\/uploads\/2023\/06\/wes-lewis-zt6OxRORM2g-unsplash-edited-768x480.jpg 768w, https:\/\/glab-consulting.at\/wp-content\/uploads\/2023\/06\/wes-lewis-zt6OxRORM2g-unsplash-edited-1536x960.jpg 1536w, https:\/\/glab-consulting.at\/wp-content\/uploads\/2023\/06\/wes-lewis-zt6OxRORM2g-unsplash-edited-2048x1280.jpg 2048w\" sizes=\"auto, (max-width: 2560px) 100vw, 2560px\" \/><div class=\"wp-block-cover__inner-container is-layout-flow wp-block-cover-is-layout-flow\">\n<p class=\"has-text-align-center has-large-font-size\"><strong><mark style=\"background-color:var(--accent)\" class=\"has-inline-color has-base-2-color\">COMPETENCIES<\/mark><\/strong><br><strong><mark style=\"background-color:var(--accent)\" class=\"has-inline-color has-base-2-color\">SEMINARS<\/mark><\/strong><\/p>\n<\/div><\/div>\n\n\n\n<p><\/p>\n\n\n\n<h1 class=\"wp-block-heading\">Develop expertise and inspire people<\/h1>\n\n\n\n<p>Developing and nurturing the competencies of staff at all levels is critical to the success of any organisation. Competence development lays the foundation for innovation and change, participation and transparency. It enables organisations to have a positive impact on society and the environment, to strengthen employee participation and to master the digital transformation. By developing relevant competences, organisations are better positioned to work effectively and remain competitive. This enables them to meet changing demands and successfully achieve their goals.<\/p>\n\n\n\n<h2 class=\"wp-block-heading\"><mark style=\"background-color:var(--accent)\" class=\"has-inline-color has-base-3-color\">As an experienced speaker and lecturer, I support organisations in the competence development of their staff in the areas of public management, impact management, participation and innovation, and I am available to them as an inspiring speaker.<\/mark><\/h2>\n\n\n\n<p>My goal is to provide participants in my workshops and seminars with practical tools and strategies to support them in their professional development and to move their organisations forward successfully. My tailor-made events are designed to promote and expand the competencies of employees in a targeted manner. By providing in-depth knowledge, practical methods and good practices, I support organisations in developing and strengthening their staff in the relevant fields.<br>I work closely with my clients to develop tailor-made training concepts, taking into account individual needs and objectives. In doing so, I use tested methods. These include case studies, simulations, group work, discussions and practical exercises to ensure that the acquired knowledge is put into practice. <\/p>\n\n\n\n<div class=\"wp-block-columns is-layout-flex wp-container-core-columns-is-layout-9d6595d7 wp-block-columns-is-layout-flex\">\n<div class=\"wp-block-column is-layout-flow wp-block-column-is-layout-flow\">\n<h4 class=\"wp-block-heading\"><a href=\"https:\/\/glab-consulting.at\/en\/kontakt\/\" target=\"_blank\" rel=\"noreferrer noopener\"><strong>Contact me today<\/strong><\/a> to learn more about how I can support you and your organisation in the area of competence development. Together we can create a sustainable and successful organisation and a motivated workforce!<\/h4>\n<\/div>\n\n\n\n<div class=\"wp-block-column is-layout-flow wp-block-column-is-layout-flow\">\n<h4 class=\"wp-block-heading\"><\/h4>\n<\/div>\n<\/div>\n\n\n\n<h1 class=\"wp-block-heading\"><em>FastTrack-Workshops<\/em><\/h1>\n\n\n\n<p><em>FastTrack-Workshops<\/em> are compact interactive trainings that convey and make applicable a specific field of knowledge or competence in a short time. These workshops are designed to quickly present relevant information and provide participants with concrete skills and knowledge in a short time. Due to their efficiency and focus, <em>FastTrack-Workshops<\/em> are ideal for people who want to achieve targeted learning progress with concrete practical benefits in a short period of time.<\/p>\n\n\n\n<div class=\"wp-block-columns is-layout-flex wp-container-core-columns-is-layout-9d6595d7 wp-block-columns-is-layout-flex\">\n<div class=\"wp-block-column is-layout-flow wp-block-column-is-layout-flow\">\n<figure class=\"wp-block-image size-large\"><a href=\"https:\/\/glab-consulting.at\/en\/fasttrack-workshop-impact\/\"><img loading=\"lazy\" decoding=\"async\" width=\"1024\" height=\"620\" src=\"https:\/\/glab-consulting.at\/wp-content\/uploads\/2023\/07\/WS-Impact_EN_Thumb-1.png\" alt=\"Klicken Sie hier um mehr \u00fcber den FastTrack-Workshop IMPACT+ zu erfahren!\" class=\"wp-image-828\" srcset=\"https:\/\/glab-consulting.at\/wp-content\/uploads\/2023\/07\/WS-Impact_EN_Thumb-1.png 4088w, https:\/\/glab-consulting.at\/wp-content\/uploads\/2023\/07\/WS-Impact_EN_Thumb-1-300x182.png 300w, https:\/\/glab-consulting.at\/wp-content\/uploads\/2023\/07\/WS-Impact_EN_Thumb-1-1024x620.png 1024w, https:\/\/glab-consulting.at\/wp-content\/uploads\/2023\/07\/WS-Impact_EN_Thumb-1-768x465.png 768w, https:\/\/glab-consulting.at\/wp-content\/uploads\/2023\/07\/WS-Impact_EN_Thumb-1-1536x930.png 1536w, https:\/\/glab-consulting.at\/wp-content\/uploads\/2023\/07\/WS-Impact_EN_Thumb-1-2048x1240.png 2048w, https:\/\/glab-consulting.at\/wp-content\/uploads\/2023\/07\/WS-Impact_EN_Thumb-1-18x12.png 18w\" sizes=\"auto, (max-width: 1024px) 100vw, 1024px\" \/><\/a><\/figure>\n<\/div>\n\n\n\n<div class=\"wp-block-column is-layout-flow wp-block-column-is-layout-flow\">\n<figure class=\"wp-block-image size-large\"><a href=\"https:\/\/glab-consulting.at\/en\/fasttrack-workshop-ignite\/\"><img loading=\"lazy\" decoding=\"async\" width=\"1024\" height=\"620\" src=\"https:\/\/glab-consulting.at\/wp-content\/uploads\/2023\/07\/WS-Ignite_EN_Thumb-1.png\" alt=\"Klicken Sie hier um mehr \u00fcber den FastTrack-Workshop IGNITE+ zu erfahren!\" class=\"wp-image-914\" srcset=\"https:\/\/glab-consulting.at\/wp-content\/uploads\/2023\/07\/WS-Ignite_EN_Thumb-1.png 4088w, https:\/\/glab-consulting.at\/wp-content\/uploads\/2023\/07\/WS-Ignite_EN_Thumb-1-300x182.png 300w, https:\/\/glab-consulting.at\/wp-content\/uploads\/2023\/07\/WS-Ignite_EN_Thumb-1-1024x620.png 1024w, https:\/\/glab-consulting.at\/wp-content\/uploads\/2023\/07\/WS-Ignite_EN_Thumb-1-768x465.png 768w, https:\/\/glab-consulting.at\/wp-content\/uploads\/2023\/07\/WS-Ignite_EN_Thumb-1-1536x930.png 1536w, https:\/\/glab-consulting.at\/wp-content\/uploads\/2023\/07\/WS-Ignite_EN_Thumb-1-2048x1240.png 2048w, https:\/\/glab-consulting.at\/wp-content\/uploads\/2023\/07\/WS-Ignite_EN_Thumb-1-18x12.png 18w\" sizes=\"auto, (max-width: 1024px) 100vw, 1024px\" \/><\/a><\/figure>\n<\/div>\n<\/div>\n\n\n\n<div class=\"wp-block-columns is-layout-flex wp-container-core-columns-is-layout-9d6595d7 wp-block-columns-is-layout-flex\">\n<div class=\"wp-block-column is-layout-flow wp-block-column-is-layout-flow\">\n<figure class=\"wp-block-image size-large\"><a href=\"https:\/\/glab-consulting.at\/en\/fasttrack-workshop-engage\/\"><img loading=\"lazy\" decoding=\"async\" width=\"1024\" height=\"620\" src=\"https:\/\/glab-consulting.at\/wp-content\/uploads\/2023\/07\/WS-Engage_EN_Thumb-1.png\" alt=\"Klicken Sie hier um mehr \u00fcber den FastTrack-Workshop ENGAGE+ zu erfahren!\" class=\"wp-image-915\" srcset=\"https:\/\/glab-consulting.at\/wp-content\/uploads\/2023\/07\/WS-Engage_EN_Thumb-1.png 4088w, https:\/\/glab-consulting.at\/wp-content\/uploads\/2023\/07\/WS-Engage_EN_Thumb-1-300x182.png 300w, https:\/\/glab-consulting.at\/wp-content\/uploads\/2023\/07\/WS-Engage_EN_Thumb-1-1024x620.png 1024w, https:\/\/glab-consulting.at\/wp-content\/uploads\/2023\/07\/WS-Engage_EN_Thumb-1-768x465.png 768w, https:\/\/glab-consulting.at\/wp-content\/uploads\/2023\/07\/WS-Engage_EN_Thumb-1-1536x930.png 1536w, https:\/\/glab-consulting.at\/wp-content\/uploads\/2023\/07\/WS-Engage_EN_Thumb-1-2048x1240.png 2048w, https:\/\/glab-consulting.at\/wp-content\/uploads\/2023\/07\/WS-Engage_EN_Thumb-1-18x12.png 18w\" sizes=\"auto, (max-width: 1024px) 100vw, 1024px\" \/><\/a><\/figure>\n<\/div>\n\n\n\n<div class=\"wp-block-column is-layout-flow wp-block-column-is-layout-flow\">\n<figure class=\"wp-block-image size-large\"><a href=\"https:\/\/glab-consulting.at\/en\/fasttrack-workshop-trust\/\"><img loading=\"lazy\" decoding=\"async\" width=\"1024\" height=\"620\" src=\"https:\/\/glab-consulting.at\/wp-content\/uploads\/2023\/10\/WS-Trust_DE_EN_Thumb-2-1024x620.png\" alt=\"Klicken Sie hier um mehr \u00fcber den FastTrack-Workshop TRUST+ zu erfahren!\" class=\"wp-image-1011\" srcset=\"https:\/\/glab-consulting.at\/wp-content\/uploads\/2023\/10\/WS-Trust_DE_EN_Thumb-2-1024x620.png 1024w, https:\/\/glab-consulting.at\/wp-content\/uploads\/2023\/10\/WS-Trust_DE_EN_Thumb-2-300x182.png 300w, https:\/\/glab-consulting.at\/wp-content\/uploads\/2023\/10\/WS-Trust_DE_EN_Thumb-2-768x465.png 768w, https:\/\/glab-consulting.at\/wp-content\/uploads\/2023\/10\/WS-Trust_DE_EN_Thumb-2-1536x930.png 1536w, https:\/\/glab-consulting.at\/wp-content\/uploads\/2023\/10\/WS-Trust_DE_EN_Thumb-2-2048x1240.png 2048w, https:\/\/glab-consulting.at\/wp-content\/uploads\/2023\/10\/WS-Trust_DE_EN_Thumb-2-18x12.png 18w\" sizes=\"auto, (max-width: 1024px) 100vw, 1024px\" \/><\/a><\/figure>\n<\/div>\n<\/div>\n\n\n\n<div class=\"wp-block-columns are-vertically-aligned-top is-layout-flex wp-container-core-columns-is-layout-9d6595d7 wp-block-columns-is-layout-flex\">\n<div class=\"wp-block-column is-vertically-aligned-center is-layout-flow wp-block-column-is-layout-flow\">\n<h2 class=\"wp-block-heading has-text-align-center\"><mark style=\"background-color:rgba(0, 0, 0, 0)\" class=\"has-inline-color has-accent-color\"><strong>Your benefits<\/strong><\/mark><\/h2>\n<\/div>\n\n\n\n<div class=\"wp-block-column is-vertically-aligned-center is-layout-flow wp-block-column-is-layout-flow\">\n<p><strong>Compact: <\/strong>6-8 Sessions, 90 minutes each (2-4 Days)<br><strong>Scalable: <\/strong>2 to 30 participants<br><strong>Location independent: <\/strong>Presence\/Online\/Hybrid<br><strong>International: <\/strong>English\/German<br><strong>Immediately available: <\/strong>Carried out at short notice<br><strong>Flexible: <\/strong>Individual adaptation of content<\/p>\n<\/div>\n\n\n\n<div class=\"wp-block-column is-vertically-aligned-center is-layout-flow wp-block-column-is-layout-flow\">\n<h4 class=\"wp-block-heading\"><strong><a href=\"https:\/\/glab-consulting.at\/en\/kontakt\/\" target=\"_blank\" rel=\"noreferrer noopener\">Book your <em>FastTrack-Workshop<\/em>!<\/a><\/strong><\/h4>\n<\/div>\n<\/div>\n\n\n\n<div class=\"wp-block-columns are-vertically-aligned-top is-layout-flex wp-container-core-columns-is-layout-9d6595d7 wp-block-columns-is-layout-flex\">\n<div class=\"wp-block-column is-vertically-aligned-top is-layout-flow wp-block-column-is-layout-flow\">\n<figure class=\"wp-block-image size-full\"><img loading=\"lazy\" decoding=\"async\" width=\"1024\" height=\"640\" src=\"https:\/\/glab-consulting.at\/wp-content\/uploads\/2023\/06\/a.gruenwald_teaching_a_small_group_of_students_at_mit._bright._6d0989fc-2e6e-4bc9-ba13-195f128fe481-1-edited.png\" alt=\"Seminar\" class=\"wp-image-285\" srcset=\"https:\/\/glab-consulting.at\/wp-content\/uploads\/2023\/06\/a.gruenwald_teaching_a_small_group_of_students_at_mit._bright._6d0989fc-2e6e-4bc9-ba13-195f128fe481-1-edited.png 1024w, https:\/\/glab-consulting.at\/wp-content\/uploads\/2023\/06\/a.gruenwald_teaching_a_small_group_of_students_at_mit._bright._6d0989fc-2e6e-4bc9-ba13-195f128fe481-1-edited-300x188.png 300w, https:\/\/glab-consulting.at\/wp-content\/uploads\/2023\/06\/a.gruenwald_teaching_a_small_group_of_students_at_mit._bright._6d0989fc-2e6e-4bc9-ba13-195f128fe481-1-edited-768x480.png 768w\" sizes=\"auto, (max-width: 1024px) 100vw, 1024px\" \/><\/figure>\n<\/div>\n\n\n\n<div class=\"wp-block-column is-vertically-aligned-top is-layout-flow wp-block-column-is-layout-flow\">\n<figure class=\"wp-block-image size-full\"><img loading=\"lazy\" decoding=\"async\" width=\"1024\" height=\"640\" src=\"https:\/\/glab-consulting.at\/wp-content\/uploads\/2023\/06\/a.gruenwald_holding_a_lecture_at_european_forum_alpbach_3c67dd18-cc94-45b1-9766-b76c06dbf56f-edited.png\" alt=\"Konferenz-Keynote\" class=\"wp-image-279\" srcset=\"https:\/\/glab-consulting.at\/wp-content\/uploads\/2023\/06\/a.gruenwald_holding_a_lecture_at_european_forum_alpbach_3c67dd18-cc94-45b1-9766-b76c06dbf56f-edited.png 1024w, https:\/\/glab-consulting.at\/wp-content\/uploads\/2023\/06\/a.gruenwald_holding_a_lecture_at_european_forum_alpbach_3c67dd18-cc94-45b1-9766-b76c06dbf56f-edited-300x188.png 300w, https:\/\/glab-consulting.at\/wp-content\/uploads\/2023\/06\/a.gruenwald_holding_a_lecture_at_european_forum_alpbach_3c67dd18-cc94-45b1-9766-b76c06dbf56f-edited-768x480.png 768w\" sizes=\"auto, (max-width: 1024px) 100vw, 1024px\" \/><\/figure>\n<\/div>\n<\/div>","protected":false},"excerpt":{"rendered":"<p>Expertise entwickeln und Menschen begeistern Die Entwicklung und Pflege der Kompetenzen von Mitarbeiter:innen aller Ebenen ist f\u00fcr den Erfolg jeder Organisation von entscheidender Bedeutung. Kompetenzentwicklung schafft die Grundlage f\u00fcr Innovation und Change, Partizipation und Transparenz. Sie erm\u00f6glicht es, positive Auswirkungen auf Gesellschaft und Umwelt zu erzielen, Mitarbeiter:innenbeteiligung zu st\u00e4rken und die digitale Transformation zu meistern. &#8230; <a title=\"Kompetenzen &#038; Seminare\" class=\"read-more\" href=\"https:\/\/glab-consulting.at\/en\/seminare\/\" aria-label=\"Read more about Kompetenzen &#038; Seminare\">Read more<\/a><\/p>","protected":false},"author":1,"featured_media":0,"parent":0,"menu_order":0,"comment_status":"closed","ping_status":"closed","template":"","meta":{"_monsterinsights_skip_tracking":false,"_monsterinsights_sitenote_active":false,"_monsterinsights_sitenote_note":"","_monsterinsights_sitenote_category":0,"footnotes":""},"class_list":["post-244","page","type-page","status-publish"],"yoast_head":"<!-- This site is optimized with the Yoast SEO plugin v26.9 - https:\/\/yoast.com\/product\/yoast-seo-wordpress\/ -->\n<title>gLAB - Public Sector Partner - Kompetenzen &amp; Seminare<\/title>\n<meta name=\"description\" content=\"Ich unterst\u00fctze Organisationen bei der Kompetenzentwicklung in den Bereichen Wirkungssteuerung, Partizipation, Innovation und Open Government\" \/>\n<meta name=\"robots\" content=\"index, follow, max-snippet:-1, max-image-preview:large, max-video-preview:-1\" \/>\n<link rel=\"canonical\" href=\"https:\/\/glab-consulting.at\/en\/seminare\/\" \/>\n<meta property=\"og:locale\" content=\"en_GB\" \/>\n<meta property=\"og:type\" content=\"article\" \/>\n<meta property=\"og:title\" content=\"gLAB - Public Sector Partner - Kompetenzen &amp; Seminare\" \/>\n<meta property=\"og:description\" content=\"Ich unterst\u00fctze Organisationen bei der Kompetenzentwicklung in den Bereichen Wirkungssteuerung, Partizipation, Innovation und Open Government\" \/>\n<meta property=\"og:url\" content=\"https:\/\/glab-consulting.at\/en\/seminare\/\" \/>\n<meta property=\"og:site_name\" content=\"gLAB - Public Sector Partner\" \/>\n<meta property=\"article:modified_time\" content=\"2023-10-18T10:40:33+00:00\" \/>\n<meta property=\"og:image\" content=\"https:\/\/glab-consulting.at\/wp-content\/uploads\/2023\/06\/wes-lewis-zt6OxRORM2g-unsplash-edited-scaled.jpg\" \/>\n<meta name=\"twitter:card\" content=\"summary_large_image\" \/>\n<meta name=\"twitter:label1\" content=\"Estimated reading time\" \/>\n\t<meta name=\"twitter:data1\" content=\"4 minutes\" \/>\n<script type=\"application\/ld+json\" class=\"yoast-schema-graph\">{\"@context\":\"https:\/\/schema.org\",\"@graph\":[{\"@type\":\"WebPage\",\"@id\":\"https:\/\/glab-consulting.at\/seminare\/\",\"url\":\"https:\/\/glab-consulting.at\/seminare\/\",\"name\":\"gLAB - Public Sector Partner - Kompetenzen & Seminare\",\"isPartOf\":{\"@id\":\"https:\/\/glab-consulting.at\/#website\"},\"primaryImageOfPage\":{\"@id\":\"https:\/\/glab-consulting.at\/seminare\/#primaryimage\"},\"image\":{\"@id\":\"https:\/\/glab-consulting.at\/seminare\/#primaryimage\"},\"thumbnailUrl\":\"https:\/\/glab-consulting.at\/wp-content\/uploads\/2023\/06\/wes-lewis-zt6OxRORM2g-unsplash-edited-scaled.jpg\",\"datePublished\":\"2023-06-23T20:57:48+00:00\",\"dateModified\":\"2023-10-18T10:40:33+00:00\",\"description\":\"Ich unterst\u00fctze Organisationen bei der Kompetenzentwicklung in den Bereichen Wirkungssteuerung, Partizipation, Innovation und Open Government\",\"breadcrumb\":{\"@id\":\"https:\/\/glab-consulting.at\/seminare\/#breadcrumb\"},\"inLanguage\":\"en-GB\",\"potentialAction\":[{\"@type\":\"ReadAction\",\"target\":[\"https:\/\/glab-consulting.at\/seminare\/\"]}]},{\"@type\":\"ImageObject\",\"inLanguage\":\"en-GB\",\"@id\":\"https:\/\/glab-consulting.at\/seminare\/#primaryimage\",\"url\":\"https:\/\/glab-consulting.at\/wp-content\/uploads\/2023\/06\/wes-lewis-zt6OxRORM2g-unsplash-edited-scaled.jpg\",\"contentUrl\":\"https:\/\/glab-consulting.at\/wp-content\/uploads\/2023\/06\/wes-lewis-zt6OxRORM2g-unsplash-edited-scaled.jpg\"},{\"@type\":\"BreadcrumbList\",\"@id\":\"https:\/\/glab-consulting.at\/seminare\/#breadcrumb\",\"itemListElement\":[{\"@type\":\"ListItem\",\"position\":1,\"name\":\"Startseite\",\"item\":\"https:\/\/glab-consulting.at\/\"},{\"@type\":\"ListItem\",\"position\":2,\"name\":\"Kompetenzen &#038; Seminare\"}]},{\"@type\":\"WebSite\",\"@id\":\"https:\/\/glab-consulting.at\/#website\",\"url\":\"https:\/\/glab-consulting.at\/\",\"name\":\"gLAB - Public Sector Partner\",\"description\":\"\",\"potentialAction\":[{\"@type\":\"SearchAction\",\"target\":{\"@type\":\"EntryPoint\",\"urlTemplate\":\"https:\/\/glab-consulting.at\/?s={search_term_string}\"},\"query-input\":{\"@type\":\"PropertyValueSpecification\",\"valueRequired\":true,\"valueName\":\"search_term_string\"}}],\"inLanguage\":\"en-GB\"}]}<\/script>\n<!-- \/ Yoast SEO plugin. -->","yoast_head_json":{"title":"gLAB - Public Sector Partner - Kompetenzen & Seminare","description":"Ich unterst\u00fctze Organisationen bei der Kompetenzentwicklung in den Bereichen Wirkungssteuerung, Partizipation, Innovation und Open Government","robots":{"index":"index","follow":"follow","max-snippet":"max-snippet:-1","max-image-preview":"max-image-preview:large","max-video-preview":"max-video-preview:-1"},"canonical":"https:\/\/glab-consulting.at\/en\/seminare\/","og_locale":"en_GB","og_type":"article","og_title":"gLAB - Public Sector Partner - Kompetenzen & Seminare","og_description":"Ich unterst\u00fctze Organisationen bei der Kompetenzentwicklung in den Bereichen Wirkungssteuerung, Partizipation, Innovation und Open Government","og_url":"https:\/\/glab-consulting.at\/en\/seminare\/","og_site_name":"gLAB - Public Sector Partner","article_modified_time":"2023-10-18T10:40:33+00:00","og_image":[{"url":"https:\/\/glab-consulting.at\/wp-content\/uploads\/2023\/06\/wes-lewis-zt6OxRORM2g-unsplash-edited-scaled.jpg","type":"","width":"","height":""}],"twitter_card":"summary_large_image","twitter_misc":{"Estimated reading time":"4 minutes"},"schema":{"@context":"https:\/\/schema.org","@graph":[{"@type":"WebPage","@id":"https:\/\/glab-consulting.at\/seminare\/","url":"https:\/\/glab-consulting.at\/seminare\/","name":"gLAB - Public Sector Partner - Kompetenzen & Seminare","isPartOf":{"@id":"https:\/\/glab-consulting.at\/#website"},"primaryImageOfPage":{"@id":"https:\/\/glab-consulting.at\/seminare\/#primaryimage"},"image":{"@id":"https:\/\/glab-consulting.at\/seminare\/#primaryimage"},"thumbnailUrl":"https:\/\/glab-consulting.at\/wp-content\/uploads\/2023\/06\/wes-lewis-zt6OxRORM2g-unsplash-edited-scaled.jpg","datePublished":"2023-06-23T20:57:48+00:00","dateModified":"2023-10-18T10:40:33+00:00","description":"Ich unterst\u00fctze Organisationen bei der Kompetenzentwicklung in den Bereichen Wirkungssteuerung, Partizipation, Innovation und Open Government","breadcrumb":{"@id":"https:\/\/glab-consulting.at\/seminare\/#breadcrumb"},"inLanguage":"en-GB","potentialAction":[{"@type":"ReadAction","target":["https:\/\/glab-consulting.at\/seminare\/"]}]},{"@type":"ImageObject","inLanguage":"en-GB","@id":"https:\/\/glab-consulting.at\/seminare\/#primaryimage","url":"https:\/\/glab-consulting.at\/wp-content\/uploads\/2023\/06\/wes-lewis-zt6OxRORM2g-unsplash-edited-scaled.jpg","contentUrl":"https:\/\/glab-consulting.at\/wp-content\/uploads\/2023\/06\/wes-lewis-zt6OxRORM2g-unsplash-edited-scaled.jpg"},{"@type":"BreadcrumbList","@id":"https:\/\/glab-consulting.at\/seminare\/#breadcrumb","itemListElement":[{"@type":"ListItem","position":1,"name":"Startseite","item":"https:\/\/glab-consulting.at\/"},{"@type":"ListItem","position":2,"name":"Kompetenzen &#038; Seminare"}]},{"@type":"WebSite","@id":"https:\/\/glab-consulting.at\/#website","url":"https:\/\/glab-consulting.at\/","name":"gLAB - Public Sector Partner","description":"","potentialAction":[{"@type":"SearchAction","target":{"@type":"EntryPoint","urlTemplate":"https:\/\/glab-consulting.at\/?s={search_term_string}"},"query-input":{"@type":"PropertyValueSpecification","valueRequired":true,"valueName":"search_term_string"}}],"inLanguage":"en-GB"}]}},"_links":{"self":[{"href":"https:\/\/glab-consulting.at\/en\/wp-json\/wp\/v2\/pages\/244","targetHints":{"allow":["GET"]}}],"collection":[{"href":"https:\/\/glab-consulting.at\/en\/wp-json\/wp\/v2\/pages"}],"about":[{"href":"https:\/\/glab-consulting.at\/en\/wp-json\/wp\/v2\/types\/page"}],"author":[{"embeddable":true,"href":"https:\/\/glab-consulting.at\/en\/wp-json\/wp\/v2\/users\/1"}],"replies":[{"embeddable":true,"href":"https:\/\/glab-consulting.at\/en\/wp-json\/wp\/v2\/comments?post=244"}],"version-history":[{"count":59,"href":"https:\/\/glab-consulting.at\/en\/wp-json\/wp\/v2\/pages\/244\/revisions"}],"predecessor-version":[{"id":1042,"href":"https:\/\/glab-consulting.at\/en\/wp-json\/wp\/v2\/pages\/244\/revisions\/1042"}],"wp:attachment":[{"href":"https:\/\/glab-consulting.at\/en\/wp-json\/wp\/v2\/media?parent=244"}],"curies":[{"name":"wp","href":"https:\/\/api.w.org\/{rel}","templated":true}]}}