{"id":233,"date":"2023-07-05T15:46:07","date_gmt":"2023-07-05T13:46:07","guid":{"rendered":"https:\/\/glab-consulting.at\/?page_id=233"},"modified":"2025-05-16T14:07:39","modified_gmt":"2025-05-16T12:07:39","slug":"impact","status":"publish","type":"page","link":"https:\/\/glab-consulting.at\/en\/impact\/","title":{"rendered":"Wirkung &#038; Steuerung"},"content":{"rendered":"<div class=\"gb-container gb-container-d92b7a5e\">\n\n<div class=\"wp-block-columns is-layout-flex wp-container-core-columns-is-layout-9d6595d7 wp-block-columns-is-layout-flex\">\n<div class=\"wp-block-column is-layout-flow wp-block-column-is-layout-flow\" style=\"flex-basis:33.33%\">\n<figure class=\"gb-block-image gb-block-image-7f369135\"><img loading=\"lazy\" decoding=\"async\" width=\"4245\" height=\"4109\" class=\"gb-image gb-image-7f369135\" src=\"https:\/\/glab-consulting.at\/wp-content\/uploads\/2024\/05\/cropped-33-e1717095320113.png\" alt=\"gLAB Logo Grey_C\" title=\"gLAB Logo Grey_C\" srcset=\"https:\/\/glab-consulting.at\/wp-content\/uploads\/2024\/05\/cropped-33-e1717095320113.png 4245w, https:\/\/glab-consulting.at\/wp-content\/uploads\/2024\/05\/cropped-33-e1717095320113-300x290.png 300w, https:\/\/glab-consulting.at\/wp-content\/uploads\/2024\/05\/cropped-33-e1717095320113-1024x991.png 1024w, https:\/\/glab-consulting.at\/wp-content\/uploads\/2024\/05\/cropped-33-e1717095320113-768x743.png 768w, https:\/\/glab-consulting.at\/wp-content\/uploads\/2024\/05\/cropped-33-e1717095320113-1536x1487.png 1536w, https:\/\/glab-consulting.at\/wp-content\/uploads\/2024\/05\/cropped-33-e1717095320113-2048x1982.png 2048w, https:\/\/glab-consulting.at\/wp-content\/uploads\/2024\/05\/cropped-33-e1717095320113-12x12.png 12w\" sizes=\"auto, (max-width: 4245px) 100vw, 4245px\" \/><\/figure>\n<\/div>\n\n\n\n<div class=\"wp-block-column is-layout-flow wp-block-column-is-layout-flow\" style=\"flex-basis:66.66%\">\n<div class=\"wp-block-cover is-light\" style=\"min-height:469px;aspect-ratio:unset;\"><img loading=\"lazy\" decoding=\"async\" width=\"1024\" height=\"1024\" class=\"wp-block-cover__image-background wp-image-304 size-large\" alt=\"Wirkung\" src=\"https:\/\/glab-consulting.at\/wp-content\/uploads\/2023\/06\/campaign-creators-pypeCEaJeZY-unsplash-scaled-e1689850372578-1024x1024.jpg\" data-object-fit=\"cover\" srcset=\"https:\/\/glab-consulting.at\/wp-content\/uploads\/2023\/06\/campaign-creators-pypeCEaJeZY-unsplash-scaled-e1689850372578-1024x1024.jpg 1024w, https:\/\/glab-consulting.at\/wp-content\/uploads\/2023\/06\/campaign-creators-pypeCEaJeZY-unsplash-scaled-e1689850372578-300x300.jpg 300w, https:\/\/glab-consulting.at\/wp-content\/uploads\/2023\/06\/campaign-creators-pypeCEaJeZY-unsplash-scaled-e1689850372578-150x150.jpg 150w, https:\/\/glab-consulting.at\/wp-content\/uploads\/2023\/06\/campaign-creators-pypeCEaJeZY-unsplash-scaled-e1689850372578-768x768.jpg 768w, https:\/\/glab-consulting.at\/wp-content\/uploads\/2023\/06\/campaign-creators-pypeCEaJeZY-unsplash-scaled-e1689850372578-1536x1536.jpg 1536w, https:\/\/glab-consulting.at\/wp-content\/uploads\/2023\/06\/campaign-creators-pypeCEaJeZY-unsplash-scaled-e1689850372578-12x12.jpg 12w, https:\/\/glab-consulting.at\/wp-content\/uploads\/2023\/06\/campaign-creators-pypeCEaJeZY-unsplash-scaled-e1689850372578.jpg 1856w\" sizes=\"auto, (max-width: 1024px) 100vw, 1024px\" \/><span aria-hidden=\"true\" class=\"wp-block-cover__background has-background-dim\" style=\"background-color:#b0aaa5\"><\/span><div class=\"wp-block-cover__inner-container is-layout-constrained wp-block-cover-is-layout-constrained\">\n<p class=\"has-text-align-center has-large-font-size\"><strong><strong><mark style=\"background-color:var(--accent)\" class=\"has-inline-color has-base-2-color\">IMPACT<br>MANAGEMENT<\/mark><\/strong><\/strong><\/p>\n<\/div><\/div>\n<\/div>\n<\/div>\n\n<\/div>\n\n\n<div style=\"height:36px\" aria-hidden=\"true\" class=\"wp-block-spacer\"><\/div>\n\n\n\n<h1 class=\"wp-block-heading\">Steering organisations efficiently and effectively<\/h1>\n\n\n<div class=\"gb-container gb-container-45a80d54\">\n<div class=\"gb-container gb-container-46cb963a\">\n\n<h4 class=\"wp-block-heading\">In an era of growing complexity and increasing demands for transparency, efficiency and impact, strategic management plays a vital role.\nImpact-oriented steering and reporting systems enable organizations to allocate resources purposefully, make progress traceable and actively shape accountability towards stakeholders.<br>gLAB supports public and civic sector organizations in designing, implementing and further developing such systems \u2013 evidence-based, user-centered and conceptually grounded.<\/h4>\n\n<\/div>\n<\/div>\n\n\n<h2 class=\"wp-block-heading\"><mark style=\"background-color:var(--accent)\" class=\"has-inline-color has-base-3-color\">What impact-oriented management achieves<\/mark><\/h2>\n\n\n\n<h4 class=\"wp-block-heading\">Impact-oriented management aligns actions systematically with strategic goals and desired societal change.\nIt fosters evidence-informed decision-making, improves resource allocation, and enhances legitimacy both internally and externally.<\/h4>\n\n\n\n<div class=\"wp-block-columns are-vertically-aligned-center is-layout-flex wp-container-core-columns-is-layout-9d6595d7 wp-block-columns-is-layout-flex\">\n<div class=\"wp-block-column is-vertically-aligned-center is-layout-flow wp-block-column-is-layout-flow\">\n<figure class=\"gb-block-image gb-block-image-9cb1983c\"><img loading=\"lazy\" decoding=\"async\" width=\"1024\" height=\"1024\" class=\"gb-image gb-image-9cb1983c\" src=\"https:\/\/glab-consulting.at\/wp-content\/uploads\/2025\/05\/ChatGPT-Image-15.-Mai-2025-13_41_57.png\" alt=\"gLAB_WO_Conference2\" title=\"gLAB_WO_Conference2\" srcset=\"https:\/\/glab-consulting.at\/wp-content\/uploads\/2025\/05\/ChatGPT-Image-15.-Mai-2025-13_41_57.png 1024w, https:\/\/glab-consulting.at\/wp-content\/uploads\/2025\/05\/ChatGPT-Image-15.-Mai-2025-13_41_57-300x300.png 300w, https:\/\/glab-consulting.at\/wp-content\/uploads\/2025\/05\/ChatGPT-Image-15.-Mai-2025-13_41_57-150x150.png 150w, https:\/\/glab-consulting.at\/wp-content\/uploads\/2025\/05\/ChatGPT-Image-15.-Mai-2025-13_41_57-768x768.png 768w, https:\/\/glab-consulting.at\/wp-content\/uploads\/2025\/05\/ChatGPT-Image-15.-Mai-2025-13_41_57-12x12.png 12w\" sizes=\"auto, (max-width: 1024px) 100vw, 1024px\" \/><\/figure>\n<\/div>\n\n\n\n<div class=\"wp-block-column is-vertically-aligned-center is-layout-flow wp-block-column-is-layout-flow\">\n<h4 class=\"wp-block-heading\">Core components include:<\/h4>\n\n\n\n<ul style=\"list-style-type: disc; padding-left: 0; margin-left: 1.2em; font-size: 1.4em; font-weight: normal; line-height: 1.6;\">\n  <li>Smart formulation of impact objectives<\/li>\n  <li>Selection of appropriate indicators<\/li>\n  <li>Development of integrated planning, monitoring and reporting systems<\/li>\n  <li>Continuous feedback into steering processes<\/li>\n  <li>Integration of evaluation as a learning-oriented management tool<\/li>\n<\/ul>\n\n\n\n<h4 class=\"wp-block-heading\">The result is a learning system that not only measures impact but also makes it possible, through iterative development, task-critical reflection and the diffusion of successful approaches.<\/h4>\n<\/div>\n<\/div>\n\n\n\n<h2 class=\"wp-block-heading\"><mark style=\"background-color:var(--accent)\" class=\"has-inline-color has-base-3-color\">Addressing challenges strategically<\/mark><\/h2>\n\n\n\n<h4 class=\"wp-block-heading\">Implementing impact-oriented management requires more than technical tools.\nIt calls for strategic clarity, data-based foundations, compatible structures, and above all: cultural change.<\/h4>\n\n\n\n<div class=\"wp-block-columns are-vertically-aligned-center is-layout-flex wp-container-core-columns-is-layout-9d6595d7 wp-block-columns-is-layout-flex\">\n<div class=\"wp-block-column is-vertically-aligned-center is-layout-flow wp-block-column-is-layout-flow\">\n<h4 class=\"wp-block-heading\">This includes:<\/h4>\n\n\n<div class=\"gb-container gb-container-92825cdb\">\n\n<ul style=\"list-style-type: disc; padding-left: 0; margin-left: 1.2em; font-size: 1.4em; font-weight: normal; line-height: 1.6;\">\n  <li>Aligning organizational, budgetary and impact logics<\/li>\n  <li>Coordinated interaction between leadership, departments and controlling units<\/li>\n  <li>Building trust, competencies and acceptance within teams<\/li>\n  <li>Transparent communication of intended outcomes<\/li>\n<\/ul>\n\n<\/div>\n\n\n<h4 class=\"wp-block-heading\">Only when these elements come together can steering become a shared approach to organizational development and a lived practice.<\/h4>\n<\/div>\n\n\n\n<div class=\"wp-block-column is-vertically-aligned-center is-layout-flow wp-block-column-is-layout-flow\">\n<figure class=\"wp-block-image size-full\"><img loading=\"lazy\" decoding=\"async\" width=\"1024\" height=\"1024\" src=\"https:\/\/glab-consulting.at\/wp-content\/uploads\/2025\/05\/ChatGPT-Image-15.-Mai-2025-14_16_22.png\" alt=\"gLAB_WO_Team3\" class=\"wp-image-1532\" srcset=\"https:\/\/glab-consulting.at\/wp-content\/uploads\/2025\/05\/ChatGPT-Image-15.-Mai-2025-14_16_22.png 1024w, https:\/\/glab-consulting.at\/wp-content\/uploads\/2025\/05\/ChatGPT-Image-15.-Mai-2025-14_16_22-300x300.png 300w, https:\/\/glab-consulting.at\/wp-content\/uploads\/2025\/05\/ChatGPT-Image-15.-Mai-2025-14_16_22-150x150.png 150w, https:\/\/glab-consulting.at\/wp-content\/uploads\/2025\/05\/ChatGPT-Image-15.-Mai-2025-14_16_22-768x768.png 768w, https:\/\/glab-consulting.at\/wp-content\/uploads\/2025\/05\/ChatGPT-Image-15.-Mai-2025-14_16_22-12x12.png 12w\" sizes=\"auto, (max-width: 1024px) 100vw, 1024px\" \/><\/figure>\n<\/div>\n<\/div>\n\n\n\n<h2 class=\"wp-block-heading\"><mark style=\"background-color:var(--accent)\" class=\"has-inline-color has-base-3-color\">Tailored support with structure<\/mark><\/h2>\n\n\n\n<h4 class=\"wp-block-heading\">gLAB supports organizations in developing and implementing impact-oriented management systems \u2013 from the first impulse to long-term integration.<\/h4>\n\n\n\n<h4 class=\"wp-block-heading\">The service portfolio includes:<\/h4>\n\n\n\n<ul style=\"list-style-type: disc; padding-left: 0; margin-left: 1.2em; font-size: 1.4em; font-weight: normal; line-height: 1.6;\">\n  <li>Design of goal systems, indicators, and impact models<\/li>\n  <li>Design of goal systems, indicators, and impact models<\/li>\n  <li>Workshops and seminars for capacity and competence building<\/li>\n  <li>Customized project support or targeted short-term assistance<\/li>\n  <li>Analysis and consulting in phases of strategic adjustment or change<\/li>\n<\/ul>\n\n\n\n<h4 class=\"wp-block-heading\">Depending on the project, I collaborate with a trusted network of national and international experts \u2013 suited to any scale or level of complexity.<\/h4>\n\n\n\n<div class=\"wp-block-columns is-layout-flex wp-container-core-columns-is-layout-9d6595d7 wp-block-columns-is-layout-flex\">\n<div class=\"wp-block-column is-layout-flow wp-block-column-is-layout-flow\">\n<h4 class=\"wp-block-heading\"><strong><a href=\"mailto: a.gruenwald@glab-consulting.at\" target=\"_blank\" rel=\"noreferrer noopener\">Contact me today<\/a><a href=\"https:\/\/glab-consulting.at\/en\/kontakt\/\" target=\"_blank\" rel=\"noreferrer noopener\">,<\/a> <\/strong>to learn more about how I can support you in the implementation of impact-oriented performance management and reporting systems. Together we can shape a sustainable future!<\/h4>\n\n\n\n<h4 class=\"wp-block-heading\">For your knowledge advantage in the field of impact management, <strong><a href=\"https:\/\/glab-consulting.at\/en\/fasttrack-workshop-impact\/\">find out more about the&nbsp;<em>FastTrack-Workshop<\/em>&nbsp;IMPACT+<\/a><\/strong><\/h4>\n<\/div>\n\n\n\n<div class=\"wp-block-column is-layout-flow wp-block-column-is-layout-flow\"><\/div>\n<\/div>\n\n\n<div class=\"gb-container gb-container-2696cc22\">\n\n<div class=\"wp-block-columns is-layout-flex wp-container-core-columns-is-layout-9d6595d7 wp-block-columns-is-layout-flex\">\n<div class=\"wp-block-column is-layout-flow wp-block-column-is-layout-flow\"><\/div>\n\n\n\n<div class=\"wp-block-column is-layout-flow wp-block-column-is-layout-flow\"><\/div>\n<\/div>\n\n<\/div>\n\n\n<p class=\"has-text-align-right\">Are you interested in impact-oriented performance management?<br>Visit these websites and learn more:<br><a href=\"https:\/\/www.oecd.org\/gov\/budgeting\/\" target=\"_blank\" rel=\"noreferrer noopener\">OECD Public Governance and Budgeting<\/a><br><a href=\"https:\/\/www.worldbank.org\/en\/topic\/governance\" target=\"_blank\" rel=\"noreferrer noopener\">The World Bank &#8211; Governance<\/a><br><a href=\"https:\/\/govlab.hks.harvard.edu\/home\" target=\"_blank\" rel=\"noreferrer noopener\">Harvard Kennedy School &#8211; Government Performance Lab<\/a><br><\/p>","protected":false},"excerpt":{"rendered":"<p>Organisationen effizient und effektiv steuern In einer Zeit wachsender Komplexit\u00e4t und steigender Anforderungen an Transparenz, Effizienz und Wirkung kommt der strategischen Steuerung eine zentrale Rolle zu. Wirkungsorientierte Steuerungs- und Reportingsysteme erm\u00f6glichen es, Ressourcen zielgerichtet einzusetzen, den Fortschritt nachvollziehbar zu machen und Verantwortlichkeit gegen\u00fcber Stakeholdern aktiv zu gestalten.gLAB unterst\u00fctzt Organisationen im \u00f6ffentlichen und gesellschaftlichen Sektor dabei, &#8230; <a title=\"Wirkung &#038; Steuerung\" class=\"read-more\" href=\"https:\/\/glab-consulting.at\/en\/impact\/\" aria-label=\"Read more about Wirkung &#038; Steuerung\">Read more<\/a><\/p>","protected":false},"author":1,"featured_media":0,"parent":0,"menu_order":0,"comment_status":"closed","ping_status":"closed","template":"","meta":{"_monsterinsights_skip_tracking":false,"_monsterinsights_sitenote_active":false,"_monsterinsights_sitenote_note":"","_monsterinsights_sitenote_category":0,"footnotes":""},"class_list":["post-233","page","type-page","status-publish"],"yoast_head":"<!-- This site is optimized with the Yoast SEO plugin v26.9 - https:\/\/yoast.com\/product\/yoast-seo-wordpress\/ -->\n<title>gLAB - Public Sector Partner - Wirkung &amp; Steuerung<\/title>\n<meta name=\"description\" content=\"Ich unterst\u00fctze Organisationen bei der Entwicklung wirkungsorientierter Steuerungssysteme und Kennzahlenarchitekturen!\" \/>\n<meta name=\"robots\" content=\"index, follow, max-snippet:-1, max-image-preview:large, max-video-preview:-1\" \/>\n<link rel=\"canonical\" href=\"https:\/\/glab-consulting.at\/en\/impact\/\" \/>\n<meta property=\"og:locale\" content=\"en_GB\" \/>\n<meta property=\"og:type\" content=\"article\" \/>\n<meta property=\"og:title\" content=\"gLAB - Public Sector Partner - Wirkung &amp; Steuerung\" \/>\n<meta property=\"og:description\" content=\"Ich unterst\u00fctze Organisationen bei der Entwicklung wirkungsorientierter Steuerungssysteme und Kennzahlenarchitekturen!\" \/>\n<meta property=\"og:url\" content=\"https:\/\/glab-consulting.at\/en\/impact\/\" \/>\n<meta property=\"og:site_name\" content=\"gLAB - Public Sector Partner\" \/>\n<meta property=\"article:modified_time\" content=\"2025-05-16T12:07:39+00:00\" \/>\n<meta property=\"og:image\" content=\"https:\/\/glab-consulting.at\/wp-content\/uploads\/2024\/05\/cropped-33-e1717095320113.png\" \/>\n<meta name=\"twitter:card\" content=\"summary_large_image\" \/>\n<meta name=\"twitter:label1\" content=\"Estimated reading time\" \/>\n\t<meta name=\"twitter:data1\" content=\"3 minutes\" \/>\n<script type=\"application\/ld+json\" class=\"yoast-schema-graph\">{\"@context\":\"https:\/\/schema.org\",\"@graph\":[{\"@type\":\"WebPage\",\"@id\":\"https:\/\/glab-consulting.at\/impact\/\",\"url\":\"https:\/\/glab-consulting.at\/impact\/\",\"name\":\"gLAB - Public Sector Partner - Wirkung & Steuerung\",\"isPartOf\":{\"@id\":\"https:\/\/glab-consulting.at\/#website\"},\"primaryImageOfPage\":{\"@id\":\"https:\/\/glab-consulting.at\/impact\/#primaryimage\"},\"image\":{\"@id\":\"https:\/\/glab-consulting.at\/impact\/#primaryimage\"},\"thumbnailUrl\":\"https:\/\/glab-consulting.at\/wp-content\/uploads\/2024\/05\/cropped-33-e1717095320113.png\",\"datePublished\":\"2023-07-05T13:46:07+00:00\",\"dateModified\":\"2025-05-16T12:07:39+00:00\",\"description\":\"Ich unterst\u00fctze Organisationen bei der Entwicklung wirkungsorientierter Steuerungssysteme und Kennzahlenarchitekturen!\",\"breadcrumb\":{\"@id\":\"https:\/\/glab-consulting.at\/impact\/#breadcrumb\"},\"inLanguage\":\"en-GB\",\"potentialAction\":[{\"@type\":\"ReadAction\",\"target\":[\"https:\/\/glab-consulting.at\/impact\/\"]}]},{\"@type\":\"ImageObject\",\"inLanguage\":\"en-GB\",\"@id\":\"https:\/\/glab-consulting.at\/impact\/#primaryimage\",\"url\":\"https:\/\/glab-consulting.at\/wp-content\/uploads\/2024\/05\/cropped-33-e1717095320113.png\",\"contentUrl\":\"https:\/\/glab-consulting.at\/wp-content\/uploads\/2024\/05\/cropped-33-e1717095320113.png\"},{\"@type\":\"BreadcrumbList\",\"@id\":\"https:\/\/glab-consulting.at\/impact\/#breadcrumb\",\"itemListElement\":[{\"@type\":\"ListItem\",\"position\":1,\"name\":\"Startseite\",\"item\":\"https:\/\/glab-consulting.at\/\"},{\"@type\":\"ListItem\",\"position\":2,\"name\":\"Wirkung &#038; Steuerung\"}]},{\"@type\":\"WebSite\",\"@id\":\"https:\/\/glab-consulting.at\/#website\",\"url\":\"https:\/\/glab-consulting.at\/\",\"name\":\"gLAB - Public Sector Partner\",\"description\":\"\",\"potentialAction\":[{\"@type\":\"SearchAction\",\"target\":{\"@type\":\"EntryPoint\",\"urlTemplate\":\"https:\/\/glab-consulting.at\/?s={search_term_string}\"},\"query-input\":{\"@type\":\"PropertyValueSpecification\",\"valueRequired\":true,\"valueName\":\"search_term_string\"}}],\"inLanguage\":\"en-GB\"}]}<\/script>\n<!-- \/ Yoast SEO plugin. -->","yoast_head_json":{"title":"gLAB - Public Sector Partner - Wirkung & Steuerung","description":"Ich unterst\u00fctze Organisationen bei der Entwicklung wirkungsorientierter Steuerungssysteme und Kennzahlenarchitekturen!","robots":{"index":"index","follow":"follow","max-snippet":"max-snippet:-1","max-image-preview":"max-image-preview:large","max-video-preview":"max-video-preview:-1"},"canonical":"https:\/\/glab-consulting.at\/en\/impact\/","og_locale":"en_GB","og_type":"article","og_title":"gLAB - Public Sector Partner - Wirkung & Steuerung","og_description":"Ich unterst\u00fctze Organisationen bei der Entwicklung wirkungsorientierter Steuerungssysteme und Kennzahlenarchitekturen!","og_url":"https:\/\/glab-consulting.at\/en\/impact\/","og_site_name":"gLAB - Public Sector Partner","article_modified_time":"2025-05-16T12:07:39+00:00","og_image":[{"url":"https:\/\/glab-consulting.at\/wp-content\/uploads\/2024\/05\/cropped-33-e1717095320113.png","type":"","width":"","height":""}],"twitter_card":"summary_large_image","twitter_misc":{"Estimated reading time":"3 minutes"},"schema":{"@context":"https:\/\/schema.org","@graph":[{"@type":"WebPage","@id":"https:\/\/glab-consulting.at\/impact\/","url":"https:\/\/glab-consulting.at\/impact\/","name":"gLAB - Public Sector Partner - Wirkung & Steuerung","isPartOf":{"@id":"https:\/\/glab-consulting.at\/#website"},"primaryImageOfPage":{"@id":"https:\/\/glab-consulting.at\/impact\/#primaryimage"},"image":{"@id":"https:\/\/glab-consulting.at\/impact\/#primaryimage"},"thumbnailUrl":"https:\/\/glab-consulting.at\/wp-content\/uploads\/2024\/05\/cropped-33-e1717095320113.png","datePublished":"2023-07-05T13:46:07+00:00","dateModified":"2025-05-16T12:07:39+00:00","description":"Ich unterst\u00fctze Organisationen bei der Entwicklung wirkungsorientierter Steuerungssysteme und Kennzahlenarchitekturen!","breadcrumb":{"@id":"https:\/\/glab-consulting.at\/impact\/#breadcrumb"},"inLanguage":"en-GB","potentialAction":[{"@type":"ReadAction","target":["https:\/\/glab-consulting.at\/impact\/"]}]},{"@type":"ImageObject","inLanguage":"en-GB","@id":"https:\/\/glab-consulting.at\/impact\/#primaryimage","url":"https:\/\/glab-consulting.at\/wp-content\/uploads\/2024\/05\/cropped-33-e1717095320113.png","contentUrl":"https:\/\/glab-consulting.at\/wp-content\/uploads\/2024\/05\/cropped-33-e1717095320113.png"},{"@type":"BreadcrumbList","@id":"https:\/\/glab-consulting.at\/impact\/#breadcrumb","itemListElement":[{"@type":"ListItem","position":1,"name":"Startseite","item":"https:\/\/glab-consulting.at\/"},{"@type":"ListItem","position":2,"name":"Wirkung &#038; Steuerung"}]},{"@type":"WebSite","@id":"https:\/\/glab-consulting.at\/#website","url":"https:\/\/glab-consulting.at\/","name":"gLAB - Public Sector Partner","description":"","potentialAction":[{"@type":"SearchAction","target":{"@type":"EntryPoint","urlTemplate":"https:\/\/glab-consulting.at\/?s={search_term_string}"},"query-input":{"@type":"PropertyValueSpecification","valueRequired":true,"valueName":"search_term_string"}}],"inLanguage":"en-GB"}]}},"_links":{"self":[{"href":"https:\/\/glab-consulting.at\/en\/wp-json\/wp\/v2\/pages\/233","targetHints":{"allow":["GET"]}}],"collection":[{"href":"https:\/\/glab-consulting.at\/en\/wp-json\/wp\/v2\/pages"}],"about":[{"href":"https:\/\/glab-consulting.at\/en\/wp-json\/wp\/v2\/types\/page"}],"author":[{"embeddable":true,"href":"https:\/\/glab-consulting.at\/en\/wp-json\/wp\/v2\/users\/1"}],"replies":[{"embeddable":true,"href":"https:\/\/glab-consulting.at\/en\/wp-json\/wp\/v2\/comments?post=233"}],"version-history":[{"count":64,"href":"https:\/\/glab-consulting.at\/en\/wp-json\/wp\/v2\/pages\/233\/revisions"}],"predecessor-version":[{"id":1537,"href":"https:\/\/glab-consulting.at\/en\/wp-json\/wp\/v2\/pages\/233\/revisions\/1537"}],"wp:attachment":[{"href":"https:\/\/glab-consulting.at\/en\/wp-json\/wp\/v2\/media?parent=233"}],"curies":[{"name":"wp","href":"https:\/\/api.w.org\/{rel}","templated":true}]}}