{"id":230,"date":"2023-06-24T14:42:04","date_gmt":"2023-06-24T12:42:04","guid":{"rendered":"https:\/\/glab-consulting.at\/?page_id=230"},"modified":"2024-02-27T21:03:00","modified_gmt":"2024-02-27T19:03:00","slug":"innovation","status":"publish","type":"page","link":"https:\/\/glab-consulting.at\/en\/innovation\/","title":{"rendered":"Innovation &#038; Change"},"content":{"rendered":"<div class=\"wp-block-cover is-light\"><span aria-hidden=\"true\" class=\"wp-block-cover__background has-background-dim\"><\/span><img decoding=\"async\" class=\"wp-block-cover__image-background wp-image-307\" alt=\"Innovation\" src=\"https:\/\/glab-consulting.at\/wp-content\/uploads\/2023\/06\/jason-goodman-vbxyFxlgpjM-unsplash-edited-scaled.jpg\" data-object-fit=\"cover\"\/><div class=\"wp-block-cover__inner-container is-layout-flow wp-block-cover-is-layout-flow\">\n<p class=\"has-text-align-center has-large-font-size\"><mark style=\"background-color:var(--accent)\" class=\"has-inline-color has-base-2-color\"><strong>INNOVATION<br>CHANGE<\/strong><\/mark><\/p>\n<\/div><\/div>\n\n\n\n<p><\/p>\n\n\n\n<h1 class=\"wp-block-heading\"><strong>Creating together something new<\/strong><\/h1>\n\n\n\n<p>Technological and societal change, evolving needs and regulatory frameworks offer challenges and opportunities in a rapidly moving world. In order to successfully address challenges and seize opportunities for one's own organisation, innovation is often the key to success! Through innovation, organisations can act more effectively and efficiently, strengthen their competitiveness and take advantage of new framework conditions. The needs of citizens and customers can be better met, social problems can be solved holistically and social value can be created.<\/p>\n\n\n\n<h2 class=\"wp-block-heading\"><mark style=\"background-color:var(--accent)\" class=\"has-inline-color has-base-3-color\">We support you and your organisation in the goal-oriented design and successful implementation of innovation processes!<\/mark><\/h2>\n\n\n<div class=\"gb-container gb-container-4c201f0b\">\n\n<div class=\"wp-block-columns are-vertically-aligned-top is-layout-flex wp-container-core-columns-is-layout-9d6595d7 wp-block-columns-is-layout-flex\">\n<div class=\"wp-block-column is-vertically-aligned-top is-layout-flow wp-block-column-is-layout-flow\">\n<figure class=\"wp-block-image size-full\"><img loading=\"lazy\" decoding=\"async\" width=\"1024\" height=\"640\" src=\"https:\/\/glab-consulting.at\/wp-content\/uploads\/2023\/06\/a.gruenwald_a_design_thinking_workshop_with_young_professionals_9f79e1f2-8d19-42dd-99e9-2c400dbfc753-edited.png\" alt=\"Innovation Workshop\" class=\"wp-image-274\" srcset=\"https:\/\/glab-consulting.at\/wp-content\/uploads\/2023\/06\/a.gruenwald_a_design_thinking_workshop_with_young_professionals_9f79e1f2-8d19-42dd-99e9-2c400dbfc753-edited.png 1024w, https:\/\/glab-consulting.at\/wp-content\/uploads\/2023\/06\/a.gruenwald_a_design_thinking_workshop_with_young_professionals_9f79e1f2-8d19-42dd-99e9-2c400dbfc753-edited-300x188.png 300w, https:\/\/glab-consulting.at\/wp-content\/uploads\/2023\/06\/a.gruenwald_a_design_thinking_workshop_with_young_professionals_9f79e1f2-8d19-42dd-99e9-2c400dbfc753-edited-768x480.png 768w\" sizes=\"auto, (max-width: 1024px) 100vw, 1024px\" \/><\/figure>\n<\/div>\n\n\n\n<div class=\"wp-block-column is-vertically-aligned-top is-layout-flow wp-block-column-is-layout-flow\">\n<p>Innovation and change management are central concepts of organisational development. They are closely interlinked. Innovation refers to the introduction and implementation of new ideas, processes, products or services. These can create added value and bring about positive changes in an organisation or in society. Change management deals with the targeted control of change processes in organisations. It includes their planning, control and monitoring. The aim is to ensure that innovation processes are successfully implemented and their positive effects in the organisation and society are maximised.<\/p>\n<\/div>\n<\/div>\n\n<\/div>\n\n<div class=\"gb-container gb-container-61fe4d23\">\n\n<div class=\"wp-block-columns is-layout-flex wp-container-core-columns-is-layout-9d6595d7 wp-block-columns-is-layout-flex\">\n<div class=\"wp-block-column is-layout-flow wp-block-column-is-layout-flow\">\n<p>Innovation requires commitment from leadership, support from staff, strategic alignment and sufficient resources. Staff concerns about changes to their working practices and jobs must be addressed, as well as fears about losing their jobs or current positions. The coordination and cooperation of different departments and teams within the organisation or across organisational boundaries can also be a major challenge. It is necessary to overcome barriers of will and competence and to accompany a cultural transformation towards a positive culture of change and a realistic culture of failure. In addition to the variety of innovative methods, clear goals, transparent communication and professional project management are needed above all.<\/p>\n<\/div>\n\n\n\n<div class=\"wp-block-column is-layout-flow wp-block-column-is-layout-flow\">\n<figure class=\"wp-block-image size-full\"><img loading=\"lazy\" decoding=\"async\" width=\"1024\" height=\"640\" src=\"https:\/\/glab-consulting.at\/wp-content\/uploads\/2023\/06\/a.gruenwald_a_design_thinking_workshop_with_young_professionals_2c6d71ce-77bb-43ab-aa21-8a9d247f5a96-edited.png\" alt=\"Innovation Workshop\" class=\"wp-image-272\" srcset=\"https:\/\/glab-consulting.at\/wp-content\/uploads\/2023\/06\/a.gruenwald_a_design_thinking_workshop_with_young_professionals_2c6d71ce-77bb-43ab-aa21-8a9d247f5a96-edited.png 1024w, https:\/\/glab-consulting.at\/wp-content\/uploads\/2023\/06\/a.gruenwald_a_design_thinking_workshop_with_young_professionals_2c6d71ce-77bb-43ab-aa21-8a9d247f5a96-edited-300x188.png 300w, https:\/\/glab-consulting.at\/wp-content\/uploads\/2023\/06\/a.gruenwald_a_design_thinking_workshop_with_young_professionals_2c6d71ce-77bb-43ab-aa21-8a9d247f5a96-edited-768x480.png 768w\" sizes=\"auto, (max-width: 1024px) 100vw, 1024px\" \/><\/figure>\n<\/div>\n<\/div>\n\n<\/div>\n\n\n<div class=\"wp-block-columns is-layout-flex wp-container-core-columns-is-layout-9d6595d7 wp-block-columns-is-layout-flex\">\n<div class=\"wp-block-column is-layout-flow wp-block-column-is-layout-flow\">\n<h2 class=\"wp-block-heading\"><mark style=\"background-color:var(--accent)\" class=\"has-inline-color has-base-3-color\">We offer tailor-made solutions for goal-oriented innovation and change!<\/mark><\/h2>\n<\/div>\n\n\n\n<div class=\"wp-block-column is-layout-flow wp-block-column-is-layout-flow\"><\/div>\n<\/div>\n\n\n\n<h4 class=\"wp-block-heading has-text-align-left\">As a trustworthy and professional partner, we stand by you and your organisation and accompany you in the identification of needs for change, in the design and implementation of innovation processes as well as the implementation of necessary change processes. Our services are entirely focused on your needs. They range from selective consulting and support to full project management. With my extensive network of change agents, projects of all sizes and subject-specific requirements can be carried out reliably and successfully.<\/h4>\n\n\n\n<div class=\"wp-block-columns are-vertically-aligned-center is-layout-flex wp-container-core-columns-is-layout-9d6595d7 wp-block-columns-is-layout-flex\">\n<div class=\"wp-block-column is-vertically-aligned-center is-layout-flow wp-block-column-is-layout-flow\">\n<h4 class=\"wp-block-heading\"><a href=\"https:\/\/glab-consulting.at\/en\/kontakt\/\" target=\"_blank\" rel=\"noreferrer noopener\"><strong>Contact me today<\/strong><\/a> to learn more about how I can support you together with my network of strong partners in developing and successfully implementing innovations in a goal-oriented way. Together we shape the future!<\/h4>\n\n\n\n<h4 class=\"wp-block-heading\">For your knowledge advantage in the field of innovation and change,<strong> <a href=\"https:\/\/glab-consulting.at\/en\/fasttrack-workshop-ignite\/\">find out more about the <em>FastTrack-Workshop<\/em> IGNITE+<\/a><\/strong><\/h4>\n<\/div>\n\n\n\n<div class=\"wp-block-column is-vertically-aligned-center is-layout-flow wp-block-column-is-layout-flow\"><\/div>\n<\/div>\n\n\n\n<p><\/p>\n\n\n\n<div class=\"wp-block-media-text is-stacked-on-mobile\" style=\"grid-template-columns:33% auto\"><figure class=\"wp-block-media-text__media\"><img loading=\"lazy\" decoding=\"async\" width=\"1024\" height=\"708\" src=\"https:\/\/glab-consulting.at\/wp-content\/uploads\/2023\/11\/WN_logo_FINAL_CMYK-1024x708.png\" alt=\"Whats's Next Institute\" class=\"wp-image-1055 size-full\" srcset=\"https:\/\/glab-consulting.at\/wp-content\/uploads\/2023\/11\/WN_logo_FINAL_CMYK-1024x708.png 1024w, https:\/\/glab-consulting.at\/wp-content\/uploads\/2023\/11\/WN_logo_FINAL_CMYK-300x207.png 300w, https:\/\/glab-consulting.at\/wp-content\/uploads\/2023\/11\/WN_logo_FINAL_CMYK-768x531.png 768w, https:\/\/glab-consulting.at\/wp-content\/uploads\/2023\/11\/WN_logo_FINAL_CMYK-18x12.png 18w, https:\/\/glab-consulting.at\/wp-content\/uploads\/2023\/11\/WN_logo_FINAL_CMYK.png 1413w\" sizes=\"auto, (max-width: 1024px) 100vw, 1024px\" \/><\/figure><div class=\"wp-block-media-text__content\">\n<h2 class=\"wp-block-heading\"><mark style=\"background-color:var(--accent)\" class=\"has-inline-color has-base-3-color\">Every project is unique. Strong partners are the key to success!<\/mark><\/h2>\n\n\n\n<h5 class=\"wp-block-heading\">The <strong><a href=\"https:\/\/www.whatisnext.at\" target=\"_blank\" rel=\"noreferrer noopener\">WHAT&#8217;S NEXT INSTITUTE<\/a><\/strong> helps organisations in business, politics and society to deal with the future in a structured way. After all, the future is no longer what it used to be. Gone is the illusion of planning certainty and linear developments. However, those who recognise changes and their potential earlier than others gain a head start and open up scope for action and innovation.<\/h5>\n<\/div><\/div>\n\n\n\n<p><\/p>\n\n\n\n<p><\/p>\n\n\n\n<p class=\"has-text-align-right\">Are you interested in innovation and change management?<br>Visit these websites and learn more:<br><a href=\"https:\/\/policy-lab.ec.europa.eu\/index_en\" target=\"_blank\" rel=\"noreferrer noopener\">EU Policy Lab<\/a><br><a href=\"https:\/\/oecd-opsi.org\" target=\"_blank\" rel=\"noreferrer noopener\">OECD Observatory for Public Sector Innovation<\/a><br><a href=\"https:\/\/creativebureaucracy.org\" target=\"_blank\" rel=\"noreferrer noopener\">Creative Bureaucracy Festival<\/a><\/p>","protected":false},"excerpt":{"rendered":"<p>Gemeinsam Neues schaffen Technologischer und gesellschaftlicher Wandel, sich \u00e4ndernde Bed\u00fcrfnisse und rechtliche Rahmenbedingungen bieten Herausforderungen und Chancen in einer sich schnell entwickelnden Welt. Um Herausforderungen erfolgreich zu adressieren und Chancen f\u00fcr die eigene Organisation zu nutzen, ist Innovation oft der Schl\u00fcssel zum Erfolg! Durch Innovation k\u00f6nnen Organisationen effektiver und effizienter handeln, ihre Wettbewerbsf\u00e4higkeit st\u00e4rken und &#8230; <a title=\"Innovation &#038; Change\" class=\"read-more\" href=\"https:\/\/glab-consulting.at\/en\/innovation\/\" aria-label=\"Read more about Innovation &#038; Change\">Read more<\/a><\/p>","protected":false},"author":1,"featured_media":0,"parent":0,"menu_order":0,"comment_status":"closed","ping_status":"closed","template":"","meta":{"_monsterinsights_skip_tracking":false,"_monsterinsights_sitenote_active":false,"_monsterinsights_sitenote_note":"","_monsterinsights_sitenote_category":0,"footnotes":""},"class_list":["post-230","page","type-page","status-publish"],"yoast_head":"<!-- This site is optimized with the Yoast SEO plugin v26.9 - https:\/\/yoast.com\/product\/yoast-seo-wordpress\/ -->\n<title>gLAB - Public Sector Partner - Innovation &amp; Change<\/title>\n<meta name=\"description\" content=\"Ich unterst\u00fctze Organisationen in der Entwicklung und Umsetzung von Innovations- und Ver\u00e4nderungsprozessen. Gestalten wir die Zukunft gemeinsam!\" \/>\n<meta name=\"robots\" content=\"index, follow, max-snippet:-1, max-image-preview:large, max-video-preview:-1\" \/>\n<link rel=\"canonical\" href=\"https:\/\/glab-consulting.at\/en\/innovation\/\" \/>\n<meta property=\"og:locale\" content=\"en_GB\" \/>\n<meta property=\"og:type\" content=\"article\" \/>\n<meta property=\"og:title\" content=\"gLAB - Public Sector Partner - Innovation &amp; Change\" \/>\n<meta property=\"og:description\" content=\"Ich unterst\u00fctze Organisationen in der Entwicklung und Umsetzung von Innovations- und Ver\u00e4nderungsprozessen. Gestalten wir die Zukunft gemeinsam!\" \/>\n<meta property=\"og:url\" content=\"https:\/\/glab-consulting.at\/en\/innovation\/\" \/>\n<meta property=\"og:site_name\" content=\"gLAB - Public Sector Partner\" \/>\n<meta property=\"article:modified_time\" content=\"2024-02-27T19:03:00+00:00\" \/>\n<meta property=\"og:image\" content=\"https:\/\/glab-consulting.at\/wp-content\/uploads\/2023\/06\/jason-goodman-vbxyFxlgpjM-unsplash-edited-scaled.jpg\" \/>\n<meta name=\"twitter:card\" content=\"summary_large_image\" \/>\n<meta name=\"twitter:label1\" content=\"Estimated reading time\" \/>\n\t<meta name=\"twitter:data1\" content=\"4 minutes\" \/>\n<script type=\"application\/ld+json\" class=\"yoast-schema-graph\">{\"@context\":\"https:\/\/schema.org\",\"@graph\":[{\"@type\":\"WebPage\",\"@id\":\"https:\/\/glab-consulting.at\/innovation\/\",\"url\":\"https:\/\/glab-consulting.at\/innovation\/\",\"name\":\"gLAB - Public Sector Partner - Innovation & Change\",\"isPartOf\":{\"@id\":\"https:\/\/glab-consulting.at\/#website\"},\"primaryImageOfPage\":{\"@id\":\"https:\/\/glab-consulting.at\/innovation\/#primaryimage\"},\"image\":{\"@id\":\"https:\/\/glab-consulting.at\/innovation\/#primaryimage\"},\"thumbnailUrl\":\"https:\/\/glab-consulting.at\/wp-content\/uploads\/2023\/06\/jason-goodman-vbxyFxlgpjM-unsplash-edited-scaled.jpg\",\"datePublished\":\"2023-06-24T12:42:04+00:00\",\"dateModified\":\"2024-02-27T19:03:00+00:00\",\"description\":\"Ich unterst\u00fctze Organisationen in der Entwicklung und Umsetzung von Innovations- und Ver\u00e4nderungsprozessen. Gestalten wir die Zukunft gemeinsam!\",\"breadcrumb\":{\"@id\":\"https:\/\/glab-consulting.at\/innovation\/#breadcrumb\"},\"inLanguage\":\"en-GB\",\"potentialAction\":[{\"@type\":\"ReadAction\",\"target\":[\"https:\/\/glab-consulting.at\/innovation\/\"]}]},{\"@type\":\"ImageObject\",\"inLanguage\":\"en-GB\",\"@id\":\"https:\/\/glab-consulting.at\/innovation\/#primaryimage\",\"url\":\"https:\/\/glab-consulting.at\/wp-content\/uploads\/2023\/06\/jason-goodman-vbxyFxlgpjM-unsplash-edited-scaled.jpg\",\"contentUrl\":\"https:\/\/glab-consulting.at\/wp-content\/uploads\/2023\/06\/jason-goodman-vbxyFxlgpjM-unsplash-edited-scaled.jpg\"},{\"@type\":\"BreadcrumbList\",\"@id\":\"https:\/\/glab-consulting.at\/innovation\/#breadcrumb\",\"itemListElement\":[{\"@type\":\"ListItem\",\"position\":1,\"name\":\"Startseite\",\"item\":\"https:\/\/glab-consulting.at\/\"},{\"@type\":\"ListItem\",\"position\":2,\"name\":\"Innovation &#038; Change\"}]},{\"@type\":\"WebSite\",\"@id\":\"https:\/\/glab-consulting.at\/#website\",\"url\":\"https:\/\/glab-consulting.at\/\",\"name\":\"gLAB - Public Sector Partner\",\"description\":\"\",\"potentialAction\":[{\"@type\":\"SearchAction\",\"target\":{\"@type\":\"EntryPoint\",\"urlTemplate\":\"https:\/\/glab-consulting.at\/?s={search_term_string}\"},\"query-input\":{\"@type\":\"PropertyValueSpecification\",\"valueRequired\":true,\"valueName\":\"search_term_string\"}}],\"inLanguage\":\"en-GB\"}]}<\/script>\n<!-- \/ Yoast SEO plugin. -->","yoast_head_json":{"title":"gLAB - Public Sector Partner - Innovation & Change","description":"Ich unterst\u00fctze Organisationen in der Entwicklung und Umsetzung von Innovations- und Ver\u00e4nderungsprozessen. Gestalten wir die Zukunft gemeinsam!","robots":{"index":"index","follow":"follow","max-snippet":"max-snippet:-1","max-image-preview":"max-image-preview:large","max-video-preview":"max-video-preview:-1"},"canonical":"https:\/\/glab-consulting.at\/en\/innovation\/","og_locale":"en_GB","og_type":"article","og_title":"gLAB - Public Sector Partner - Innovation & Change","og_description":"Ich unterst\u00fctze Organisationen in der Entwicklung und Umsetzung von Innovations- und Ver\u00e4nderungsprozessen. Gestalten wir die Zukunft gemeinsam!","og_url":"https:\/\/glab-consulting.at\/en\/innovation\/","og_site_name":"gLAB - Public Sector Partner","article_modified_time":"2024-02-27T19:03:00+00:00","og_image":[{"url":"https:\/\/glab-consulting.at\/wp-content\/uploads\/2023\/06\/jason-goodman-vbxyFxlgpjM-unsplash-edited-scaled.jpg","type":"","width":"","height":""}],"twitter_card":"summary_large_image","twitter_misc":{"Estimated reading time":"4 minutes"},"schema":{"@context":"https:\/\/schema.org","@graph":[{"@type":"WebPage","@id":"https:\/\/glab-consulting.at\/innovation\/","url":"https:\/\/glab-consulting.at\/innovation\/","name":"gLAB - Public Sector Partner - Innovation & Change","isPartOf":{"@id":"https:\/\/glab-consulting.at\/#website"},"primaryImageOfPage":{"@id":"https:\/\/glab-consulting.at\/innovation\/#primaryimage"},"image":{"@id":"https:\/\/glab-consulting.at\/innovation\/#primaryimage"},"thumbnailUrl":"https:\/\/glab-consulting.at\/wp-content\/uploads\/2023\/06\/jason-goodman-vbxyFxlgpjM-unsplash-edited-scaled.jpg","datePublished":"2023-06-24T12:42:04+00:00","dateModified":"2024-02-27T19:03:00+00:00","description":"Ich unterst\u00fctze Organisationen in der Entwicklung und Umsetzung von Innovations- und Ver\u00e4nderungsprozessen. Gestalten wir die Zukunft gemeinsam!","breadcrumb":{"@id":"https:\/\/glab-consulting.at\/innovation\/#breadcrumb"},"inLanguage":"en-GB","potentialAction":[{"@type":"ReadAction","target":["https:\/\/glab-consulting.at\/innovation\/"]}]},{"@type":"ImageObject","inLanguage":"en-GB","@id":"https:\/\/glab-consulting.at\/innovation\/#primaryimage","url":"https:\/\/glab-consulting.at\/wp-content\/uploads\/2023\/06\/jason-goodman-vbxyFxlgpjM-unsplash-edited-scaled.jpg","contentUrl":"https:\/\/glab-consulting.at\/wp-content\/uploads\/2023\/06\/jason-goodman-vbxyFxlgpjM-unsplash-edited-scaled.jpg"},{"@type":"BreadcrumbList","@id":"https:\/\/glab-consulting.at\/innovation\/#breadcrumb","itemListElement":[{"@type":"ListItem","position":1,"name":"Startseite","item":"https:\/\/glab-consulting.at\/"},{"@type":"ListItem","position":2,"name":"Innovation &#038; Change"}]},{"@type":"WebSite","@id":"https:\/\/glab-consulting.at\/#website","url":"https:\/\/glab-consulting.at\/","name":"gLAB - Public Sector Partner","description":"","potentialAction":[{"@type":"SearchAction","target":{"@type":"EntryPoint","urlTemplate":"https:\/\/glab-consulting.at\/?s={search_term_string}"},"query-input":{"@type":"PropertyValueSpecification","valueRequired":true,"valueName":"search_term_string"}}],"inLanguage":"en-GB"}]}},"_links":{"self":[{"href":"https:\/\/glab-consulting.at\/en\/wp-json\/wp\/v2\/pages\/230","targetHints":{"allow":["GET"]}}],"collection":[{"href":"https:\/\/glab-consulting.at\/en\/wp-json\/wp\/v2\/pages"}],"about":[{"href":"https:\/\/glab-consulting.at\/en\/wp-json\/wp\/v2\/types\/page"}],"author":[{"embeddable":true,"href":"https:\/\/glab-consulting.at\/en\/wp-json\/wp\/v2\/users\/1"}],"replies":[{"embeddable":true,"href":"https:\/\/glab-consulting.at\/en\/wp-json\/wp\/v2\/comments?post=230"}],"version-history":[{"count":112,"href":"https:\/\/glab-consulting.at\/en\/wp-json\/wp\/v2\/pages\/230\/revisions"}],"predecessor-version":[{"id":1195,"href":"https:\/\/glab-consulting.at\/en\/wp-json\/wp\/v2\/pages\/230\/revisions\/1195"}],"wp:attachment":[{"href":"https:\/\/glab-consulting.at\/en\/wp-json\/wp\/v2\/media?parent=230"}],"curies":[{"name":"wp","href":"https:\/\/api.w.org\/{rel}","templated":true}]}}