{"id":225,"date":"2023-07-06T12:07:10","date_gmt":"2023-07-06T10:07:10","guid":{"rendered":"https:\/\/glab-consulting.at\/?page_id=225"},"modified":"2024-02-28T18:23:38","modified_gmt":"2024-02-28T16:23:38","slug":"about","status":"publish","type":"page","link":"https:\/\/glab-consulting.at\/en\/about\/","title":{"rendered":"About"},"content":{"rendered":"<h2 class=\"wp-block-heading\">Alexander Gruenwald<\/h2>\n\n\n\n<p>As an architect of change and bridge builder with over 15 years of experience, I develop innovative solutions for the public and private sector. My expertise ranges from the implementation of impact-oriented management systems to the introduction of progressive practices in participation, innovation and knowledge management as well as digitalisation and new work. Despite all my attention to detail, I never lose sight of the overarching goal.<\/p>\n\n\n\n<p>I am your trustworthy and professional partner when it comes to reorganising structures, processes and services for the public sector and its partners. My services are flexibly customised to your individual requirements - from targeted consulting to the complete management of extensive projects. Supported by a diverse network of experts, I guarantee the targeted and efficient realisation of your projects, regardless of their size or complexity, throughout Europe.<\/p>\n\n\n\n<h2 class=\"wp-block-heading\"><mark style=\"background-color:var(--accent)\" class=\"has-inline-color has-base-3-color\">An impact-orientated, participatory and innovative administration is the prerequisite for a strong democracy.<\/mark><\/h2>\n\n\n<div class=\"gb-container gb-container-6091f674\">\n\n<div class=\"wp-block-columns is-layout-flex wp-container-core-columns-is-layout-9d6595d7 wp-block-columns-is-layout-flex\">\n<div class=\"wp-block-column is-layout-flow wp-block-column-is-layout-flow\">\n<figure class=\"wp-block-image size-large is-resized wp-duotone-unset-1\"><img loading=\"lazy\" decoding=\"async\" width=\"1024\" height=\"640\" src=\"https:\/\/glab-consulting.at\/wp-content\/uploads\/2023\/07\/Alexander-Gruenwald-e1690273399467-1024x640.png\" alt=\"Alexander Gr\u00fcnwald\" class=\"wp-image-946\" style=\"width:651px;height:auto\" srcset=\"https:\/\/glab-consulting.at\/wp-content\/uploads\/2023\/07\/Alexander-Gruenwald-e1690273399467-1024x640.png 1024w, https:\/\/glab-consulting.at\/wp-content\/uploads\/2023\/07\/Alexander-Gruenwald-e1690273399467-300x187.png 300w, https:\/\/glab-consulting.at\/wp-content\/uploads\/2023\/07\/Alexander-Gruenwald-e1690273399467-768x480.png 768w, https:\/\/glab-consulting.at\/wp-content\/uploads\/2023\/07\/Alexander-Gruenwald-e1690273399467-1536x959.png 1536w, https:\/\/glab-consulting.at\/wp-content\/uploads\/2023\/07\/Alexander-Gruenwald-e1690273399467-2048x1279.png 2048w, https:\/\/glab-consulting.at\/wp-content\/uploads\/2023\/07\/Alexander-Gruenwald-e1690273399467-18x12.png 18w\" sizes=\"auto, (max-width: 1024px) 100vw, 1024px\" \/><figcaption class=\"wp-element-caption\">Alexander Gruenwald<\/figcaption><\/figure>\n<\/div>\n\n\n\n<div class=\"wp-block-column is-vertically-aligned-center is-layout-flow wp-block-column-is-layout-flow\">\n<p>In my role as a head of department and policy officer, I have made a significant contribution to increasing efficiency and effectiveness in the Austrian federal administration. Through my work, which has taken me to numerous international organisations and European institutions, I have been able to learn from the best. As an international project evaluator, I was able to continuously hone my expertise based on global best practices.<\/p>\n\n\n\n<p>The cross-sectoral exchange with stakeholders from science, business and civil society has proven to be essential for the implementation of complex initiatives. I am particularly proud of the founding and long-standing management of Austria's first innovation laboratory for the public sector. As a hub in the European innovation network, the lab and its dedicated team have realised several pioneering projects. In my consultancy work, I have supported numerous public institutions in the development and implementation of change projects.<\/p>\n<\/div>\n<\/div>\n\n<\/div>\n\n\n<p>My practical experience is also reflected in my academic work, where I have published white papers, manuals and articles, developed teaching materials and worked as a lecturer in the fields of performance management, innovation management, e-government and knowledge management. As a lecturer and speaker, I have been sharing my knowledge of effective, citizen-centred and innovative administration throughout Europe for many years.  In addition, I have proven my talent for creating interactive and educational experiences by conceptualising and moderating events, including the largest innovation conference for the public sector in Austria.<\/p>\n\n\n\n<div class=\"wp-block-columns is-layout-flex wp-container-core-columns-is-layout-9d6595d7 wp-block-columns-is-layout-flex\">\n<div class=\"wp-block-column is-layout-flow wp-block-column-is-layout-flow\">\n<h2 class=\"wp-block-heading\"><mark style=\"background-color:var(--accent)\" class=\"has-inline-color has-base-3-color\">Through the tailor-made implementation of projects in the focus areas of organisational management, change management and participation, I work with my clients on the central levers of a future-proof and sustainable public sector.<\/mark><\/h2>\n<\/div>\n<\/div>\n\n\n<div class=\"gb-container gb-container-c6e364c0\">\n\n<div class=\"wp-block-columns is-layout-flex wp-container-core-columns-is-layout-9d6595d7 wp-block-columns-is-layout-flex\">\n<div class=\"wp-block-column is-layout-flow wp-block-column-is-layout-flow\">\n<figure class=\"wp-block-image size-large\"><img decoding=\"async\" src=\"https:\/\/glab-consulting.at\/wp-content\/uploads\/2023\/07\/IMGP1794-1024x678.jpeg\" alt=\"Alexander Gr\u00fcnwald\" class=\"wp-image-662\"\/><figcaption class=\"wp-element-caption\">European Forum Alpbach<\/figcaption><\/figure>\n<\/div>\n\n\n\n<div class=\"wp-block-column is-layout-flow wp-block-column-is-layout-flow\">\n<p>As an experienced consultant and project manager, I offer you specialised know-how in the fields of organisational development, steering mechanisms, innovation promotion, change management and participation. My expertise is based on the successful conception and realisation of pioneering projects in various policy fields. My scientifically sound and field-tested expertise enables me to develop tailor-made solutions for the individual challenges of your organisation. My extensive, internationally diversified network, formed through projects, publications, lectures and the organisation of high-calibre events, offers you access to a broad pool of contacts and specialist knowledge.<\/p>\n\n\n\n<div class=\"wp-block-columns is-layout-flex wp-container-core-columns-is-layout-9d6595d7 wp-block-columns-is-layout-flex\">\n<div class=\"wp-block-column is-layout-flow wp-block-column-is-layout-flow\" style=\"flex-basis:66.66%\">\n<p>You are looking for a consultant, project manager and speaker who combines in-depth expertise with extensive practical experience and is dedication to innovation and public management? Then you've come to the right place! I look forward to working with you to unlock new potential and accompany your organisation on its journey.<\/p>\n<\/div>\n\n\n\n<div class=\"wp-block-column is-layout-flow wp-block-column-is-layout-flow\" style=\"flex-basis:33.33%\">\n<figure class=\"wp-block-image size-large is-resized\"><img loading=\"lazy\" decoding=\"async\" width=\"1024\" height=\"1024\" src=\"https:\/\/glab-consulting.at\/wp-content\/uploads\/2024\/02\/PMI-Member-Badge_2024-1024x1024.png\" alt=\"PMI Member Badge_2024\" class=\"wp-image-1249\" style=\"width:155px;height:auto\" srcset=\"https:\/\/glab-consulting.at\/wp-content\/uploads\/2024\/02\/PMI-Member-Badge_2024-1024x1024.png 1024w, https:\/\/glab-consulting.at\/wp-content\/uploads\/2024\/02\/PMI-Member-Badge_2024-300x300.png 300w, https:\/\/glab-consulting.at\/wp-content\/uploads\/2024\/02\/PMI-Member-Badge_2024-150x150.png 150w, https:\/\/glab-consulting.at\/wp-content\/uploads\/2024\/02\/PMI-Member-Badge_2024-768x768.png 768w, https:\/\/glab-consulting.at\/wp-content\/uploads\/2024\/02\/PMI-Member-Badge_2024-1536x1536.png 1536w, https:\/\/glab-consulting.at\/wp-content\/uploads\/2024\/02\/PMI-Member-Badge_2024-12x12.png 12w, https:\/\/glab-consulting.at\/wp-content\/uploads\/2024\/02\/PMI-Member-Badge_2024.png 1800w\" sizes=\"auto, (max-width: 1024px) 100vw, 1024px\" \/><\/figure>\n<\/div>\n<\/div>\n<\/div>\n<\/div>\n\n<\/div>\n\n\n<h2 class=\"wp-block-heading\"><mark style=\"background-color:var(--accent)\" class=\"has-inline-color has-base-3-color\">Reliability, trust, openness and flexibility are my core values for effective and successful cooperation in a spirit of partnership.<\/mark><\/h2>\n\n\n\n<h4 class=\"wp-block-heading\"><strong><a href=\"https:\/\/glab-consulting.at\/en\/kontakt\/\" target=\"_blank\" rel=\"noreferrer noopener\">Contact me today<\/a><\/strong> and find out how I can support you together with my network of experts. I look forward to making your vision a reality with you!<\/h4>\n\n\n\n<ul class=\"wp-block-social-links is-layout-flex wp-block-social-links-is-layout-flex\"><li class=\"wp-social-link wp-social-link-linkedin  wp-block-social-link\"><a href=\"https:\/\/www.linkedin.com\/in\/alexander-gruenwald-vienna\/\" class=\"wp-block-social-link-anchor\"><svg width=\"24\" height=\"24\" viewbox=\"0 0 24 24\" version=\"1.1\" xmlns=\"http:\/\/www.w3.org\/2000\/svg\" aria-hidden=\"true\" focusable=\"false\"><path d=\"M19.7,3H4.3C3.582,3,3,3.582,3,4.3v15.4C3,20.418,3.582,21,4.3,21h15.4c0.718,0,1.3-0.582,1.3-1.3V4.3 C21,3.582,20.418,3,19.7,3z M8.339,18.338H5.667v-8.59h2.672V18.338z M7.004,8.574c-0.857,0-1.549-0.694-1.549-1.548 c0-0.855,0.691-1.548,1.549-1.548c0.854,0,1.547,0.694,1.547,1.548C8.551,7.881,7.858,8.574,7.004,8.574z M18.339,18.338h-2.669 v-4.177c0-0.996-0.017-2.278-1.387-2.278c-1.389,0-1.601,1.086-1.601,2.206v4.249h-2.667v-8.59h2.559v1.174h0.037 c0.356-0.675,1.227-1.387,2.526-1.387c2.703,0,3.203,1.779,3.203,4.092V18.338z\"><\/path><\/svg><span class=\"wp-block-social-link-label screen-reader-text\">LinkedIn<\/span><\/a><\/li><\/ul>\n\n\n<div class=\"gb-container gb-container-a460335e\">\n\n<div class=\"wp-block-columns is-layout-flex wp-container-core-columns-is-layout-9d6595d7 wp-block-columns-is-layout-flex\">\n<div class=\"wp-block-column is-layout-flow wp-block-column-is-layout-flow\" style=\"flex-basis:100%\">\n<div class=\"wp-block-columns is-layout-flex wp-container-core-columns-is-layout-9d6595d7 wp-block-columns-is-layout-flex\">\n<div class=\"wp-block-column is-layout-flow wp-block-column-is-layout-flow\" style=\"flex-basis:33.33%\">\n<figure class=\"wp-block-image size-large is-resized\"><img loading=\"lazy\" decoding=\"async\" width=\"1024\" height=\"708\" src=\"https:\/\/glab-consulting.at\/wp-content\/uploads\/2023\/11\/WN_logo_FINAL_CMYK-1024x708.png\" alt=\"Whats's Next Institute\" class=\"wp-image-1055\" style=\"width:354px;height:auto\" srcset=\"https:\/\/glab-consulting.at\/wp-content\/uploads\/2023\/11\/WN_logo_FINAL_CMYK-1024x708.png 1024w, https:\/\/glab-consulting.at\/wp-content\/uploads\/2023\/11\/WN_logo_FINAL_CMYK-300x207.png 300w, https:\/\/glab-consulting.at\/wp-content\/uploads\/2023\/11\/WN_logo_FINAL_CMYK-768x531.png 768w, https:\/\/glab-consulting.at\/wp-content\/uploads\/2023\/11\/WN_logo_FINAL_CMYK-18x12.png 18w, https:\/\/glab-consulting.at\/wp-content\/uploads\/2023\/11\/WN_logo_FINAL_CMYK.png 1413w\" sizes=\"auto, (max-width: 1024px) 100vw, 1024px\" \/><\/figure>\n<\/div>\n\n\n\n<div class=\"wp-block-column is-layout-flow wp-block-column-is-layout-flow\" style=\"flex-basis:66.66%\">\n<h2 class=\"wp-block-heading\"><mark style=\"background-color:var(--accent)\" class=\"has-inline-color has-base-3-color\">Every project is unique. Strong partners are the key to success!<\/mark><\/h2>\n\n\n\n<h5 class=\"wp-block-heading\">The <strong><a href=\"https:\/\/www.whatisnext.at\" target=\"_blank\" rel=\"noreferrer noopener\">WHAT&#8217;S NEXT INSTITUTE<\/a><\/strong> helps organisations in business, politics and society to deal with the future in a structured way. After all, the future is no longer what it used to be. Gone is the illusion of planning certainty and linear developments. However, those who recognise changes and their potential earlier than others gain a head start and open up scope for action and innovation.<\/h5>\n<\/div>\n<\/div>\n<\/div>\n<\/div>\n\n<\/div>","protected":false},"excerpt":{"rendered":"<p>Alexander Gr\u00fcnwald Als Architekt des Wandels und Br\u00fcckenbauer entwickle ich mit \u00fcber 15 Jahren Erfahrung innovative L\u00f6sungen f\u00fcr den \u00f6ffentlichen und privaten Sektor. Meine Expertise spannt sich von der Implementierung wirkungsorientierter Managementsystem bis hin zur Einf\u00fchrung fortschrittlicher Praktiken in Partizipation, Innovations- und Wissensmanagement sowie Digitalisierung und New Work. Trotz aller Liebe zum Detail, verliere ich &#8230; <a title=\"About\" class=\"read-more\" href=\"https:\/\/glab-consulting.at\/en\/about\/\" aria-label=\"Read more about About\">Read more<\/a><\/p>","protected":false},"author":1,"featured_media":0,"parent":0,"menu_order":0,"comment_status":"closed","ping_status":"closed","template":"","meta":{"_monsterinsights_skip_tracking":false,"_monsterinsights_sitenote_active":false,"_monsterinsights_sitenote_note":"","_monsterinsights_sitenote_category":0,"footnotes":""},"class_list":["post-225","page","type-page","status-publish"],"yoast_head":"<!-- This site is optimized with the Yoast SEO plugin v26.9 - https:\/\/yoast.com\/product\/yoast-seo-wordpress\/ -->\n<title>gLAB - Public Sector Partner - Alexander Gr\u00fcnwald<\/title>\n<meta name=\"description\" content=\"Mein Name ist Alexander Gr\u00fcnwald und ich arbeite mit meinen Kund:innen an einer effektiven, B\u00fcrger:innen-nahen und innovativen Verwaltung.\" \/>\n<meta name=\"robots\" content=\"index, follow, max-snippet:-1, max-image-preview:large, max-video-preview:-1\" \/>\n<link rel=\"canonical\" href=\"https:\/\/glab-consulting.at\/en\/about\/\" \/>\n<meta property=\"og:locale\" content=\"en_GB\" \/>\n<meta property=\"og:type\" content=\"article\" \/>\n<meta property=\"og:title\" content=\"gLAB - Public Sector Partner - Alexander Gr\u00fcnwald\" \/>\n<meta property=\"og:description\" content=\"Mein Name ist Alexander Gr\u00fcnwald und ich arbeite mit meinen Kund:innen an einer effektiven, B\u00fcrger:innen-nahen und innovativen Verwaltung.\" \/>\n<meta property=\"og:url\" content=\"https:\/\/glab-consulting.at\/en\/about\/\" \/>\n<meta property=\"og:site_name\" content=\"gLAB - Public Sector Partner\" \/>\n<meta property=\"article:modified_time\" content=\"2024-02-28T16:23:38+00:00\" \/>\n<meta property=\"og:image\" content=\"https:\/\/glab-consulting.at\/wp-content\/uploads\/2023\/07\/Alexander-Gruenwald-e1690273399467-1024x640.png\" \/>\n<meta name=\"twitter:card\" content=\"summary_large_image\" \/>\n<meta name=\"twitter:label1\" content=\"Estimated reading time\" \/>\n\t<meta name=\"twitter:data1\" content=\"5 minutes\" \/>\n<script type=\"application\/ld+json\" class=\"yoast-schema-graph\">{\"@context\":\"https:\/\/schema.org\",\"@graph\":[{\"@type\":\"WebPage\",\"@id\":\"https:\/\/glab-consulting.at\/about\/\",\"url\":\"https:\/\/glab-consulting.at\/about\/\",\"name\":\"gLAB - Public Sector Partner - Alexander Gr\u00fcnwald\",\"isPartOf\":{\"@id\":\"https:\/\/glab-consulting.at\/#website\"},\"primaryImageOfPage\":{\"@id\":\"https:\/\/glab-consulting.at\/about\/#primaryimage\"},\"image\":{\"@id\":\"https:\/\/glab-consulting.at\/about\/#primaryimage\"},\"thumbnailUrl\":\"https:\/\/glab-consulting.at\/wp-content\/uploads\/2023\/07\/Alexander-Gruenwald-e1690273399467-1024x640.png\",\"datePublished\":\"2023-07-06T10:07:10+00:00\",\"dateModified\":\"2024-02-28T16:23:38+00:00\",\"description\":\"Mein Name ist Alexander Gr\u00fcnwald und ich arbeite mit meinen Kund:innen an einer effektiven, B\u00fcrger:innen-nahen und innovativen Verwaltung.\",\"breadcrumb\":{\"@id\":\"https:\/\/glab-consulting.at\/about\/#breadcrumb\"},\"inLanguage\":\"en-GB\",\"potentialAction\":[{\"@type\":\"ReadAction\",\"target\":[\"https:\/\/glab-consulting.at\/about\/\"]}]},{\"@type\":\"ImageObject\",\"inLanguage\":\"en-GB\",\"@id\":\"https:\/\/glab-consulting.at\/about\/#primaryimage\",\"url\":\"https:\/\/glab-consulting.at\/wp-content\/uploads\/2023\/07\/Alexander-Gruenwald-e1690273399467-1024x640.png\",\"contentUrl\":\"https:\/\/glab-consulting.at\/wp-content\/uploads\/2023\/07\/Alexander-Gruenwald-e1690273399467-1024x640.png\"},{\"@type\":\"BreadcrumbList\",\"@id\":\"https:\/\/glab-consulting.at\/about\/#breadcrumb\",\"itemListElement\":[{\"@type\":\"ListItem\",\"position\":1,\"name\":\"Startseite\",\"item\":\"https:\/\/glab-consulting.at\/\"},{\"@type\":\"ListItem\",\"position\":2,\"name\":\"About\"}]},{\"@type\":\"WebSite\",\"@id\":\"https:\/\/glab-consulting.at\/#website\",\"url\":\"https:\/\/glab-consulting.at\/\",\"name\":\"gLAB - Public Sector Partner\",\"description\":\"\",\"potentialAction\":[{\"@type\":\"SearchAction\",\"target\":{\"@type\":\"EntryPoint\",\"urlTemplate\":\"https:\/\/glab-consulting.at\/?s={search_term_string}\"},\"query-input\":{\"@type\":\"PropertyValueSpecification\",\"valueRequired\":true,\"valueName\":\"search_term_string\"}}],\"inLanguage\":\"en-GB\"}]}<\/script>\n<!-- \/ Yoast SEO plugin. -->","yoast_head_json":{"title":"gLAB - Public Sector Partner - Alexander Gr\u00fcnwald","description":"Mein Name ist Alexander Gr\u00fcnwald und ich arbeite mit meinen Kund:innen an einer effektiven, B\u00fcrger:innen-nahen und innovativen Verwaltung.","robots":{"index":"index","follow":"follow","max-snippet":"max-snippet:-1","max-image-preview":"max-image-preview:large","max-video-preview":"max-video-preview:-1"},"canonical":"https:\/\/glab-consulting.at\/en\/about\/","og_locale":"en_GB","og_type":"article","og_title":"gLAB - Public Sector Partner - Alexander Gr\u00fcnwald","og_description":"Mein Name ist Alexander Gr\u00fcnwald und ich arbeite mit meinen Kund:innen an einer effektiven, B\u00fcrger:innen-nahen und innovativen Verwaltung.","og_url":"https:\/\/glab-consulting.at\/en\/about\/","og_site_name":"gLAB - Public Sector Partner","article_modified_time":"2024-02-28T16:23:38+00:00","og_image":[{"url":"https:\/\/glab-consulting.at\/wp-content\/uploads\/2023\/07\/Alexander-Gruenwald-e1690273399467-1024x640.png","type":"","width":"","height":""}],"twitter_card":"summary_large_image","twitter_misc":{"Estimated reading time":"5 minutes"},"schema":{"@context":"https:\/\/schema.org","@graph":[{"@type":"WebPage","@id":"https:\/\/glab-consulting.at\/about\/","url":"https:\/\/glab-consulting.at\/about\/","name":"gLAB - Public Sector Partner - Alexander Gr\u00fcnwald","isPartOf":{"@id":"https:\/\/glab-consulting.at\/#website"},"primaryImageOfPage":{"@id":"https:\/\/glab-consulting.at\/about\/#primaryimage"},"image":{"@id":"https:\/\/glab-consulting.at\/about\/#primaryimage"},"thumbnailUrl":"https:\/\/glab-consulting.at\/wp-content\/uploads\/2023\/07\/Alexander-Gruenwald-e1690273399467-1024x640.png","datePublished":"2023-07-06T10:07:10+00:00","dateModified":"2024-02-28T16:23:38+00:00","description":"Mein Name ist Alexander Gr\u00fcnwald und ich arbeite mit meinen Kund:innen an einer effektiven, B\u00fcrger:innen-nahen und innovativen Verwaltung.","breadcrumb":{"@id":"https:\/\/glab-consulting.at\/about\/#breadcrumb"},"inLanguage":"en-GB","potentialAction":[{"@type":"ReadAction","target":["https:\/\/glab-consulting.at\/about\/"]}]},{"@type":"ImageObject","inLanguage":"en-GB","@id":"https:\/\/glab-consulting.at\/about\/#primaryimage","url":"https:\/\/glab-consulting.at\/wp-content\/uploads\/2023\/07\/Alexander-Gruenwald-e1690273399467-1024x640.png","contentUrl":"https:\/\/glab-consulting.at\/wp-content\/uploads\/2023\/07\/Alexander-Gruenwald-e1690273399467-1024x640.png"},{"@type":"BreadcrumbList","@id":"https:\/\/glab-consulting.at\/about\/#breadcrumb","itemListElement":[{"@type":"ListItem","position":1,"name":"Startseite","item":"https:\/\/glab-consulting.at\/"},{"@type":"ListItem","position":2,"name":"About"}]},{"@type":"WebSite","@id":"https:\/\/glab-consulting.at\/#website","url":"https:\/\/glab-consulting.at\/","name":"gLAB - Public Sector Partner","description":"","potentialAction":[{"@type":"SearchAction","target":{"@type":"EntryPoint","urlTemplate":"https:\/\/glab-consulting.at\/?s={search_term_string}"},"query-input":{"@type":"PropertyValueSpecification","valueRequired":true,"valueName":"search_term_string"}}],"inLanguage":"en-GB"}]}},"_links":{"self":[{"href":"https:\/\/glab-consulting.at\/en\/wp-json\/wp\/v2\/pages\/225","targetHints":{"allow":["GET"]}}],"collection":[{"href":"https:\/\/glab-consulting.at\/en\/wp-json\/wp\/v2\/pages"}],"about":[{"href":"https:\/\/glab-consulting.at\/en\/wp-json\/wp\/v2\/types\/page"}],"author":[{"embeddable":true,"href":"https:\/\/glab-consulting.at\/en\/wp-json\/wp\/v2\/users\/1"}],"replies":[{"embeddable":true,"href":"https:\/\/glab-consulting.at\/en\/wp-json\/wp\/v2\/comments?post=225"}],"version-history":[{"count":48,"href":"https:\/\/glab-consulting.at\/en\/wp-json\/wp\/v2\/pages\/225\/revisions"}],"predecessor-version":[{"id":1252,"href":"https:\/\/glab-consulting.at\/en\/wp-json\/wp\/v2\/pages\/225\/revisions\/1252"}],"wp:attachment":[{"href":"https:\/\/glab-consulting.at\/en\/wp-json\/wp\/v2\/media?parent=225"}],"curies":[{"name":"wp","href":"https:\/\/api.w.org\/{rel}","templated":true}]}}