{"id":215,"date":"2023-07-05T16:42:42","date_gmt":"2023-07-05T14:42:42","guid":{"rendered":"https:\/\/glab-consulting.at\/?page_id=215"},"modified":"2025-05-16T14:40:06","modified_gmt":"2025-05-16T12:40:06","slug":"partiziaption-und-open-government","status":"publish","type":"page","link":"https:\/\/glab-consulting.at\/en\/partiziaption-und-open-government\/","title":{"rendered":"Partizipation &#038; Open Government"},"content":{"rendered":"<div class=\"wp-block-cover is-light\"><img loading=\"lazy\" decoding=\"async\" width=\"1024\" height=\"640\" class=\"wp-block-cover__image-background wp-image-309\" alt=\"Workshop\" src=\"https:\/\/glab-consulting.at\/wp-content\/uploads\/2023\/06\/a.gruenwald_business_professionals_and_civil_servants_participa_f22040b9-8622-4e6d-9a9d-9a1a6aa0fc81-edited.png\" data-object-fit=\"cover\" srcset=\"https:\/\/glab-consulting.at\/wp-content\/uploads\/2023\/06\/a.gruenwald_business_professionals_and_civil_servants_participa_f22040b9-8622-4e6d-9a9d-9a1a6aa0fc81-edited.png 1024w, https:\/\/glab-consulting.at\/wp-content\/uploads\/2023\/06\/a.gruenwald_business_professionals_and_civil_servants_participa_f22040b9-8622-4e6d-9a9d-9a1a6aa0fc81-edited-300x188.png 300w, https:\/\/glab-consulting.at\/wp-content\/uploads\/2023\/06\/a.gruenwald_business_professionals_and_civil_servants_participa_f22040b9-8622-4e6d-9a9d-9a1a6aa0fc81-edited-768x480.png 768w\" sizes=\"auto, (max-width: 1024px) 100vw, 1024px\" \/><span aria-hidden=\"true\" class=\"wp-block-cover__background has-background-dim\"><\/span><div class=\"wp-block-cover__inner-container is-layout-flow wp-block-cover-is-layout-flow\">\n<p class=\"has-text-align-center has-large-font-size\"><strong><mark style=\"background-color:var(--accent)\" class=\"has-inline-color has-base-2-color\">PARTICIPATION<br>OPEN GOVERNMENT<\/mark><\/strong><\/p>\n<\/div><\/div>\n\n\n\n<p><\/p>\n\n\n\n<h1 class=\"wp-block-heading\">Making Participation and Open Government Work<\/h1>\n\n\n\n<h4 class=\"wp-block-heading\">Participation and Open Government are key levers for meaningful change in organizations.<br>In an era of growing complexity and rising expectations around transparency, accountability and engagement, they help build trust, encourage shared responsibility and strengthen the legitimacy of decisions.<br>Participation becomes effective when it is well prepared, strategically embedded and consistently implemented, both within organizations and in collaboration with citizens, users or partner institutions.<br>Open Government complements this by fostering structural transparency, open data and traceable processes. In doing so, it enables a culture of collaboration and innovation.<\/h4>\n\n\n\n<h2 class=\"wp-block-heading\"><mark style=\"background-color:var(--accent)\" class=\"has-inline-color has-base-3-color\">What defines effective participation<\/mark><\/h2>\n\n\n\n<h4 class=\"wp-block-heading\">Effective participation is grounded in clear objectives, suitable methodology and strong communication.\nIt creates space for dialogue and diversity and brings the right people together at the right time.<\/h4>\n\n\n\n<div class=\"wp-block-columns is-layout-flex wp-container-core-columns-is-layout-9d6595d7 wp-block-columns-is-layout-flex\">\n<div class=\"wp-block-column is-vertically-aligned-center is-layout-flow wp-block-column-is-layout-flow\">\n<figure class=\"gb-block-image gb-block-image-cfab7a32\"><img loading=\"lazy\" decoding=\"async\" width=\"640\" height=\"640\" class=\"gb-image gb-image-cfab7a32\" src=\"https:\/\/glab-consulting.at\/wp-content\/uploads\/2023\/06\/a.gruenwald_young_citizens_at_a_stand_in_the_street_looking_at__0a029f8d-5170-4950-a069-7e125e6c9447-edited-2-e1747398976336.png\" alt=\"Jugendbeteiligung\" title=\"Jugendbeteiligung_WEB\" srcset=\"https:\/\/glab-consulting.at\/wp-content\/uploads\/2023\/06\/a.gruenwald_young_citizens_at_a_stand_in_the_street_looking_at__0a029f8d-5170-4950-a069-7e125e6c9447-edited-2-e1747398976336.png 640w, https:\/\/glab-consulting.at\/wp-content\/uploads\/2023\/06\/a.gruenwald_young_citizens_at_a_stand_in_the_street_looking_at__0a029f8d-5170-4950-a069-7e125e6c9447-edited-2-e1747398976336-300x300.png 300w, https:\/\/glab-consulting.at\/wp-content\/uploads\/2023\/06\/a.gruenwald_young_citizens_at_a_stand_in_the_street_looking_at__0a029f8d-5170-4950-a069-7e125e6c9447-edited-2-e1747398976336-150x150.png 150w, https:\/\/glab-consulting.at\/wp-content\/uploads\/2023\/06\/a.gruenwald_young_citizens_at_a_stand_in_the_street_looking_at__0a029f8d-5170-4950-a069-7e125e6c9447-edited-2-e1747398976336-12x12.png 12w\" sizes=\"auto, (max-width: 640px) 100vw, 640px\" \/><\/figure>\n<\/div>\n\n\n\n<div class=\"wp-block-column is-vertically-aligned-center is-layout-flow wp-block-column-is-layout-flow\">\n<h4 class=\"wp-block-heading\">Key characteristics include:<\/h4>\n\n\n\n<ul style=\"list-style-type: disc; padding-left: 0; margin-left: 1.2em; font-size: 1.4em; font-weight: normal; line-height: 1.6;\">\n  <li>strategic integration within the organization<\/li>\n  <li>targeted identification and involvement of relevant stakeholders<\/li>\n  <li>appropriate formats from co-design to deliberative processes<\/li>\n  <li>continuous communication and transparent processing of results<\/li>\n  <li>a learning mindset \u2013 with openness to evaluation and adaptation<\/li>\n<\/ul>\n\n\n\n<h4 class=\"wp-block-heading\">Professionally designed participation strengthens organizational learning, legitimizes decisions and fosters shared ownership and accountability.<\/h4>\n<\/div>\n<\/div>\n\n\n\n<h2 class=\"wp-block-heading\"><mark style=\"background-color:var(--accent)\" class=\"has-inline-color has-base-3-color\">Recognizing and addressing key challenges<\/mark><\/h2>\n\n\n\n<h4 class=\"wp-block-heading\">Designing and implementing meaningful participation is demanding. It requires not only time and resources, but also structural and cultural readiness.<\/h4>\n\n\n\n<div class=\"wp-block-columns are-vertically-aligned-center is-layout-flex wp-container-core-columns-is-layout-9d6595d7 wp-block-columns-is-layout-flex\">\n<div class=\"wp-block-column is-vertically-aligned-center is-layout-flow wp-block-column-is-layout-flow\">\n<h4 class=\"wp-block-heading\">Typical challenges include:<\/h4>\n\n\n\n<ul style=\"list-style-type: disc; padding-left: 0; margin-left: 1.2em; font-size: 1.4em; font-weight: normal; line-height: 1.6;\">\n  <li>unclear goals, roles or responsibilities<\/li>\n  <li>limited reach or representativeness<\/li>\n  <li>insufficient space for dialogue or open outcomes<\/li>\n  <li>lack of resources or communication structures<\/li>\n<\/ul>\n\n\n\n<h4 class=\"wp-block-heading\">These challenges make it clear: Effective participation is not automatic. It requires clarity, structure and deliberate design.<\/h4>\n<\/div>\n\n\n\n<div class=\"wp-block-column is-vertically-aligned-center is-layout-flow wp-block-column-is-layout-flow\">\n<figure class=\"gb-block-image gb-block-image-08f09355\"><img loading=\"lazy\" decoding=\"async\" width=\"640\" height=\"640\" class=\"gb-image gb-image-08f09355\" src=\"https:\/\/glab-consulting.at\/wp-content\/uploads\/2023\/08\/a.gruenwald_holding_a_seminar_in_front_of_a_small_group_of_youn_7930a03c-77ee-425c-9067-b6a3e5760503-e1747399176393.png\" alt=\"Citizen Workshop2\" title=\"Citizen Workshop2_WEB\" srcset=\"https:\/\/glab-consulting.at\/wp-content\/uploads\/2023\/08\/a.gruenwald_holding_a_seminar_in_front_of_a_small_group_of_youn_7930a03c-77ee-425c-9067-b6a3e5760503-e1747399176393.png 640w, https:\/\/glab-consulting.at\/wp-content\/uploads\/2023\/08\/a.gruenwald_holding_a_seminar_in_front_of_a_small_group_of_youn_7930a03c-77ee-425c-9067-b6a3e5760503-e1747399176393-300x300.png 300w, https:\/\/glab-consulting.at\/wp-content\/uploads\/2023\/08\/a.gruenwald_holding_a_seminar_in_front_of_a_small_group_of_youn_7930a03c-77ee-425c-9067-b6a3e5760503-e1747399176393-150x150.png 150w, https:\/\/glab-consulting.at\/wp-content\/uploads\/2023\/08\/a.gruenwald_holding_a_seminar_in_front_of_a_small_group_of_youn_7930a03c-77ee-425c-9067-b6a3e5760503-e1747399176393-12x12.png 12w\" sizes=\"auto, (max-width: 640px) 100vw, 640px\" \/><\/figure>\n<\/div>\n<\/div>\n\n\n\n<div class=\"wp-block-columns is-layout-flex wp-container-core-columns-is-layout-9d6595d7 wp-block-columns-is-layout-flex\">\n<div class=\"wp-block-column is-layout-flow wp-block-column-is-layout-flow\">\n<h2 class=\"wp-block-heading\"><mark style=\"background-color:var(--accent)\" class=\"has-inline-color has-base-3-color\">Tailored support with structure<\/mark><\/h2>\n<\/div>\n\n\n\n<div class=\"wp-block-column is-layout-flow wp-block-column-is-layout-flow\"><\/div>\n<\/div>\n\n\n\n<h4 class=\"wp-block-heading\">gLAB supports organizations in the design, implementation and development of participatory and transparency-oriented processes: from initial concept to long-term integration.<\/h4>\n\n\n\n<h4 class=\"wp-block-heading\">The service portfolio includes:<\/h4>\n\n\n\n<ul style=\"list-style-type: disc; padding-left: 0; margin-left: 1.2em; font-size: 1.4em; font-weight: normal; line-height: 1.6;\">\n  <li>strategic consulting, stakeholder and context analysis<\/li>\n  <li>design and facilitation of integrated participation processes<\/li>\n  <li>development of appropriate methods and communication formats<\/li>\n  <li>transferring results into organizational strategy and practice<\/li>\n  <li>selective consulting or full process management<\/li>\n<\/ul>\n\n\n\n<h4 class=\"wp-block-heading\">Depending on the project, I collaborate with a trusted network of professionals from public administration, participation practice, academia and communications.<\/h4>\n\n\n\n<div class=\"wp-block-columns is-layout-flex wp-container-core-columns-is-layout-9d6595d7 wp-block-columns-is-layout-flex\">\n<div class=\"wp-block-column is-layout-flow wp-block-column-is-layout-flow\">\n<h4 class=\"wp-block-heading\"><strong><a href=\"https:\/\/glab-consulting.at\/en\/kontakt\/\" target=\"_blank\" rel=\"noreferrer noopener\"><mark style=\"background-color:rgba(0, 0, 0, 0)\" class=\"has-inline-color has-accent-color\">Contact us today<\/mark><\/a><\/strong> to learn more about how I can support you in designing participation processes and transparency projects. Together we can shape a participatory future!<\/h4>\n\n\n\n<h4 class=\"wp-block-heading\">For your knowledge advantage in the field of participation,<strong> <a href=\"https:\/\/glab-consulting.at\/en\/fasttrack-workshop-engage\/\">find out more about the <em>FastTrack-Workshop<\/em> ENGAGE+<\/a><\/strong><\/h4>\n\n\n\n<h4 class=\"gb-headline gb-headline-aa85323b gb-headline-text\">For your knowledge advantage in the field of open government<strong> <a href=\"https:\/\/glab-consulting.at\/en\/fasttrack-workshop-trust\/\">find out more about the <em>FastTrack-Workshop<\/em> TRUST+<\/a><\/strong><\/h4>\n\n\n\n<h4 class=\"gb-headline gb-headline-c44ad4f9 gb-headline-text\">If you want to learn how we support municipalities and young people in strengthening local participation together, visit our <strong><a href=\"https:\/\/glab-consulting.at\/en\/jugend-macht-gemeinde\/\">Project JUGEND MACHT GEMEINDE (German only)<\/a><\/strong><\/h4>\n\n\n\n<p><\/p>\n<\/div>\n\n\n\n<div class=\"wp-block-column is-layout-flow wp-block-column-is-layout-flow\"><\/div>\n<\/div>\n\n\n<div class=\"gb-container gb-container-9a6f572c\">\n\n<div class=\"wp-block-columns is-layout-flex wp-container-core-columns-is-layout-9d6595d7 wp-block-columns-is-layout-flex\">\n<div class=\"wp-block-column is-layout-flow wp-block-column-is-layout-flow\"><\/div>\n\n\n\n<div class=\"wp-block-column is-layout-flow wp-block-column-is-layout-flow\"><\/div>\n<\/div>\n\n<\/div>\n\n\n<p class=\"has-text-align-right\">Are you interested in good participation and open government?<br>Visit these websites and learn more:<br><a href=\"https:\/\/www.oecd.org\/governance\/innovative-citizen-participation\/\" target=\"_blank\" rel=\"noreferrer noopener\">OECD Innovative Citizen Participation<\/a><br><a href=\"https:\/\/allianz-vielfaeltige-demokratie.de\" target=\"_blank\" rel=\"noreferrer noopener\">Allianz Vielf\u00e4ltige Demokratie<\/a><br><a href=\"https:\/\/www.opengovpartnership.org\" target=\"_blank\" rel=\"noreferrer noopener\">Open Government Partnership<\/a><\/p>","protected":false},"excerpt":{"rendered":"<p>Partizipation und Open Government wirksam gestalten Partizipation und Open Government sind zentrale Hebel f\u00fcr wirksame Ver\u00e4nderung in Organisationen.In einer Zeit wachsender Komplexit\u00e4t und gestiegener Anforderungen an Transparenz, Rechenschaft und Mitgestaltung schaffen sie Vertrauen, f\u00f6rdern Verantwortungs\u00fcbernahme und erh\u00f6hen die Legitimit\u00e4t von Entscheidungen.Beteiligung entfaltet Wirkung, wenn sie gut vorbereitet, strategisch eingebettet und konsequent umgesetzt wird im Inneren &#8230; <a title=\"Partizipation &#038; Open Government\" class=\"read-more\" href=\"https:\/\/glab-consulting.at\/en\/partiziaption-und-open-government\/\" aria-label=\"Read more about Partizipation &#038; Open Government\">Read more<\/a><\/p>","protected":false},"author":1,"featured_media":0,"parent":0,"menu_order":0,"comment_status":"closed","ping_status":"closed","template":"","meta":{"_monsterinsights_skip_tracking":false,"_monsterinsights_sitenote_active":false,"_monsterinsights_sitenote_note":"","_monsterinsights_sitenote_category":0,"footnotes":""},"class_list":["post-215","page","type-page","status-publish"],"yoast_head":"<!-- This site is optimized with the Yoast SEO plugin v26.9 - https:\/\/yoast.com\/product\/yoast-seo-wordpress\/ -->\n<title>Partizipation &amp; Open Government - gLAB - Public Sector Partner<\/title>\n<meta name=\"description\" content=\"Wir unterst\u00fctzen Organisationen bei der Entwicklung, Umsetzung und Evaluierung partizipativer Prozess im digitalen und realen Raum!\" \/>\n<meta name=\"robots\" content=\"index, follow, max-snippet:-1, max-image-preview:large, max-video-preview:-1\" \/>\n<link rel=\"canonical\" href=\"https:\/\/glab-consulting.at\/en\/partiziaption-und-open-government\/\" \/>\n<meta property=\"og:locale\" content=\"en_GB\" \/>\n<meta property=\"og:type\" content=\"article\" \/>\n<meta property=\"og:title\" content=\"Partizipation &amp; Open Government - gLAB - Public Sector Partner\" \/>\n<meta property=\"og:description\" content=\"Wir unterst\u00fctzen Organisationen bei der Entwicklung, Umsetzung und Evaluierung partizipativer Prozess im digitalen und realen Raum!\" \/>\n<meta property=\"og:url\" content=\"https:\/\/glab-consulting.at\/en\/partiziaption-und-open-government\/\" \/>\n<meta property=\"og:site_name\" content=\"gLAB - Public Sector Partner\" \/>\n<meta property=\"article:modified_time\" content=\"2025-05-16T12:40:06+00:00\" \/>\n<meta property=\"og:image\" content=\"https:\/\/glab-consulting.at\/wp-content\/uploads\/2023\/06\/a.gruenwald_business_professionals_and_civil_servants_participa_f22040b9-8622-4e6d-9a9d-9a1a6aa0fc81-edited.png\" \/>\n\t<meta property=\"og:image:width\" content=\"1024\" \/>\n\t<meta property=\"og:image:height\" content=\"640\" \/>\n\t<meta property=\"og:image:type\" content=\"image\/png\" \/>\n<meta name=\"twitter:card\" content=\"summary_large_image\" \/>\n<meta name=\"twitter:label1\" content=\"Estimated reading time\" \/>\n\t<meta name=\"twitter:data1\" content=\"3 minutes\" \/>\n<script type=\"application\/ld+json\" class=\"yoast-schema-graph\">{\"@context\":\"https:\/\/schema.org\",\"@graph\":[{\"@type\":\"WebPage\",\"@id\":\"https:\/\/glab-consulting.at\/partiziaption-und-open-government\/\",\"url\":\"https:\/\/glab-consulting.at\/partiziaption-und-open-government\/\",\"name\":\"Partizipation & Open Government - gLAB - Public Sector Partner\",\"isPartOf\":{\"@id\":\"https:\/\/glab-consulting.at\/#website\"},\"primaryImageOfPage\":{\"@id\":\"https:\/\/glab-consulting.at\/partiziaption-und-open-government\/#primaryimage\"},\"image\":{\"@id\":\"https:\/\/glab-consulting.at\/partiziaption-und-open-government\/#primaryimage\"},\"thumbnailUrl\":\"https:\/\/glab-consulting.at\/wp-content\/uploads\/2023\/06\/a.gruenwald_business_professionals_and_civil_servants_participa_f22040b9-8622-4e6d-9a9d-9a1a6aa0fc81-edited.png\",\"datePublished\":\"2023-07-05T14:42:42+00:00\",\"dateModified\":\"2025-05-16T12:40:06+00:00\",\"description\":\"Wir unterst\u00fctzen Organisationen bei der Entwicklung, Umsetzung und Evaluierung partizipativer Prozess im digitalen und realen Raum!\",\"breadcrumb\":{\"@id\":\"https:\/\/glab-consulting.at\/partiziaption-und-open-government\/#breadcrumb\"},\"inLanguage\":\"en-GB\",\"potentialAction\":[{\"@type\":\"ReadAction\",\"target\":[\"https:\/\/glab-consulting.at\/partiziaption-und-open-government\/\"]}]},{\"@type\":\"ImageObject\",\"inLanguage\":\"en-GB\",\"@id\":\"https:\/\/glab-consulting.at\/partiziaption-und-open-government\/#primaryimage\",\"url\":\"https:\/\/glab-consulting.at\/wp-content\/uploads\/2023\/06\/a.gruenwald_business_professionals_and_civil_servants_participa_f22040b9-8622-4e6d-9a9d-9a1a6aa0fc81-edited.png\",\"contentUrl\":\"https:\/\/glab-consulting.at\/wp-content\/uploads\/2023\/06\/a.gruenwald_business_professionals_and_civil_servants_participa_f22040b9-8622-4e6d-9a9d-9a1a6aa0fc81-edited.png\"},{\"@type\":\"BreadcrumbList\",\"@id\":\"https:\/\/glab-consulting.at\/partiziaption-und-open-government\/#breadcrumb\",\"itemListElement\":[{\"@type\":\"ListItem\",\"position\":1,\"name\":\"Startseite\",\"item\":\"https:\/\/glab-consulting.at\/\"},{\"@type\":\"ListItem\",\"position\":2,\"name\":\"Partizipation &#038; Open Government\"}]},{\"@type\":\"WebSite\",\"@id\":\"https:\/\/glab-consulting.at\/#website\",\"url\":\"https:\/\/glab-consulting.at\/\",\"name\":\"gLAB - Public Sector Partner\",\"description\":\"\",\"potentialAction\":[{\"@type\":\"SearchAction\",\"target\":{\"@type\":\"EntryPoint\",\"urlTemplate\":\"https:\/\/glab-consulting.at\/?s={search_term_string}\"},\"query-input\":{\"@type\":\"PropertyValueSpecification\",\"valueRequired\":true,\"valueName\":\"search_term_string\"}}],\"inLanguage\":\"en-GB\"}]}<\/script>\n<!-- \/ Yoast SEO plugin. -->","yoast_head_json":{"title":"Partizipation & Open Government - gLAB - Public Sector Partner","description":"Wir unterst\u00fctzen Organisationen bei der Entwicklung, Umsetzung und Evaluierung partizipativer Prozess im digitalen und realen Raum!","robots":{"index":"index","follow":"follow","max-snippet":"max-snippet:-1","max-image-preview":"max-image-preview:large","max-video-preview":"max-video-preview:-1"},"canonical":"https:\/\/glab-consulting.at\/en\/partiziaption-und-open-government\/","og_locale":"en_GB","og_type":"article","og_title":"Partizipation & Open Government - gLAB - Public Sector Partner","og_description":"Wir unterst\u00fctzen Organisationen bei der Entwicklung, Umsetzung und Evaluierung partizipativer Prozess im digitalen und realen Raum!","og_url":"https:\/\/glab-consulting.at\/en\/partiziaption-und-open-government\/","og_site_name":"gLAB - Public Sector Partner","article_modified_time":"2025-05-16T12:40:06+00:00","og_image":[{"width":1024,"height":640,"url":"https:\/\/glab-consulting.at\/wp-content\/uploads\/2023\/06\/a.gruenwald_business_professionals_and_civil_servants_participa_f22040b9-8622-4e6d-9a9d-9a1a6aa0fc81-edited.png","type":"image\/png"}],"twitter_card":"summary_large_image","twitter_misc":{"Estimated reading time":"3 minutes"},"schema":{"@context":"https:\/\/schema.org","@graph":[{"@type":"WebPage","@id":"https:\/\/glab-consulting.at\/partiziaption-und-open-government\/","url":"https:\/\/glab-consulting.at\/partiziaption-und-open-government\/","name":"Partizipation & Open Government - gLAB - Public Sector Partner","isPartOf":{"@id":"https:\/\/glab-consulting.at\/#website"},"primaryImageOfPage":{"@id":"https:\/\/glab-consulting.at\/partiziaption-und-open-government\/#primaryimage"},"image":{"@id":"https:\/\/glab-consulting.at\/partiziaption-und-open-government\/#primaryimage"},"thumbnailUrl":"https:\/\/glab-consulting.at\/wp-content\/uploads\/2023\/06\/a.gruenwald_business_professionals_and_civil_servants_participa_f22040b9-8622-4e6d-9a9d-9a1a6aa0fc81-edited.png","datePublished":"2023-07-05T14:42:42+00:00","dateModified":"2025-05-16T12:40:06+00:00","description":"Wir unterst\u00fctzen Organisationen bei der Entwicklung, Umsetzung und Evaluierung partizipativer Prozess im digitalen und realen Raum!","breadcrumb":{"@id":"https:\/\/glab-consulting.at\/partiziaption-und-open-government\/#breadcrumb"},"inLanguage":"en-GB","potentialAction":[{"@type":"ReadAction","target":["https:\/\/glab-consulting.at\/partiziaption-und-open-government\/"]}]},{"@type":"ImageObject","inLanguage":"en-GB","@id":"https:\/\/glab-consulting.at\/partiziaption-und-open-government\/#primaryimage","url":"https:\/\/glab-consulting.at\/wp-content\/uploads\/2023\/06\/a.gruenwald_business_professionals_and_civil_servants_participa_f22040b9-8622-4e6d-9a9d-9a1a6aa0fc81-edited.png","contentUrl":"https:\/\/glab-consulting.at\/wp-content\/uploads\/2023\/06\/a.gruenwald_business_professionals_and_civil_servants_participa_f22040b9-8622-4e6d-9a9d-9a1a6aa0fc81-edited.png"},{"@type":"BreadcrumbList","@id":"https:\/\/glab-consulting.at\/partiziaption-und-open-government\/#breadcrumb","itemListElement":[{"@type":"ListItem","position":1,"name":"Startseite","item":"https:\/\/glab-consulting.at\/"},{"@type":"ListItem","position":2,"name":"Partizipation &#038; Open Government"}]},{"@type":"WebSite","@id":"https:\/\/glab-consulting.at\/#website","url":"https:\/\/glab-consulting.at\/","name":"gLAB - Public Sector Partner","description":"","potentialAction":[{"@type":"SearchAction","target":{"@type":"EntryPoint","urlTemplate":"https:\/\/glab-consulting.at\/?s={search_term_string}"},"query-input":{"@type":"PropertyValueSpecification","valueRequired":true,"valueName":"search_term_string"}}],"inLanguage":"en-GB"}]}},"_links":{"self":[{"href":"https:\/\/glab-consulting.at\/en\/wp-json\/wp\/v2\/pages\/215","targetHints":{"allow":["GET"]}}],"collection":[{"href":"https:\/\/glab-consulting.at\/en\/wp-json\/wp\/v2\/pages"}],"about":[{"href":"https:\/\/glab-consulting.at\/en\/wp-json\/wp\/v2\/types\/page"}],"author":[{"embeddable":true,"href":"https:\/\/glab-consulting.at\/en\/wp-json\/wp\/v2\/users\/1"}],"replies":[{"embeddable":true,"href":"https:\/\/glab-consulting.at\/en\/wp-json\/wp\/v2\/comments?post=215"}],"version-history":[{"count":52,"href":"https:\/\/glab-consulting.at\/en\/wp-json\/wp\/v2\/pages\/215\/revisions"}],"predecessor-version":[{"id":1540,"href":"https:\/\/glab-consulting.at\/en\/wp-json\/wp\/v2\/pages\/215\/revisions\/1540"}],"wp:attachment":[{"href":"https:\/\/glab-consulting.at\/en\/wp-json\/wp\/v2\/media?parent=215"}],"curies":[{"name":"wp","href":"https:\/\/api.w.org\/{rel}","templated":true}]}}