{"id":17,"date":"2023-06-01T13:33:24","date_gmt":"2023-06-01T11:33:24","guid":{"rendered":"https:\/\/glab-consulting.at\/?page_id=17"},"modified":"2023-07-25T16:42:29","modified_gmt":"2023-07-25T14:42:29","slug":"impressum","status":"publish","type":"page","link":"https:\/\/glab-consulting.at\/en\/impressum\/","title":{"rendered":"Impressum"},"content":{"rendered":"<h3 class=\"wp-block-heading\">Impressum<\/h3>\n\n\n\n<p>Informationspflicht gem\u00e4\u00df \u00a725 Mediengesetz und \u00a75 E-Commerce-Gesetz<\/p>\n\n\n\n<h4 class=\"wp-block-heading\">Medieninhaberin \u2013 f\u00fcr den Inhalt verantwortlich<\/h4>\n\n\n\n<p>Alexander Gruenwald<br>Schottenfeldgasse 89\/1\/8<br>A-1070 Vienna<br>a.gruenwald[at]glab-consulting.at<br>www.glab-consulting.at<\/p>\n\n\n\n<h4 class=\"wp-block-heading\">Unternehmensgegenstand<\/h4>\n\n\n\n<p>GLC e.U. ist eine Unternehmens- und Organisationsberatung und Anbieter f\u00fcr Weiterbildungen in den Bereichen Public Management, Performance Management, Partizipation und Innovation. Die Inhalte dieser Website dienen der Vorstellung des Unternehmens und der Information unserer Kund:innen.<\/p>\n\n\n\n<ul class=\"wp-block-list\">\n<li>Firmenbuchnummer: FN 606092 m<\/li>\n\n\n\n<li>Firmengericht: Handelsgericht Wien<\/li>\n\n\n\n<li>UID-Nr.: ATU79604723<\/li>\n\n\n\n<li>Inhaber: Mag. Alexander Gr\u00fcnwald, MPA<\/li>\n\n\n\n<li>Beh\u00f6rde gem. ECG: Magistratisches Bezirksamt f\u00fcr den 6. u. 7. Bezirk<\/li>\n\n\n\n<li>Kammer\/Berufsverband: Mitglied der WKO \u2013 Bundessparte Information und Consulting<\/li>\n\n\n\n<li>Anwendbare Rechtsvorschriften: Gewerbeordnung und Berufsrecht abrufbar unter ris.bka.gv.at<\/li>\n\n\n\n<li>Blattlinie bzw. grundlegende Richtung: F\u00f6rderung der Ziele des T\u00e4tigkeitsbereichs, Informationen zum Unternehmen, den Serviceleistungen und Produkten.<\/li>\n\n\n\n<li>Gestaltung\/Illustrationen &amp; Logo-Gestaltung: GLC e.U.<\/li>\n\n\n\n<li>Fotos (Copyright): GLC e.U.<\/li>\n\n\n\n<li>Programmierung: GLC e.U.<\/li>\n<\/ul>\n\n\n\n<h4 class=\"wp-block-heading\">Online-Streitbeilegungsplattform<\/h4>\n\n\n\n<p>Bitte&nbsp;richten Sie allf\u00e4llige Beschwerden an die oben angegebene E-Mail-Adresse. Die Europ\u00e4ische Kommission stellt unter http:\/\/ec.europa.eu\/odr eine Online-Streitbeilegungsplattform in Verbraucherangelegenheiten zur Verf\u00fcgung. GLC e.U. ist nicht verpflichtet, an Streitbeilegungsverfahren vor einer Verbraucherschlichtungsstelle teilzunehmen.<\/p>\n\n\n\n<h4 class=\"wp-block-heading\">Copyright<\/h4>\n\n\n\n<p>Alle Inhalte unserer Homepage sind urheberrechtlich gesch\u00fctzt. Wir gestatten ausdr\u00fccklich die Nutzung aller Daten f\u00fcr den privaten, nicht kommerziellen Gebrauch. Bei Vervielf\u00e4ltigung ist auf die Urheber- und Eigentumsrechte von GLC e.U. ausdr\u00fccklich hinzuweisen. Inhalte d\u00fcrfen in keiner Weise ver\u00e4ndert werden und ohne schriftliche Genehmigung nicht auf anderen Internetseiten oder vernetzten Rechnern genutzt werden. Jegliche Nutzung f\u00fcr \u00f6ffentliche oder kommerzielle Zwecke bedarf der Zustimmung der GLC e.U.. Ein Versto\u00df gegen diese Bedingungen verpflichtet zur sofortigen Vernichtung aller Inhalte. Die Geltendmachung weiterer Schadensersatzanspr\u00fcche bleibt vorbehalten.<\/p>\n\n\n\n<h4 class=\"wp-block-heading\">Datenschutz<\/h4>\n\n\n\n<p>Wir m\u00f6chten Sie dar\u00fcber informieren, dass Ihre Daten, unter Beachtung der geltenden nationalen und europ\u00e4ischen Datenschutzvorschriften, zur Bearbeitung Ihrer Anfragen verarbeitet und genutzt werden. Weitere Informationen entnehmen Sie bitte unserer Datenschutzerkl\u00e4rung.<\/p>\n\n\n\n<h4 class=\"wp-block-heading\">Internetdienste<\/h4>\n\n\n\n<p>Unsere Webseiten enthalten auch Querverweise (Links) zu Websites, die von Dritten bereitgestellt werden. GLC e.U. hat keinen Einfluss auf die Gestaltung und Inhalte externer Websites. F\u00fcr fremde Inhalte, die \u00fcber solche Querverweise (Links) erreichbar sind, \u00fcbernimmt GLC e.U. daher keine Verantwortung und Haftung.<\/p>\n\n\n\n<h4 class=\"wp-block-heading\">Cookies<\/h4>\n\n\n\n<p>Wir verwenden in unseren Webseiten Cookies &amp; ein Sessionmanagement, die die Benutzung unserer Onlineangebote erleichtern. Unsere Cookies enthalten keine personenspezifischen Informationen.<\/p>\n\n\n\n<h4 class=\"wp-block-heading\">Gew\u00e4hrleistung<\/h4>\n\n\n\n<p>Die Informationen auf unseren Internetseiten werden mit gr\u00f6\u00dfter Sorgfalt erstellt und gepr\u00fcft. GLC e.U. \u00fcbernimmt jedoch keine Haftung aus welchem Rechtsgrund auch immer f\u00fcr deren Richtigkeit, Aktualit\u00e4t, Vollst\u00e4ndigkeit oder Eignung f\u00fcr bestimmte Verwendungszwecke. Die Nutzung der auf den Internetseiten zur Verf\u00fcgung gestellten Inhalte erfolgt auf alleinige Gefahr der Nutzer:innen. GLC e.U. beh\u00e4lt sich das Recht vor, die Informationen, Produkte oder Services auf dieser Website ohne gesonderte Ank\u00fcndigung jederzeit zu ver\u00e4ndern.Google Disclaimer: Diese Website benutzt Google Analytics, einen Webanalysedienst der Google Inc. (\u201eGoogle\u201c). Google Analytics verwendet so genannte \u201eCookies\u201c, Textdateien, die auf Ihrem Computer gespeichert werden und die eine Analyse der Benutzung der Website durch Sie erm\u00f6glichen. Die durch den Cookie erzeugten Informationen \u00fcber Ihre Benutzung dieser Website (einschlie\u00dflich Ihrer IP-Adresse) wird an einen Server von Google in den USA \u00fcbertragen und dort gespeichert. Google wird diese Informationen benutzen, um Ihre Nutzung der Website auszuwerten, um Reports \u00fcber die Websiteaktivit\u00e4ten f\u00fcr die Websitebetreiber zusammenzustellen und um weitere mit der Websitenutzung und der Internetnutzung verbundene Dienstleistungen zu erbringen. Auch wird Google diese Informationen gegebenenfalls an Dritte \u00fcbertragen, sofern dies gesetzlich vorgeschrieben oder soweit Dritte diese Daten im Auftrag von Google verarbeiten. Google wird in keinem Fall Ihre IP-Adresse mit anderen Daten von Google in Verbindung bringen. Sie k\u00f6nnen die Installation der Cookies durch eine entsprechende Einstellung Ihrer Browser Software verhindern; wir weisen Sie jedoch darauf hin, dass Sie in diesem Fall gegebenenfalls nicht s\u00e4mtliche Funktionen dieser Website vollumf\u00e4nglich nutzen k\u00f6nnen. Durch die Nutzung dieser Website erkl\u00e4ren Sie sich mit der Bearbeitung der \u00fcber Sie erhobenen Daten durch Google in der zuvor beschriebenen Art und Weise und zu dem zuvor benannten Zweck einverstanden. Der Datenerhebung und -speicherung kann jederzeit mit Wirkung f\u00fcr die Zukunft widersprochen werden. Angesichts der Diskussion um den Einsatz von Analysetools mit vollst\u00e4ndigen IP-Adressen m\u00f6chten wir darauf hinweisen, dass diese Website Google Analytics mit der Erweiterung \u201e_anonymizeIp()\u201c verwendet und daher IP-Adressen nur gek\u00fcrzt weiterverarbeitet werden, um eine direkte Personenbeziehbarkeit auszuschlie\u00dfen.<\/p>","protected":false},"excerpt":{"rendered":"<p>Impressum Informationspflicht gem\u00e4\u00df \u00a725 Mediengesetz und \u00a75 E-Commerce-Gesetz Medieninhaberin \u2013 f\u00fcr den Inhalt verantwortlich Mag. Alexander Gr\u00fcnwald, MPASchottenfeldgasse 89\/1\/8A-1070 Wiena.gruenwald[at]glab-consulting.atwww.glab-consulting.at Unternehmensgegenstand GLC e.U. ist eine Unternehmens- und Organisationsberatung und Anbieter f\u00fcr Weiterbildungen in den Bereichen Public Management, Performance Management, Partizipation und Innovation. Die Inhalte dieser Website dienen der Vorstellung des Unternehmens und der Information unserer &#8230; <a title=\"Impressum\" class=\"read-more\" href=\"https:\/\/glab-consulting.at\/en\/impressum\/\" aria-label=\"Read more about Impressum\">Read more<\/a><\/p>","protected":false},"author":1,"featured_media":0,"parent":0,"menu_order":0,"comment_status":"closed","ping_status":"closed","template":"","meta":{"_monsterinsights_skip_tracking":false,"_monsterinsights_sitenote_active":false,"_monsterinsights_sitenote_note":"","_monsterinsights_sitenote_category":0,"footnotes":""},"class_list":["post-17","page","type-page","status-publish"],"yoast_head":"<!-- This site is optimized with the Yoast SEO plugin v26.9 - https:\/\/yoast.com\/product\/yoast-seo-wordpress\/ -->\n<title>gLAB - Public Sector Partner - Impressum<\/title>\n<meta name=\"description\" content=\"Impressum - Informationspflicht gem\u00e4\u00df \u00a725 Mediengesetz und \u00a75 E-Commerce-Gesetz\" \/>\n<meta name=\"robots\" content=\"index, follow, max-snippet:-1, max-image-preview:large, max-video-preview:-1\" \/>\n<link rel=\"canonical\" href=\"https:\/\/glab-consulting.at\/en\/impressum\/\" \/>\n<meta property=\"og:locale\" content=\"en_GB\" \/>\n<meta property=\"og:type\" content=\"article\" \/>\n<meta property=\"og:title\" content=\"gLAB - Public Sector Partner - Impressum\" \/>\n<meta property=\"og:description\" content=\"Impressum - Informationspflicht gem\u00e4\u00df \u00a725 Mediengesetz und \u00a75 E-Commerce-Gesetz\" \/>\n<meta property=\"og:url\" content=\"https:\/\/glab-consulting.at\/en\/impressum\/\" \/>\n<meta property=\"og:site_name\" content=\"gLAB - Public Sector Partner\" \/>\n<meta property=\"article:modified_time\" content=\"2023-07-25T14:42:29+00:00\" \/>\n<meta name=\"twitter:card\" content=\"summary_large_image\" \/>\n<meta name=\"twitter:label1\" content=\"Estimated reading time\" \/>\n\t<meta name=\"twitter:data1\" content=\"4 minutes\" \/>\n<script type=\"application\/ld+json\" class=\"yoast-schema-graph\">{\"@context\":\"https:\/\/schema.org\",\"@graph\":[{\"@type\":\"WebPage\",\"@id\":\"https:\/\/glab-consulting.at\/impressum\/\",\"url\":\"https:\/\/glab-consulting.at\/impressum\/\",\"name\":\"gLAB - Public Sector Partner - Impressum\",\"isPartOf\":{\"@id\":\"https:\/\/glab-consulting.at\/#website\"},\"datePublished\":\"2023-06-01T11:33:24+00:00\",\"dateModified\":\"2023-07-25T14:42:29+00:00\",\"description\":\"Impressum - Informationspflicht gem\u00e4\u00df \u00a725 Mediengesetz und \u00a75 E-Commerce-Gesetz\",\"breadcrumb\":{\"@id\":\"https:\/\/glab-consulting.at\/impressum\/#breadcrumb\"},\"inLanguage\":\"en-GB\",\"potentialAction\":[{\"@type\":\"ReadAction\",\"target\":[\"https:\/\/glab-consulting.at\/impressum\/\"]}]},{\"@type\":\"BreadcrumbList\",\"@id\":\"https:\/\/glab-consulting.at\/impressum\/#breadcrumb\",\"itemListElement\":[{\"@type\":\"ListItem\",\"position\":1,\"name\":\"Startseite\",\"item\":\"https:\/\/glab-consulting.at\/\"},{\"@type\":\"ListItem\",\"position\":2,\"name\":\"Impressum\"}]},{\"@type\":\"WebSite\",\"@id\":\"https:\/\/glab-consulting.at\/#website\",\"url\":\"https:\/\/glab-consulting.at\/\",\"name\":\"gLAB - Public Sector Partner\",\"description\":\"\",\"potentialAction\":[{\"@type\":\"SearchAction\",\"target\":{\"@type\":\"EntryPoint\",\"urlTemplate\":\"https:\/\/glab-consulting.at\/?s={search_term_string}\"},\"query-input\":{\"@type\":\"PropertyValueSpecification\",\"valueRequired\":true,\"valueName\":\"search_term_string\"}}],\"inLanguage\":\"en-GB\"}]}<\/script>\n<!-- \/ Yoast SEO plugin. -->","yoast_head_json":{"title":"gLAB - Public Sector Partner - Impressum","description":"Impressum - Informationspflicht gem\u00e4\u00df \u00a725 Mediengesetz und \u00a75 E-Commerce-Gesetz","robots":{"index":"index","follow":"follow","max-snippet":"max-snippet:-1","max-image-preview":"max-image-preview:large","max-video-preview":"max-video-preview:-1"},"canonical":"https:\/\/glab-consulting.at\/en\/impressum\/","og_locale":"en_GB","og_type":"article","og_title":"gLAB - Public Sector Partner - Impressum","og_description":"Impressum - Informationspflicht gem\u00e4\u00df \u00a725 Mediengesetz und \u00a75 E-Commerce-Gesetz","og_url":"https:\/\/glab-consulting.at\/en\/impressum\/","og_site_name":"gLAB - Public Sector Partner","article_modified_time":"2023-07-25T14:42:29+00:00","twitter_card":"summary_large_image","twitter_misc":{"Estimated reading time":"4 minutes"},"schema":{"@context":"https:\/\/schema.org","@graph":[{"@type":"WebPage","@id":"https:\/\/glab-consulting.at\/impressum\/","url":"https:\/\/glab-consulting.at\/impressum\/","name":"gLAB - Public Sector Partner - Impressum","isPartOf":{"@id":"https:\/\/glab-consulting.at\/#website"},"datePublished":"2023-06-01T11:33:24+00:00","dateModified":"2023-07-25T14:42:29+00:00","description":"Impressum - Informationspflicht gem\u00e4\u00df \u00a725 Mediengesetz und \u00a75 E-Commerce-Gesetz","breadcrumb":{"@id":"https:\/\/glab-consulting.at\/impressum\/#breadcrumb"},"inLanguage":"en-GB","potentialAction":[{"@type":"ReadAction","target":["https:\/\/glab-consulting.at\/impressum\/"]}]},{"@type":"BreadcrumbList","@id":"https:\/\/glab-consulting.at\/impressum\/#breadcrumb","itemListElement":[{"@type":"ListItem","position":1,"name":"Startseite","item":"https:\/\/glab-consulting.at\/"},{"@type":"ListItem","position":2,"name":"Impressum"}]},{"@type":"WebSite","@id":"https:\/\/glab-consulting.at\/#website","url":"https:\/\/glab-consulting.at\/","name":"gLAB - Public Sector Partner","description":"","potentialAction":[{"@type":"SearchAction","target":{"@type":"EntryPoint","urlTemplate":"https:\/\/glab-consulting.at\/?s={search_term_string}"},"query-input":{"@type":"PropertyValueSpecification","valueRequired":true,"valueName":"search_term_string"}}],"inLanguage":"en-GB"}]}},"_links":{"self":[{"href":"https:\/\/glab-consulting.at\/en\/wp-json\/wp\/v2\/pages\/17","targetHints":{"allow":["GET"]}}],"collection":[{"href":"https:\/\/glab-consulting.at\/en\/wp-json\/wp\/v2\/pages"}],"about":[{"href":"https:\/\/glab-consulting.at\/en\/wp-json\/wp\/v2\/types\/page"}],"author":[{"embeddable":true,"href":"https:\/\/glab-consulting.at\/en\/wp-json\/wp\/v2\/users\/1"}],"replies":[{"embeddable":true,"href":"https:\/\/glab-consulting.at\/en\/wp-json\/wp\/v2\/comments?post=17"}],"version-history":[{"count":14,"href":"https:\/\/glab-consulting.at\/en\/wp-json\/wp\/v2\/pages\/17\/revisions"}],"predecessor-version":[{"id":950,"href":"https:\/\/glab-consulting.at\/en\/wp-json\/wp\/v2\/pages\/17\/revisions\/950"}],"wp:attachment":[{"href":"https:\/\/glab-consulting.at\/en\/wp-json\/wp\/v2\/media?parent=17"}],"curies":[{"name":"wp","href":"https:\/\/api.w.org\/{rel}","templated":true}]}}