{"id":15,"date":"2023-06-01T13:32:35","date_gmt":"2023-06-01T11:32:35","guid":{"rendered":"https:\/\/glab-consulting.at\/?page_id=15"},"modified":"2025-05-13T15:26:45","modified_gmt":"2025-05-13T13:26:45","slug":"public-sector-partner","status":"publish","type":"page","link":"https:\/\/glab-consulting.at\/en\/","title":{"rendered":"Home"},"content":{"rendered":"<div class=\"gb-container gb-container-27a494ad\">\n\n<div class=\"wp-block-columns is-layout-flex wp-container-core-columns-is-layout-9d6595d7 wp-block-columns-is-layout-flex\">\n<div class=\"wp-block-column is-layout-flow wp-block-column-is-layout-flow\">\n<figure class=\"gb-block-image gb-block-image-c172c2f7\"><img loading=\"lazy\" decoding=\"async\" width=\"4688\" height=\"4688\" class=\"gb-image gb-image-c172c2f7\" src=\"https:\/\/glab-consulting.at\/wp-content\/uploads\/2024\/05\/33.png\" alt=\"gLAB Logo Grey_C\" title=\"gLAB Logo Grey_C\" srcset=\"https:\/\/glab-consulting.at\/wp-content\/uploads\/2024\/05\/33.png 4688w, https:\/\/glab-consulting.at\/wp-content\/uploads\/2024\/05\/33-300x300.png 300w, https:\/\/glab-consulting.at\/wp-content\/uploads\/2024\/05\/33-1024x1024.png 1024w, https:\/\/glab-consulting.at\/wp-content\/uploads\/2024\/05\/33-150x150.png 150w, https:\/\/glab-consulting.at\/wp-content\/uploads\/2024\/05\/33-768x768.png 768w, https:\/\/glab-consulting.at\/wp-content\/uploads\/2024\/05\/33-1536x1536.png 1536w, https:\/\/glab-consulting.at\/wp-content\/uploads\/2024\/05\/33-2048x2048.png 2048w, https:\/\/glab-consulting.at\/wp-content\/uploads\/2024\/05\/33-12x12.png 12w\" sizes=\"auto, (max-width: 4688px) 100vw, 4688px\" \/><\/figure>\n<\/div>\n\n\n\n<div class=\"wp-block-column is-layout-flow wp-block-column-is-layout-flow\"><div class=\"gb-container gb-container-e35081b1\">\n<div class=\"gb-container gb-container-cd207429\">\n\n<h2 class=\"wp-block-heading has-text-align-left\">Strengthening organizations. Shaping change. Unlocking impact.<\/h2>\n\n<\/div>\n<\/div>\n\n\n<h4 class=\"wp-block-heading has-text-align-left\">gLAB supports organizations in the public and social sector in steering and further developing their structures, processes, and collaboration.<br>As an independent advisor, I draw on over 15 years of experience in organizational development, strategic management, innovation, and participation \u2013 combining these into an integrated approach that is grounded in expertise, guided by practice, and tailored to real needs.<br>I support change processes through consulting, project management, capacity building, and evaluation \u2013 on a short- or long-term basis, strategic or operational. Depending on the context, I collaborate with a trusted network of national and international partners.<br>The goal: to make organizations more capable, better connected, and future-ready.<\/h4>\n\n\n\n<h4 class=\"wp-block-heading has-text-align-left\"><strong>Discover how an idea can become real and lasting change.<\/strong><\/h4>\n<\/div>\n<\/div>\n\n<\/div>\n\n\n<h2 class=\"wp-block-heading\"><\/h2>\n\n\n\n<div class=\"wp-block-columns is-layout-flex wp-container-core-columns-is-layout-9d6595d7 wp-block-columns-is-layout-flex\">\n<div class=\"wp-block-column is-layout-flow wp-block-column-is-layout-flow\"><div class=\"gb-container gb-container-4284fd10\">\n\n<figure class=\"wp-block-image size-large\"><a href=\"https:\/\/glab-consulting.at\/en\/impact\/\"><img loading=\"lazy\" decoding=\"async\" width=\"1024\" height=\"639\" src=\"https:\/\/glab-consulting.at\/wp-content\/uploads\/2023\/07\/Thumb-ICO_E.png\" alt=\"\" class=\"wp-image-1142\" srcset=\"https:\/\/glab-consulting.at\/wp-content\/uploads\/2023\/07\/Thumb-ICO_E.png 2291w, https:\/\/glab-consulting.at\/wp-content\/uploads\/2023\/07\/Thumb-ICO_E-300x187.png 300w, https:\/\/glab-consulting.at\/wp-content\/uploads\/2023\/07\/Thumb-ICO_E-1024x639.png 1024w, https:\/\/glab-consulting.at\/wp-content\/uploads\/2023\/07\/Thumb-ICO_E-768x479.png 768w, https:\/\/glab-consulting.at\/wp-content\/uploads\/2023\/07\/Thumb-ICO_E-1536x959.png 1536w, https:\/\/glab-consulting.at\/wp-content\/uploads\/2023\/07\/Thumb-ICO_E-2048x1278.png 2048w, https:\/\/glab-consulting.at\/wp-content\/uploads\/2023\/07\/Thumb-ICO_E-18x12.png 18w\" sizes=\"auto, (max-width: 1024px) 100vw, 1024px\" \/><\/a><\/figure>\n\n<\/div><\/div>\n\n\n\n<div class=\"wp-block-column is-layout-flow wp-block-column-is-layout-flow\"><div class=\"gb-container gb-container-1161fee1\">\n\n<figure class=\"wp-block-image size-large\"><a href=\"https:\/\/glab-consulting.at\/en\/innovation\/\"><img loading=\"lazy\" decoding=\"async\" width=\"1024\" height=\"639\" src=\"https:\/\/glab-consulting.at\/wp-content\/uploads\/2023\/07\/Thumb-IC_E.png\" alt=\"\" class=\"wp-image-384\" srcset=\"https:\/\/glab-consulting.at\/wp-content\/uploads\/2023\/07\/Thumb-IC_E.png 2291w, https:\/\/glab-consulting.at\/wp-content\/uploads\/2023\/07\/Thumb-IC_E-300x187.png 300w, https:\/\/glab-consulting.at\/wp-content\/uploads\/2023\/07\/Thumb-IC_E-1024x639.png 1024w, https:\/\/glab-consulting.at\/wp-content\/uploads\/2023\/07\/Thumb-IC_E-768x479.png 768w, https:\/\/glab-consulting.at\/wp-content\/uploads\/2023\/07\/Thumb-IC_E-1536x959.png 1536w, https:\/\/glab-consulting.at\/wp-content\/uploads\/2023\/07\/Thumb-IC_E-2048x1278.png 2048w, https:\/\/glab-consulting.at\/wp-content\/uploads\/2023\/07\/Thumb-IC_E-18x12.png 18w\" sizes=\"auto, (max-width: 1024px) 100vw, 1024px\" \/><\/a><\/figure>\n\n<\/div><\/div>\n<\/div>\n\n\n\n<div class=\"wp-block-columns is-layout-flex wp-container-core-columns-is-layout-9d6595d7 wp-block-columns-is-layout-flex\">\n<div class=\"wp-block-column is-layout-flow wp-block-column-is-layout-flow\">\n<div class=\"wp-block-columns is-layout-flex wp-container-core-columns-is-layout-9d6595d7 wp-block-columns-is-layout-flex\">\n<div class=\"wp-block-column is-layout-flow wp-block-column-is-layout-flow\"><div class=\"gb-container gb-container-9d6ddf0f\">\n\n<figure class=\"gb-block-image gb-block-image-0ba160ab\"><a href=\"https:\/\/glab-consulting.at\/en\/partiziaption-und-open-government\/\"><img loading=\"lazy\" decoding=\"async\" width=\"2291\" height=\"1430\" class=\"gb-image gb-image-0ba160ab\" src=\"https:\/\/glab-consulting.at\/wp-content\/uploads\/2023\/07\/Thumb-PO_E.png\" alt=\"\" title=\"Thumb-PO-1\" srcset=\"https:\/\/glab-consulting.at\/wp-content\/uploads\/2023\/07\/Thumb-PO_E.png 2291w, https:\/\/glab-consulting.at\/wp-content\/uploads\/2023\/07\/Thumb-PO_E-300x187.png 300w, https:\/\/glab-consulting.at\/wp-content\/uploads\/2023\/07\/Thumb-PO_E-1024x639.png 1024w, https:\/\/glab-consulting.at\/wp-content\/uploads\/2023\/07\/Thumb-PO_E-768x479.png 768w, https:\/\/glab-consulting.at\/wp-content\/uploads\/2023\/07\/Thumb-PO_E-1536x959.png 1536w, https:\/\/glab-consulting.at\/wp-content\/uploads\/2023\/07\/Thumb-PO_E-2048x1278.png 2048w, https:\/\/glab-consulting.at\/wp-content\/uploads\/2023\/07\/Thumb-PO_E-18x12.png 18w\" sizes=\"auto, (max-width: 2291px) 100vw, 2291px\" \/><\/a><\/figure>\n\n<\/div><\/div>\n\n\n\n<div class=\"wp-block-column is-layout-flow wp-block-column-is-layout-flow\"><div class=\"gb-container gb-container-b3aa0eb3\">\n\n<figure class=\"wp-block-image size-large\"><a href=\"https:\/\/glab-consulting.at\/en\/seminare\/\"><img loading=\"lazy\" decoding=\"async\" width=\"1024\" height=\"642\" src=\"https:\/\/glab-consulting.at\/wp-content\/uploads\/2023\/07\/Thumb-CS_E.png\" alt=\"\" class=\"wp-image-385\" srcset=\"https:\/\/glab-consulting.at\/wp-content\/uploads\/2023\/07\/Thumb-CS_E.png 2287w, https:\/\/glab-consulting.at\/wp-content\/uploads\/2023\/07\/Thumb-CS_E-300x188.png 300w, https:\/\/glab-consulting.at\/wp-content\/uploads\/2023\/07\/Thumb-CS_E-1024x642.png 1024w, https:\/\/glab-consulting.at\/wp-content\/uploads\/2023\/07\/Thumb-CS_E-768x482.png 768w, https:\/\/glab-consulting.at\/wp-content\/uploads\/2023\/07\/Thumb-CS_E-1536x963.png 1536w, https:\/\/glab-consulting.at\/wp-content\/uploads\/2023\/07\/Thumb-CS_E-2048x1284.png 2048w, https:\/\/glab-consulting.at\/wp-content\/uploads\/2023\/07\/Thumb-CS_E-18x12.png 18w\" sizes=\"auto, (max-width: 1024px) 100vw, 1024px\" \/><\/a><\/figure>\n\n<\/div><\/div>\n<\/div>\n<\/div>\n<\/div>","protected":false},"excerpt":{"rendered":"<p>Organisationen st\u00e4rken. Ver\u00e4nderung gestalten. Wirkung entfalten. gLAB unterst\u00fctzt Organisationen im \u00f6ffentlichen und gesellschaftlichen Sektor bei der Steuerung und Weiterentwicklung ihrer Strukturen, Prozesse und Zusammenarbeit.Als unabh\u00e4ngiger Berater greife ich auf \u00fcber 15 Jahre Erfahrung in Organisationsentwicklung, strategischer Steuerung, Innovation und Partizipation zur\u00fcck \u2013 und&nbsp;verbinde diese zu einem ganzheitlichen Ansatz, der fundiert, praxisnah und immer am konkreten &#8230; <a title=\"Home\" class=\"read-more\" href=\"https:\/\/glab-consulting.at\/en\/\" aria-label=\"Read more about Home\">Read more<\/a><\/p>","protected":false},"author":1,"featured_media":0,"parent":0,"menu_order":0,"comment_status":"closed","ping_status":"closed","template":"","meta":{"_monsterinsights_skip_tracking":false,"_monsterinsights_sitenote_active":false,"_monsterinsights_sitenote_note":"","_monsterinsights_sitenote_category":0,"footnotes":""},"class_list":["post-15","page","type-page","status-publish"],"yoast_head":"<!-- This site is optimized with the Yoast SEO plugin v26.9 - https:\/\/yoast.com\/product\/yoast-seo-wordpress\/ -->\n<title>gLAB - Public Sector Partner - Willkommen<\/title>\n<meta name=\"description\" content=\"gLAB-Consulting unterst\u00fctzt die \u00f6ffentliche Hand und ihre Partner in den Bereichen Strategie, Wirkungssteuerung, Partizipation und Innovation.\" \/>\n<meta name=\"robots\" content=\"index, follow, max-snippet:-1, max-image-preview:large, max-video-preview:-1\" \/>\n<link rel=\"canonical\" href=\"https:\/\/glab-consulting.at\/en\/\" \/>\n<meta property=\"og:locale\" content=\"en_GB\" \/>\n<meta property=\"og:type\" content=\"article\" \/>\n<meta property=\"og:title\" content=\"gLAB-Consulting - Public Sector Partner\" \/>\n<meta property=\"og:description\" content=\"gLAB-Consulting unterst\u00fctzt die \u00f6ffentliche Hand und ihre Partner in den Bereichen Strategie, Wirkungssteuerung, Partizipation und Innovation.\" \/>\n<meta property=\"og:url\" content=\"https:\/\/glab-consulting.at\/en\/\" \/>\n<meta property=\"og:site_name\" content=\"gLAB - Public Sector Partner\" \/>\n<meta property=\"article:modified_time\" content=\"2025-05-13T13:26:45+00:00\" \/>\n<meta name=\"twitter:card\" content=\"summary_large_image\" \/>\n<meta name=\"twitter:title\" content=\"gLAB-Consulting - Public Sector Partner\" \/>\n<meta name=\"twitter:label1\" content=\"Estimated reading time\" \/>\n\t<meta name=\"twitter:data1\" content=\"2 minutes\" \/>\n<script type=\"application\/ld+json\" class=\"yoast-schema-graph\">{\"@context\":\"https:\/\/schema.org\",\"@graph\":[{\"@type\":[\"WebPage\",\"ProfilePage\"],\"@id\":\"https:\/\/glab-consulting.at\/\",\"url\":\"https:\/\/glab-consulting.at\/\",\"name\":\"gLAB - Public Sector Partner - Willkommen\",\"isPartOf\":{\"@id\":\"https:\/\/glab-consulting.at\/#website\"},\"primaryImageOfPage\":{\"@id\":\"https:\/\/glab-consulting.at\/#primaryimage\"},\"image\":{\"@id\":\"https:\/\/glab-consulting.at\/#primaryimage\"},\"thumbnailUrl\":\"https:\/\/glab-consulting.at\/wp-content\/uploads\/2024\/05\/33.png\",\"datePublished\":\"2023-06-01T11:32:35+00:00\",\"dateModified\":\"2025-05-13T13:26:45+00:00\",\"description\":\"gLAB-Consulting unterst\u00fctzt die \u00f6ffentliche Hand und ihre Partner in den Bereichen Strategie, Wirkungssteuerung, Partizipation und Innovation.\",\"breadcrumb\":{\"@id\":\"https:\/\/glab-consulting.at\/#breadcrumb\"},\"inLanguage\":\"en-GB\",\"potentialAction\":[{\"@type\":\"ReadAction\",\"target\":[\"https:\/\/glab-consulting.at\/\"]}]},{\"@type\":\"ImageObject\",\"inLanguage\":\"en-GB\",\"@id\":\"https:\/\/glab-consulting.at\/#primaryimage\",\"url\":\"https:\/\/glab-consulting.at\/wp-content\/uploads\/2024\/05\/33.png\",\"contentUrl\":\"https:\/\/glab-consulting.at\/wp-content\/uploads\/2024\/05\/33.png\"},{\"@type\":\"BreadcrumbList\",\"@id\":\"https:\/\/glab-consulting.at\/#breadcrumb\",\"itemListElement\":[{\"@type\":\"ListItem\",\"position\":1,\"name\":\"Startseite\",\"item\":\"https:\/\/glab-consulting.at\/\"},{\"@type\":\"ListItem\",\"position\":2,\"name\":\"Home\"}]},{\"@type\":\"WebSite\",\"@id\":\"https:\/\/glab-consulting.at\/#website\",\"url\":\"https:\/\/glab-consulting.at\/\",\"name\":\"gLAB - Public Sector Partner\",\"description\":\"\",\"potentialAction\":[{\"@type\":\"SearchAction\",\"target\":{\"@type\":\"EntryPoint\",\"urlTemplate\":\"https:\/\/glab-consulting.at\/?s={search_term_string}\"},\"query-input\":{\"@type\":\"PropertyValueSpecification\",\"valueRequired\":true,\"valueName\":\"search_term_string\"}}],\"inLanguage\":\"en-GB\"}]}<\/script>\n<!-- \/ Yoast SEO plugin. -->","yoast_head_json":{"title":"gLAB - Public Sector Partner - Willkommen","description":"gLAB-Consulting unterst\u00fctzt die \u00f6ffentliche Hand und ihre Partner in den Bereichen Strategie, Wirkungssteuerung, Partizipation und Innovation.","robots":{"index":"index","follow":"follow","max-snippet":"max-snippet:-1","max-image-preview":"max-image-preview:large","max-video-preview":"max-video-preview:-1"},"canonical":"https:\/\/glab-consulting.at\/en\/","og_locale":"en_GB","og_type":"article","og_title":"gLAB-Consulting - Public Sector Partner","og_description":"gLAB-Consulting unterst\u00fctzt die \u00f6ffentliche Hand und ihre Partner in den Bereichen Strategie, Wirkungssteuerung, Partizipation und Innovation.","og_url":"https:\/\/glab-consulting.at\/en\/","og_site_name":"gLAB - Public Sector Partner","article_modified_time":"2025-05-13T13:26:45+00:00","twitter_card":"summary_large_image","twitter_title":"gLAB-Consulting - Public Sector Partner","twitter_misc":{"Estimated reading time":"2 minutes"},"schema":{"@context":"https:\/\/schema.org","@graph":[{"@type":["WebPage","ProfilePage"],"@id":"https:\/\/glab-consulting.at\/","url":"https:\/\/glab-consulting.at\/","name":"gLAB - Public Sector Partner - Willkommen","isPartOf":{"@id":"https:\/\/glab-consulting.at\/#website"},"primaryImageOfPage":{"@id":"https:\/\/glab-consulting.at\/#primaryimage"},"image":{"@id":"https:\/\/glab-consulting.at\/#primaryimage"},"thumbnailUrl":"https:\/\/glab-consulting.at\/wp-content\/uploads\/2024\/05\/33.png","datePublished":"2023-06-01T11:32:35+00:00","dateModified":"2025-05-13T13:26:45+00:00","description":"gLAB-Consulting unterst\u00fctzt die \u00f6ffentliche Hand und ihre Partner in den Bereichen Strategie, Wirkungssteuerung, Partizipation und Innovation.","breadcrumb":{"@id":"https:\/\/glab-consulting.at\/#breadcrumb"},"inLanguage":"en-GB","potentialAction":[{"@type":"ReadAction","target":["https:\/\/glab-consulting.at\/"]}]},{"@type":"ImageObject","inLanguage":"en-GB","@id":"https:\/\/glab-consulting.at\/#primaryimage","url":"https:\/\/glab-consulting.at\/wp-content\/uploads\/2024\/05\/33.png","contentUrl":"https:\/\/glab-consulting.at\/wp-content\/uploads\/2024\/05\/33.png"},{"@type":"BreadcrumbList","@id":"https:\/\/glab-consulting.at\/#breadcrumb","itemListElement":[{"@type":"ListItem","position":1,"name":"Startseite","item":"https:\/\/glab-consulting.at\/"},{"@type":"ListItem","position":2,"name":"Home"}]},{"@type":"WebSite","@id":"https:\/\/glab-consulting.at\/#website","url":"https:\/\/glab-consulting.at\/","name":"gLAB - Public Sector Partner","description":"","potentialAction":[{"@type":"SearchAction","target":{"@type":"EntryPoint","urlTemplate":"https:\/\/glab-consulting.at\/?s={search_term_string}"},"query-input":{"@type":"PropertyValueSpecification","valueRequired":true,"valueName":"search_term_string"}}],"inLanguage":"en-GB"}]}},"_links":{"self":[{"href":"https:\/\/glab-consulting.at\/en\/wp-json\/wp\/v2\/pages\/15","targetHints":{"allow":["GET"]}}],"collection":[{"href":"https:\/\/glab-consulting.at\/en\/wp-json\/wp\/v2\/pages"}],"about":[{"href":"https:\/\/glab-consulting.at\/en\/wp-json\/wp\/v2\/types\/page"}],"author":[{"embeddable":true,"href":"https:\/\/glab-consulting.at\/en\/wp-json\/wp\/v2\/users\/1"}],"replies":[{"embeddable":true,"href":"https:\/\/glab-consulting.at\/en\/wp-json\/wp\/v2\/comments?post=15"}],"version-history":[{"count":114,"href":"https:\/\/glab-consulting.at\/en\/wp-json\/wp\/v2\/pages\/15\/revisions"}],"predecessor-version":[{"id":1486,"href":"https:\/\/glab-consulting.at\/en\/wp-json\/wp\/v2\/pages\/15\/revisions\/1486"}],"wp:attachment":[{"href":"https:\/\/glab-consulting.at\/en\/wp-json\/wp\/v2\/media?parent=15"}],"curies":[{"name":"wp","href":"https:\/\/api.w.org\/{rel}","templated":true}]}}