{"id":120,"date":"2023-06-01T23:26:18","date_gmt":"2023-06-01T21:26:18","guid":{"rendered":"https:\/\/glab-consulting.at\/?page_id=120"},"modified":"2025-10-14T17:39:56","modified_gmt":"2025-10-14T15:39:56","slug":"kontakt","status":"publish","type":"page","link":"https:\/\/glab-consulting.at\/en\/kontakt\/","title":{"rendered":"Contact"},"content":{"rendered":"<div class=\"frm_forms  with_frm_style frm_style_formidable-style\" id=\"frm_form_1_container\" >\n<form enctype=\"multipart\/form-data\" method=\"post\" class=\"frm-show-form\" id=\"form_contact-form\" action=\"\" >\n<div class=\"frm_form_fields\">\n<fieldset>\n<legend class=\"frm_screen_reader\">Wir freuen uns auf Ihre Nachricht! We look forward to your message!<\/legend>\r\n\r\n<div class=\"frm_fields_container\">\n<input type=\"hidden\" name=\"frm_action\" value=\"create\" \/>\n<input type=\"hidden\" name=\"form_id\" value=\"1\" \/>\n<input type=\"hidden\" name=\"frm_hide_fields_1\" id=\"frm_hide_fields_1\" value=\"\" \/>\n<input type=\"hidden\" name=\"form_key\" value=\"contact-form\" \/>\n<input type=\"hidden\" name=\"item_meta[0]\" value=\"\" \/>\n<input type=\"hidden\" id=\"frm_submit_entry_1\" name=\"frm_submit_entry_1\" value=\"fd6fced867\" \/><input type=\"hidden\" name=\"_wp_http_referer\" value=\"\/en\/wp-json\/wp\/v2\/pages\/120\" \/><div id=\"frm_field_1_container\" class=\"frm_form_field form-field  frm_required_field frm_top_container frm6 frm_first\">\r\n    <label for=\"field_qh4icy\" id=\"field_qh4icy_label\" class=\"frm_primary_label\">Vorname\/First Name\r\n        <span class=\"frm_required\" aria-hidden=\"true\">*<\/span>\r\n    <\/label>\r\n    <input type=\"text\" id=\"field_qh4icy\" name=\"item_meta[1]\" value=\"\"  data-reqmsg=\"Dieses Feld darf nicht leer sein.\" aria-required=\"true\" data-invmsg=\"Name ist ung\u00fcltig\" aria-invalid=\"false\"  \/>\r\n    \r\n    \r\n<\/div>\n<div id=\"frm_field_9_container\" class=\"frm_form_field form-field  frm_required_field frm_top_container frm6\">\r\n    <label for=\"field_1cb26\" id=\"field_1cb26_label\" class=\"frm_primary_label\">Nachname\/Surname\r\n        <span class=\"frm_required\" aria-hidden=\"true\">*<\/span>\r\n    <\/label>\r\n    <input type=\"text\" id=\"field_1cb26\" name=\"item_meta[9]\" value=\"\"  data-reqmsg=\"Dieses Feld darf nicht leer sein.\" aria-required=\"true\" data-invmsg=\"Name ist ung\u00fcltig\" aria-invalid=\"false\"  \/>\r\n    \r\n    \r\n<\/div>\n<div id=\"frm_field_3_container\" class=\"frm_form_field form-field  frm_required_field frm_top_container frm_full\">\r\n    <label for=\"field_29yf4d\" id=\"field_29yf4d_label\" class=\"frm_primary_label\">E-Mail\r\n        <span class=\"frm_required\" aria-hidden=\"true\">*<\/span>\r\n    <\/label>\r\n    <input type=\"email\" id=\"field_29yf4d\" name=\"item_meta[3]\" value=\"\"  data-reqmsg=\"Dieses Feld darf nicht leer sein.\" aria-required=\"true\" data-invmsg=\"Please enter a valid email address\" aria-invalid=\"false\"  \/>\r\n    \r\n    \r\n<\/div>\n<div id=\"frm_field_4_container\" class=\"frm_form_field form-field  frm_required_field frm_top_container frm_full\">\r\n    <label for=\"field_e6lis6\" id=\"field_e6lis6_label\" class=\"frm_primary_label\">Betreff\/Subject\r\n        <span class=\"frm_required\" aria-hidden=\"true\">*<\/span>\r\n    <\/label>\r\n    <input type=\"text\" id=\"field_e6lis6\" name=\"item_meta[4]\" value=\"\"  data-reqmsg=\"Dieses Feld darf nicht leer sein.\" aria-required=\"true\" data-invmsg=\"Subject ist ung\u00fcltig\" aria-invalid=\"false\"  \/>\r\n    \r\n    \r\n<\/div>\n<div id=\"frm_field_5_container\" class=\"frm_form_field form-field  frm_required_field frm_top_container frm_full\">\r\n    <label for=\"field_9jv0r1\" id=\"field_9jv0r1_label\" class=\"frm_primary_label\">Nachricht\/Message\r\n        <span class=\"frm_required\" aria-hidden=\"true\">*<\/span>\r\n    <\/label>\r\n    <textarea name=\"item_meta[5]\" id=\"field_9jv0r1\" rows=\"5\"  data-reqmsg=\"Dieses Feld darf nicht leer sein.\" aria-required=\"true\" data-invmsg=\"Nachricht\/Message is invalid\" aria-invalid=\"false\"  ><\/textarea>\r\n    \r\n    \r\n<\/div>\n<div id=\"frm_field_6_container\" class=\"frm_form_field form-field  frm_none_container\">\r\n    <label for=\"g-recaptcha-response\" id=\"field_9ptzc_label\" class=\"frm_primary_label\">Captcha\r\n        <span class=\"frm_required\" aria-hidden=\"true\"><\/span>\r\n    <\/label>\r\n    <div  id=\"field_9ptzc\" class=\"frm-g-recaptcha\" data-sitekey=\"6LdBwVwmAAAAABPVFZD_OA8bqGFZHrmX9tdy0KRS\" data-size=\"invisible\" data-theme=\"light\"><\/div>\r\n    \r\n    \r\n<\/div>\n<div id=\"frm_field_11_container\" class=\"frm_form_field form-field\">\r\n\t<div class=\"frm_submit\">\r\n\r\n<button class=\"frm_button_submit\" type=\"submit\"  >Send<\/button>\r\n\r\n\r\n<\/div>\r\n<\/div>\n\t<input type=\"hidden\" name=\"item_key\" value=\"\" \/>\n\t\t\t<div id=\"frm_field_12_container\">\n\t\t\t<label for=\"field_xdoro\" >\n\t\t\t\tIf you are human, leave this field blank.\t\t\t<\/label>\n\t\t\t<input  id=\"field_xdoro\" type=\"text\" class=\"frm_form_field form-field frm_verify\" name=\"item_meta[12]\" value=\"\"  \/>\n\t\t<\/div>\n\t\t<input name=\"frm_state\" type=\"hidden\" value=\"PxbnvEQbxF7i\/nXzgJ90nX8dHm4J9WmmjoC0Yj9TKUo=\" \/><\/div>\n<\/fieldset>\n<\/div>\n\n<input type=\"hidden\" name=\"trp-form-language\" value=\"en\"\/><\/form>\n<\/div>\n\n\n\n<div class=\"wp-block-columns is-layout-flex wp-container-core-columns-is-layout-9d6595d7 wp-block-columns-is-layout-flex\">\n<div class=\"wp-block-column is-layout-flow wp-block-column-is-layout-flow\"><\/div>\n\n\n\n<div class=\"wp-block-column is-layout-flow wp-block-column-is-layout-flow\"><div class=\"gb-container gb-container-801ff08c\">\n\n<h3 class=\"wp-block-heading has-text-align-center\"><strong>GLC e.U.<br>gLAB &#8211; Public Sector Partner<\/strong><br>Alexander Gruenwald<br>Schottenfeldgasse 89\/1\/8<br>A-1070 Vienna<br>a.gruenwald@glab-consulting.at<br>+43 676 321 77 99<\/h3>\n\n<\/div><\/div>\n\n\n\n<div class=\"wp-block-column is-layout-flow wp-block-column-is-layout-flow\"><\/div>\n<\/div>\n\n\n\n<p><\/p>","protected":false},"excerpt":{"rendered":"<p>GLC e.U.gLAB &#8211; Public Sector PartnerMag. Alexander Gr\u00fcnwald, MPASchottenfeldgasse 89\/1\/8A-1070 Wiena.gruenwald@glab-consulting.at+43 676 321 77 99<\/p>","protected":false},"author":1,"featured_media":0,"parent":0,"menu_order":0,"comment_status":"closed","ping_status":"closed","template":"","meta":{"_monsterinsights_skip_tracking":false,"_monsterinsights_sitenote_active":false,"_monsterinsights_sitenote_note":"","_monsterinsights_sitenote_category":0,"footnotes":""},"class_list":["post-120","page","type-page","status-publish"],"yoast_head":"<!-- This site is optimized with the Yoast SEO plugin v26.9 - https:\/\/yoast.com\/product\/yoast-seo-wordpress\/ -->\n<title>gLAB - Public Sector Partner - Contact<\/title>\n<meta name=\"description\" content=\"Kommen Sie mit mir ins Gespr\u00e4ch. Wir freuen uns \u00fcber Ihre Nachrichten, Anregungen und Ideen. Wir melden uns in K\u00fcrze!\" \/>\n<meta name=\"robots\" content=\"index, follow, max-snippet:-1, max-image-preview:large, max-video-preview:-1\" \/>\n<link rel=\"canonical\" href=\"https:\/\/glab-consulting.at\/en\/kontakt\/\" \/>\n<meta property=\"og:locale\" content=\"en_GB\" \/>\n<meta property=\"og:type\" content=\"article\" \/>\n<meta property=\"og:title\" content=\"gLAB - Public Sector Partner - Contact\" \/>\n<meta property=\"og:description\" content=\"Kommen Sie mit mir ins Gespr\u00e4ch. Wir freuen uns \u00fcber Ihre Nachrichten, Anregungen und Ideen. Wir melden uns in K\u00fcrze!\" \/>\n<meta property=\"og:url\" content=\"https:\/\/glab-consulting.at\/en\/kontakt\/\" \/>\n<meta property=\"og:site_name\" content=\"gLAB - Public Sector Partner\" \/>\n<meta property=\"article:modified_time\" content=\"2025-10-14T15:39:56+00:00\" \/>\n<meta name=\"twitter:card\" content=\"summary_large_image\" \/>\n<meta name=\"twitter:label1\" content=\"Estimated reading time\" \/>\n\t<meta name=\"twitter:data1\" content=\"1 minute\" \/>\n<script type=\"application\/ld+json\" class=\"yoast-schema-graph\">{\"@context\":\"https:\/\/schema.org\",\"@graph\":[{\"@type\":\"WebPage\",\"@id\":\"https:\/\/glab-consulting.at\/kontakt\/\",\"url\":\"https:\/\/glab-consulting.at\/kontakt\/\",\"name\":\"gLAB - Public Sector Partner - Contact\",\"isPartOf\":{\"@id\":\"https:\/\/glab-consulting.at\/#website\"},\"datePublished\":\"2023-06-01T21:26:18+00:00\",\"dateModified\":\"2025-10-14T15:39:56+00:00\",\"description\":\"Kommen Sie mit mir ins Gespr\u00e4ch. Wir freuen uns \u00fcber Ihre Nachrichten, Anregungen und Ideen. Wir melden uns in K\u00fcrze!\",\"breadcrumb\":{\"@id\":\"https:\/\/glab-consulting.at\/kontakt\/#breadcrumb\"},\"inLanguage\":\"en-GB\",\"potentialAction\":[{\"@type\":\"ReadAction\",\"target\":[\"https:\/\/glab-consulting.at\/kontakt\/\"]}]},{\"@type\":\"BreadcrumbList\",\"@id\":\"https:\/\/glab-consulting.at\/kontakt\/#breadcrumb\",\"itemListElement\":[{\"@type\":\"ListItem\",\"position\":1,\"name\":\"Startseite\",\"item\":\"https:\/\/glab-consulting.at\/\"},{\"@type\":\"ListItem\",\"position\":2,\"name\":\"Contact\"}]},{\"@type\":\"WebSite\",\"@id\":\"https:\/\/glab-consulting.at\/#website\",\"url\":\"https:\/\/glab-consulting.at\/\",\"name\":\"gLAB - Public Sector Partner\",\"description\":\"\",\"potentialAction\":[{\"@type\":\"SearchAction\",\"target\":{\"@type\":\"EntryPoint\",\"urlTemplate\":\"https:\/\/glab-consulting.at\/?s={search_term_string}\"},\"query-input\":{\"@type\":\"PropertyValueSpecification\",\"valueRequired\":true,\"valueName\":\"search_term_string\"}}],\"inLanguage\":\"en-GB\"}]}<\/script>\n<!-- \/ Yoast SEO plugin. -->","yoast_head_json":{"title":"gLAB - Public Sector Partner - Contact","description":"Kommen Sie mit mir ins Gespr\u00e4ch. Wir freuen uns \u00fcber Ihre Nachrichten, Anregungen und Ideen. Wir melden uns in K\u00fcrze!","robots":{"index":"index","follow":"follow","max-snippet":"max-snippet:-1","max-image-preview":"max-image-preview:large","max-video-preview":"max-video-preview:-1"},"canonical":"https:\/\/glab-consulting.at\/en\/kontakt\/","og_locale":"en_GB","og_type":"article","og_title":"gLAB - Public Sector Partner - Contact","og_description":"Kommen Sie mit mir ins Gespr\u00e4ch. Wir freuen uns \u00fcber Ihre Nachrichten, Anregungen und Ideen. Wir melden uns in K\u00fcrze!","og_url":"https:\/\/glab-consulting.at\/en\/kontakt\/","og_site_name":"gLAB - Public Sector Partner","article_modified_time":"2025-10-14T15:39:56+00:00","twitter_card":"summary_large_image","twitter_misc":{"Estimated reading time":"1 minute"},"schema":{"@context":"https:\/\/schema.org","@graph":[{"@type":"WebPage","@id":"https:\/\/glab-consulting.at\/kontakt\/","url":"https:\/\/glab-consulting.at\/kontakt\/","name":"gLAB - Public Sector Partner - Contact","isPartOf":{"@id":"https:\/\/glab-consulting.at\/#website"},"datePublished":"2023-06-01T21:26:18+00:00","dateModified":"2025-10-14T15:39:56+00:00","description":"Kommen Sie mit mir ins Gespr\u00e4ch. Wir freuen uns \u00fcber Ihre Nachrichten, Anregungen und Ideen. Wir melden uns in K\u00fcrze!","breadcrumb":{"@id":"https:\/\/glab-consulting.at\/kontakt\/#breadcrumb"},"inLanguage":"en-GB","potentialAction":[{"@type":"ReadAction","target":["https:\/\/glab-consulting.at\/kontakt\/"]}]},{"@type":"BreadcrumbList","@id":"https:\/\/glab-consulting.at\/kontakt\/#breadcrumb","itemListElement":[{"@type":"ListItem","position":1,"name":"Startseite","item":"https:\/\/glab-consulting.at\/"},{"@type":"ListItem","position":2,"name":"Contact"}]},{"@type":"WebSite","@id":"https:\/\/glab-consulting.at\/#website","url":"https:\/\/glab-consulting.at\/","name":"gLAB - Public Sector Partner","description":"","potentialAction":[{"@type":"SearchAction","target":{"@type":"EntryPoint","urlTemplate":"https:\/\/glab-consulting.at\/?s={search_term_string}"},"query-input":{"@type":"PropertyValueSpecification","valueRequired":true,"valueName":"search_term_string"}}],"inLanguage":"en-GB"}]}},"_links":{"self":[{"href":"https:\/\/glab-consulting.at\/en\/wp-json\/wp\/v2\/pages\/120","targetHints":{"allow":["GET"]}}],"collection":[{"href":"https:\/\/glab-consulting.at\/en\/wp-json\/wp\/v2\/pages"}],"about":[{"href":"https:\/\/glab-consulting.at\/en\/wp-json\/wp\/v2\/types\/page"}],"author":[{"embeddable":true,"href":"https:\/\/glab-consulting.at\/en\/wp-json\/wp\/v2\/users\/1"}],"replies":[{"embeddable":true,"href":"https:\/\/glab-consulting.at\/en\/wp-json\/wp\/v2\/comments?post=120"}],"version-history":[{"count":21,"href":"https:\/\/glab-consulting.at\/en\/wp-json\/wp\/v2\/pages\/120\/revisions"}],"predecessor-version":[{"id":1590,"href":"https:\/\/glab-consulting.at\/en\/wp-json\/wp\/v2\/pages\/120\/revisions\/1590"}],"wp:attachment":[{"href":"https:\/\/glab-consulting.at\/en\/wp-json\/wp\/v2\/media?parent=120"}],"curies":[{"name":"wp","href":"https:\/\/api.w.org\/{rel}","templated":true}]}}