{"id":1004,"date":"2023-10-17T15:50:02","date_gmt":"2023-10-17T13:50:02","guid":{"rendered":"https:\/\/glab-consulting.at\/?page_id=1004"},"modified":"2023-10-17T16:53:09","modified_gmt":"2023-10-17T14:53:09","slug":"fasttrack-workshop-trust","status":"publish","type":"page","link":"https:\/\/glab-consulting.at\/en\/fasttrack-workshop-trust\/","title":{"rendered":"FastTrack-Workshop TRUST+"},"content":{"rendered":"<div class=\"wp-block-cover\"><span aria-hidden=\"true\" class=\"wp-block-cover__background has-background-dim\"><\/span><img loading=\"lazy\" decoding=\"async\" width=\"2560\" height=\"1601\" class=\"wp-block-cover__image-background wp-image-314\" alt=\"\" src=\"https:\/\/glab-consulting.at\/wp-content\/uploads\/2023\/06\/wes-lewis-zt6OxRORM2g-unsplash-edited-scaled.jpg\" data-object-fit=\"cover\" srcset=\"https:\/\/glab-consulting.at\/wp-content\/uploads\/2023\/06\/wes-lewis-zt6OxRORM2g-unsplash-edited-scaled.jpg 2560w, https:\/\/glab-consulting.at\/wp-content\/uploads\/2023\/06\/wes-lewis-zt6OxRORM2g-unsplash-edited-300x188.jpg 300w, https:\/\/glab-consulting.at\/wp-content\/uploads\/2023\/06\/wes-lewis-zt6OxRORM2g-unsplash-edited-1024x640.jpg 1024w, https:\/\/glab-consulting.at\/wp-content\/uploads\/2023\/06\/wes-lewis-zt6OxRORM2g-unsplash-edited-768x480.jpg 768w, https:\/\/glab-consulting.at\/wp-content\/uploads\/2023\/06\/wes-lewis-zt6OxRORM2g-unsplash-edited-1536x960.jpg 1536w, https:\/\/glab-consulting.at\/wp-content\/uploads\/2023\/06\/wes-lewis-zt6OxRORM2g-unsplash-edited-2048x1280.jpg 2048w\" sizes=\"auto, (max-width: 2560px) 100vw, 2560px\" \/><div class=\"wp-block-cover__inner-container is-layout-flow wp-block-cover-is-layout-flow\">\n<p class=\"has-text-align-center has-large-font-size\"><em><strong><mark style=\"background-color:var(--accent)\" class=\"has-inline-color has-base-2-color\">FastTrack-Workshop<\/mark><\/strong><br><\/em><strong><mark style=\"background-color:var(--accent)\" class=\"has-inline-color has-base-2-color\">TRUST+<\/mark><\/strong><\/p>\n<\/div><\/div>\n\n\n\n<p><\/p>\n\n\n\n<h1 class=\"wp-block-heading\"><strong>TRUST+<br><\/strong>Establishing good governance - shaping cooperation - strengthening trust<\/h1>\n\n\n\n<h2 class=\"wp-block-heading\">Goal<\/h2>\n\n\n\n<p>After participating in the <strong><em>FastTrack-Workshop<\/em><\/strong> <strong>TRUST+<\/strong> participants have a deep understanding of the importance of good governance, multi-stakeholder participation and open government. They recognise the central value of transparency, trust and open governance in the design of public institutions and processes. Participants are able to design effective and inclusive open government strategies and policies based on proven principles and quality assurance measures. With a comprehensive insight into the principles and practices of good governance, they are able to recognise and use the potentials of open data, transparent decision-making processes and citizen:centred approaches. With the knowledge they acquire, they are empowered to drive change towards a transparent, open and participatory organisation. Through the workshop, they acquire the skills and knowledge to strengthen governance structures, foster collaboration between different stakeholders and support a future-oriented, open approach to administration.<\/p>\n\n\n\n<div class=\"wp-block-columns is-layout-flex wp-container-core-columns-is-layout-9d6595d7 wp-block-columns-is-layout-flex\">\n<div class=\"wp-block-column is-layout-flow wp-block-column-is-layout-flow\">\n<h2 class=\"wp-block-heading\">Focus<\/h2>\n\n\n\n<ol class=\"wp-block-list\">\n<li>Introduction to foundations and principles of good governance<\/li>\n\n\n\n<li>Transparency as a cornerstone of good governance, trust and anti-corruption<\/li>\n\n\n\n<li>Implementing good governance: success factors and challenges<\/li>\n\n\n\n<li>Design and implementation of effective transparency mechanisms<\/li>\n\n\n\n<li>Measuring good governance: key indicators and benchmarks<\/li>\n\n\n\n<li>Function logics of democratic participation<\/li>\n\n\n\n<li>Quality principles, design and implementation of participation processes<\/li>\n\n\n\n<li>Success factors and challenges in implementing participation processes<\/li>\n\n\n\n<li>Basics of Open Government and Open Data<\/li>\n\n\n\n<li>Strategy development and practical implementation of measures in the areas of Open Government and Open Data<\/li>\n<\/ol>\n\n\n\n<h2 class=\"wp-block-heading\">Target Audience<\/h2>\n\n\n\n<p>Managers and officers in public institutions who would like to deepen their knowledge in the areas of good governance, transparency and open government, or who are involved in the conception, implementation and evaluation of measures and strategies in these areas or would like to be involved in the future. In addition, people who work at the interfaces of public administration and would like to strengthen the cooperation between the public sector and private institutions.<\/p>\n<\/div>\n\n\n\n<div class=\"wp-block-column is-layout-flow wp-block-column-is-layout-flow\">\n<h2 class=\"wp-block-heading\">Format<\/h2>\n\n\n\n<p>Interactive workshop at your organisation site or in our workshop room for 2-30 people. Also available hybrid and online.<\/p>\n\n\n\n<h2 class=\"wp-block-heading\">Duration<\/h2>\n\n\n\n<p>6 sessions of 90 minutes each in 2 or 3 days.<\/p>\n\n\n\n<h2 class=\"wp-block-heading\">Design<\/h2>\n\n\n\n<p>In order to achieve the best learning outcome and maximise the practical benefit for the participants, different learning formats are used. It is of course possible to adapt the content and methods to the individual requirements of your organisation and your employees.<\/p>\n<\/div>\n<\/div>\n\n\n\n<h2 class=\"wp-block-heading\"><a href=\"https:\/\/glab-consulting.at\/en\/kontakt\/\" target=\"_blank\" rel=\"noreferrer noopener\"><strong>Book your&nbsp;<em>FastTrack-Workshop<\/em> TRUST+<\/strong><\/a><\/h2>\n\n\n\n<h4 class=\"wp-block-heading\"><strong>Find out about other current <em>FastTrack-Workshops<\/em>:<\/strong><\/h4>\n\n\n\n<div class=\"wp-block-columns are-vertically-aligned-center is-layout-flex wp-container-core-columns-is-layout-9d6595d7 wp-block-columns-is-layout-flex\">\n<div class=\"wp-block-column is-vertically-aligned-center is-layout-flow wp-block-column-is-layout-flow\">\n<figure class=\"wp-block-image size-large\"><a href=\"https:\/\/glab-consulting.at\/en\/fasttrack-workshop-ignite\/\"><img loading=\"lazy\" decoding=\"async\" width=\"1024\" height=\"620\" src=\"https:\/\/glab-consulting.at\/wp-content\/uploads\/2023\/07\/WS-Ignite_EN_Thumb-1.png\" alt=\"\" class=\"wp-image-914\" srcset=\"https:\/\/glab-consulting.at\/wp-content\/uploads\/2023\/07\/WS-Ignite_EN_Thumb-1.png 4088w, https:\/\/glab-consulting.at\/wp-content\/uploads\/2023\/07\/WS-Ignite_EN_Thumb-1-300x182.png 300w, https:\/\/glab-consulting.at\/wp-content\/uploads\/2023\/07\/WS-Ignite_EN_Thumb-1-1024x620.png 1024w, https:\/\/glab-consulting.at\/wp-content\/uploads\/2023\/07\/WS-Ignite_EN_Thumb-1-768x465.png 768w, https:\/\/glab-consulting.at\/wp-content\/uploads\/2023\/07\/WS-Ignite_EN_Thumb-1-1536x930.png 1536w, https:\/\/glab-consulting.at\/wp-content\/uploads\/2023\/07\/WS-Ignite_EN_Thumb-1-2048x1240.png 2048w, https:\/\/glab-consulting.at\/wp-content\/uploads\/2023\/07\/WS-Ignite_EN_Thumb-1-18x12.png 18w\" sizes=\"auto, (max-width: 1024px) 100vw, 1024px\" \/><\/a><\/figure>\n<\/div>\n\n\n\n<div class=\"wp-block-column is-layout-flow wp-block-column-is-layout-flow\">\n<figure class=\"wp-block-image size-large\"><a href=\"https:\/\/glab-consulting.at\/en\/fasttrack-workshop-engage\/\"><img loading=\"lazy\" decoding=\"async\" width=\"1024\" height=\"620\" src=\"https:\/\/glab-consulting.at\/wp-content\/uploads\/2023\/07\/WS-Engage_EN_Thumb-1.png\" alt=\"Klicken Sie hier um mehr \u00fcber den FastTrack-Workshop ENGAGE+ zu erfahren!\" class=\"wp-image-915\" srcset=\"https:\/\/glab-consulting.at\/wp-content\/uploads\/2023\/07\/WS-Engage_EN_Thumb-1.png 4088w, https:\/\/glab-consulting.at\/wp-content\/uploads\/2023\/07\/WS-Engage_EN_Thumb-1-300x182.png 300w, https:\/\/glab-consulting.at\/wp-content\/uploads\/2023\/07\/WS-Engage_EN_Thumb-1-1024x620.png 1024w, https:\/\/glab-consulting.at\/wp-content\/uploads\/2023\/07\/WS-Engage_EN_Thumb-1-768x465.png 768w, https:\/\/glab-consulting.at\/wp-content\/uploads\/2023\/07\/WS-Engage_EN_Thumb-1-1536x930.png 1536w, https:\/\/glab-consulting.at\/wp-content\/uploads\/2023\/07\/WS-Engage_EN_Thumb-1-2048x1240.png 2048w, https:\/\/glab-consulting.at\/wp-content\/uploads\/2023\/07\/WS-Engage_EN_Thumb-1-18x12.png 18w\" sizes=\"auto, (max-width: 1024px) 100vw, 1024px\" \/><\/a><\/figure>\n<\/div>\n\n\n\n<div class=\"wp-block-column is-vertically-aligned-center is-layout-flow wp-block-column-is-layout-flow\">\n<figure class=\"wp-block-image size-large\"><a href=\"https:\/\/glab-consulting.at\/en\/fasttrack-workshop-impact\/\"><img loading=\"lazy\" decoding=\"async\" width=\"1024\" height=\"620\" src=\"https:\/\/glab-consulting.at\/wp-content\/uploads\/2023\/07\/WS-Impact_EN_Thumb-1.png\" alt=\"\" class=\"wp-image-828\" srcset=\"https:\/\/glab-consulting.at\/wp-content\/uploads\/2023\/07\/WS-Impact_EN_Thumb-1.png 4088w, https:\/\/glab-consulting.at\/wp-content\/uploads\/2023\/07\/WS-Impact_EN_Thumb-1-300x182.png 300w, https:\/\/glab-consulting.at\/wp-content\/uploads\/2023\/07\/WS-Impact_EN_Thumb-1-1024x620.png 1024w, https:\/\/glab-consulting.at\/wp-content\/uploads\/2023\/07\/WS-Impact_EN_Thumb-1-768x465.png 768w, https:\/\/glab-consulting.at\/wp-content\/uploads\/2023\/07\/WS-Impact_EN_Thumb-1-1536x930.png 1536w, https:\/\/glab-consulting.at\/wp-content\/uploads\/2023\/07\/WS-Impact_EN_Thumb-1-2048x1240.png 2048w, https:\/\/glab-consulting.at\/wp-content\/uploads\/2023\/07\/WS-Impact_EN_Thumb-1-18x12.png 18w\" sizes=\"auto, (max-width: 1024px) 100vw, 1024px\" \/><\/a><\/figure>\n<\/div>\n<\/div>","protected":false},"excerpt":{"rendered":"<p>TRUST+Gute Regierungsf\u00fchrung etablieren &#8211; Zusammenarbeit gestalten &#8211; Vertrauen st\u00e4rken Ziel Nach der Teilnahme am FastTrack-Workshop TRUST+ verf\u00fcgen die Teilnehmenden \u00fcber ein tiefgreifendes Verst\u00e4ndnis f\u00fcr die Bedeutung von guter Regierungs- und Verwaltungsf\u00fchrung, Multi-Stakeholder-Partizipation und Open Government. Sie erkennen den zentralen Wert von Transparenz, Vertrauen und offener Regierungsf\u00fchrung in der Gestaltung \u00f6ffentlicher Institutionen und Prozesse. Die Teilnehmenden &#8230; <a title=\"FastTrack-Workshop TRUST+\" class=\"read-more\" href=\"https:\/\/glab-consulting.at\/en\/fasttrack-workshop-trust\/\" aria-label=\"Read more about FastTrack-Workshop TRUST+\">Read more<\/a><\/p>","protected":false},"author":1,"featured_media":0,"parent":0,"menu_order":0,"comment_status":"closed","ping_status":"closed","template":"","meta":{"_monsterinsights_skip_tracking":false,"_monsterinsights_sitenote_active":false,"_monsterinsights_sitenote_note":"","_monsterinsights_sitenote_category":0,"footnotes":""},"class_list":["post-1004","page","type-page","status-publish"],"yoast_head":"<!-- This site is optimized with the Yoast SEO plugin v26.9 - https:\/\/yoast.com\/product\/yoast-seo-wordpress\/ -->\n<title>FastTrack-Workshop TRUST+ - gLAB - Public Sector Partner<\/title>\n<meta name=\"description\" content=\"Der FastTrack-Workshop TRUST+ vermittelt den Teilnehmenden grundlegende Kenntnisse zur Gestaltung von Strategien und Ma\u00dfnahmen guter Regierungs- und Verwaltungsf\u00fchrung.\" \/>\n<meta name=\"robots\" content=\"index, follow, max-snippet:-1, max-image-preview:large, max-video-preview:-1\" \/>\n<link rel=\"canonical\" href=\"https:\/\/glab-consulting.at\/en\/fasttrack-workshop-trust\/\" \/>\n<meta property=\"og:locale\" content=\"en_GB\" \/>\n<meta property=\"og:type\" content=\"article\" \/>\n<meta property=\"og:title\" content=\"FastTrack-Workshop TRUST+ - gLAB - Public Sector Partner\" \/>\n<meta property=\"og:description\" content=\"Der FastTrack-Workshop TRUST+ vermittelt den Teilnehmenden grundlegende Kenntnisse zur Gestaltung von Strategien und Ma\u00dfnahmen guter Regierungs- und Verwaltungsf\u00fchrung.\" \/>\n<meta property=\"og:url\" content=\"https:\/\/glab-consulting.at\/en\/fasttrack-workshop-trust\/\" \/>\n<meta property=\"og:site_name\" content=\"gLAB - Public Sector Partner\" \/>\n<meta property=\"article:modified_time\" content=\"2023-10-17T14:53:09+00:00\" \/>\n<meta property=\"og:image\" content=\"https:\/\/glab-consulting.at\/wp-content\/uploads\/2023\/06\/wes-lewis-zt6OxRORM2g-unsplash-edited-scaled.jpg\" \/>\n<meta name=\"twitter:card\" content=\"summary_large_image\" \/>\n<meta name=\"twitter:label1\" content=\"Estimated reading time\" \/>\n\t<meta name=\"twitter:data1\" content=\"3 minutes\" \/>\n<script type=\"application\/ld+json\" class=\"yoast-schema-graph\">{\"@context\":\"https:\/\/schema.org\",\"@graph\":[{\"@type\":\"WebPage\",\"@id\":\"https:\/\/glab-consulting.at\/fasttrack-workshop-trust\/\",\"url\":\"https:\/\/glab-consulting.at\/fasttrack-workshop-trust\/\",\"name\":\"FastTrack-Workshop TRUST+ - gLAB - Public Sector Partner\",\"isPartOf\":{\"@id\":\"https:\/\/glab-consulting.at\/#website\"},\"primaryImageOfPage\":{\"@id\":\"https:\/\/glab-consulting.at\/fasttrack-workshop-trust\/#primaryimage\"},\"image\":{\"@id\":\"https:\/\/glab-consulting.at\/fasttrack-workshop-trust\/#primaryimage\"},\"thumbnailUrl\":\"https:\/\/glab-consulting.at\/wp-content\/uploads\/2023\/06\/wes-lewis-zt6OxRORM2g-unsplash-edited-scaled.jpg\",\"datePublished\":\"2023-10-17T13:50:02+00:00\",\"dateModified\":\"2023-10-17T14:53:09+00:00\",\"description\":\"Der FastTrack-Workshop TRUST+ vermittelt den Teilnehmenden grundlegende Kenntnisse zur Gestaltung von Strategien und Ma\u00dfnahmen guter Regierungs- und Verwaltungsf\u00fchrung.\",\"breadcrumb\":{\"@id\":\"https:\/\/glab-consulting.at\/fasttrack-workshop-trust\/#breadcrumb\"},\"inLanguage\":\"en-GB\",\"potentialAction\":[{\"@type\":\"ReadAction\",\"target\":[\"https:\/\/glab-consulting.at\/fasttrack-workshop-trust\/\"]}]},{\"@type\":\"ImageObject\",\"inLanguage\":\"en-GB\",\"@id\":\"https:\/\/glab-consulting.at\/fasttrack-workshop-trust\/#primaryimage\",\"url\":\"https:\/\/glab-consulting.at\/wp-content\/uploads\/2023\/06\/wes-lewis-zt6OxRORM2g-unsplash-edited-scaled.jpg\",\"contentUrl\":\"https:\/\/glab-consulting.at\/wp-content\/uploads\/2023\/06\/wes-lewis-zt6OxRORM2g-unsplash-edited-scaled.jpg\"},{\"@type\":\"BreadcrumbList\",\"@id\":\"https:\/\/glab-consulting.at\/fasttrack-workshop-trust\/#breadcrumb\",\"itemListElement\":[{\"@type\":\"ListItem\",\"position\":1,\"name\":\"Startseite\",\"item\":\"https:\/\/glab-consulting.at\/\"},{\"@type\":\"ListItem\",\"position\":2,\"name\":\"FastTrack-Workshop TRUST+\"}]},{\"@type\":\"WebSite\",\"@id\":\"https:\/\/glab-consulting.at\/#website\",\"url\":\"https:\/\/glab-consulting.at\/\",\"name\":\"gLAB - Public Sector Partner\",\"description\":\"\",\"potentialAction\":[{\"@type\":\"SearchAction\",\"target\":{\"@type\":\"EntryPoint\",\"urlTemplate\":\"https:\/\/glab-consulting.at\/?s={search_term_string}\"},\"query-input\":{\"@type\":\"PropertyValueSpecification\",\"valueRequired\":true,\"valueName\":\"search_term_string\"}}],\"inLanguage\":\"en-GB\"}]}<\/script>\n<!-- \/ Yoast SEO plugin. -->","yoast_head_json":{"title":"FastTrack-Workshop TRUST+ - gLAB - Public Sector Partner","description":"Der FastTrack-Workshop TRUST+ vermittelt den Teilnehmenden grundlegende Kenntnisse zur Gestaltung von Strategien und Ma\u00dfnahmen guter Regierungs- und Verwaltungsf\u00fchrung.","robots":{"index":"index","follow":"follow","max-snippet":"max-snippet:-1","max-image-preview":"max-image-preview:large","max-video-preview":"max-video-preview:-1"},"canonical":"https:\/\/glab-consulting.at\/en\/fasttrack-workshop-trust\/","og_locale":"en_GB","og_type":"article","og_title":"FastTrack-Workshop TRUST+ - gLAB - Public Sector Partner","og_description":"Der FastTrack-Workshop TRUST+ vermittelt den Teilnehmenden grundlegende Kenntnisse zur Gestaltung von Strategien und Ma\u00dfnahmen guter Regierungs- und Verwaltungsf\u00fchrung.","og_url":"https:\/\/glab-consulting.at\/en\/fasttrack-workshop-trust\/","og_site_name":"gLAB - Public Sector Partner","article_modified_time":"2023-10-17T14:53:09+00:00","og_image":[{"url":"https:\/\/glab-consulting.at\/wp-content\/uploads\/2023\/06\/wes-lewis-zt6OxRORM2g-unsplash-edited-scaled.jpg","type":"","width":"","height":""}],"twitter_card":"summary_large_image","twitter_misc":{"Estimated reading time":"3 minutes"},"schema":{"@context":"https:\/\/schema.org","@graph":[{"@type":"WebPage","@id":"https:\/\/glab-consulting.at\/fasttrack-workshop-trust\/","url":"https:\/\/glab-consulting.at\/fasttrack-workshop-trust\/","name":"FastTrack-Workshop TRUST+ - gLAB - Public Sector Partner","isPartOf":{"@id":"https:\/\/glab-consulting.at\/#website"},"primaryImageOfPage":{"@id":"https:\/\/glab-consulting.at\/fasttrack-workshop-trust\/#primaryimage"},"image":{"@id":"https:\/\/glab-consulting.at\/fasttrack-workshop-trust\/#primaryimage"},"thumbnailUrl":"https:\/\/glab-consulting.at\/wp-content\/uploads\/2023\/06\/wes-lewis-zt6OxRORM2g-unsplash-edited-scaled.jpg","datePublished":"2023-10-17T13:50:02+00:00","dateModified":"2023-10-17T14:53:09+00:00","description":"Der FastTrack-Workshop TRUST+ vermittelt den Teilnehmenden grundlegende Kenntnisse zur Gestaltung von Strategien und Ma\u00dfnahmen guter Regierungs- und Verwaltungsf\u00fchrung.","breadcrumb":{"@id":"https:\/\/glab-consulting.at\/fasttrack-workshop-trust\/#breadcrumb"},"inLanguage":"en-GB","potentialAction":[{"@type":"ReadAction","target":["https:\/\/glab-consulting.at\/fasttrack-workshop-trust\/"]}]},{"@type":"ImageObject","inLanguage":"en-GB","@id":"https:\/\/glab-consulting.at\/fasttrack-workshop-trust\/#primaryimage","url":"https:\/\/glab-consulting.at\/wp-content\/uploads\/2023\/06\/wes-lewis-zt6OxRORM2g-unsplash-edited-scaled.jpg","contentUrl":"https:\/\/glab-consulting.at\/wp-content\/uploads\/2023\/06\/wes-lewis-zt6OxRORM2g-unsplash-edited-scaled.jpg"},{"@type":"BreadcrumbList","@id":"https:\/\/glab-consulting.at\/fasttrack-workshop-trust\/#breadcrumb","itemListElement":[{"@type":"ListItem","position":1,"name":"Startseite","item":"https:\/\/glab-consulting.at\/"},{"@type":"ListItem","position":2,"name":"FastTrack-Workshop TRUST+"}]},{"@type":"WebSite","@id":"https:\/\/glab-consulting.at\/#website","url":"https:\/\/glab-consulting.at\/","name":"gLAB - Public Sector Partner","description":"","potentialAction":[{"@type":"SearchAction","target":{"@type":"EntryPoint","urlTemplate":"https:\/\/glab-consulting.at\/?s={search_term_string}"},"query-input":{"@type":"PropertyValueSpecification","valueRequired":true,"valueName":"search_term_string"}}],"inLanguage":"en-GB"}]}},"_links":{"self":[{"href":"https:\/\/glab-consulting.at\/en\/wp-json\/wp\/v2\/pages\/1004","targetHints":{"allow":["GET"]}}],"collection":[{"href":"https:\/\/glab-consulting.at\/en\/wp-json\/wp\/v2\/pages"}],"about":[{"href":"https:\/\/glab-consulting.at\/en\/wp-json\/wp\/v2\/types\/page"}],"author":[{"embeddable":true,"href":"https:\/\/glab-consulting.at\/en\/wp-json\/wp\/v2\/users\/1"}],"replies":[{"embeddable":true,"href":"https:\/\/glab-consulting.at\/en\/wp-json\/wp\/v2\/comments?post=1004"}],"version-history":[{"count":5,"href":"https:\/\/glab-consulting.at\/en\/wp-json\/wp\/v2\/pages\/1004\/revisions"}],"predecessor-version":[{"id":1024,"href":"https:\/\/glab-consulting.at\/en\/wp-json\/wp\/v2\/pages\/1004\/revisions\/1024"}],"wp:attachment":[{"href":"https:\/\/glab-consulting.at\/en\/wp-json\/wp\/v2\/media?parent=1004"}],"curies":[{"name":"wp","href":"https:\/\/api.w.org\/{rel}","templated":true}]}}